{"id":420755,"date":"2025-08-25T10:58:22","date_gmt":"2025-08-25T10:58:22","guid":{"rendered":"https:\/\/staging2.stylingagenten.com\/fi\/tuote\/ralph-lauren-polo-67-edt-75ml\/"},"modified":"2026-04-13T17:18:26","modified_gmt":"2026-04-13T17:18:26","slug":"ralph-lauren-polo-67-edt-75ml","status":"publish","type":"product","link":"https:\/\/stylingagenten.com\/fi\/tuote\/ralph-lauren-polo-67-edt-75ml\/","title":{"rendered":"Ralph Lauren Polo 67 Edt 75ml"},"content":{"rendered":"<p>Ralph Lauren Polo 67 Eau de Toilette on rohkea ja raikas tuoksu miehelle, joka uskaltaa unelmoida. Puu- ja sitrusvivahteet luovat kiehtovan yhdistelm\u00e4n, joka m\u00e4\u00e4rittelee raikkauden uudelleen.<\/p>\n<p>Ralph Lauren Polo 67 on aistillinen, s\u00e4teilev\u00e4 ja l\u00e4mmin. Tuoksu avautuu virkist\u00e4v\u00e4ll\u00e4 Kalabrian bergamotin ja ananaksen yhdistelm\u00e4ll\u00e4. Syd\u00e4mess\u00e4 aurinkoiset ja koukuttavat aromaattiset s\u00e4vyt yhdistyv\u00e4t geraniumiin ja salviaan. Hienovarainen maanl\u00e4heinen vetiver ja puumaiset patsulin vivahteet luovat voimakkaan ja hienostuneen j\u00e4ljen.<\/p>\n<p>Kun suuruus kutsuu, vastaa p\u00e4\u00e4tt\u00e4v\u00e4isesti. Ralph Lauren Polo 67 Eau de Toilette.<\/p>\n<p>T\u00e4m\u00e4 elegantti tuoksu sis\u00e4lt\u00e4\u00e4 viisi kest\u00e4v\u00e4sti hankittua raaka-ainetta: Kalabrian bergamotti, lavandiini-syd\u00e4n, geranium, salviaesanssisyd\u00e4n ja haitilainen vetiver.<\/p>\n<p>75ml<br \/><\/p>\n","protected":false},"excerpt":{"rendered":"<p>Ralph Lauren Polo 67 Eau de Toilette on rohkea ja raikas tuoksu miehelle, joka uskaltaa unelmoida. Puu- ja sitrusvivahteet luovat kiehtovan yhdistelm\u00e4n, joka m\u00e4\u00e4rittelee raikkauden uudelleen. Ralph Lauren Polo 67 on aistillinen, s\u00e4teilev\u00e4 ja l\u00e4mmin. Tuoksu avautuu virkist\u00e4v\u00e4ll\u00e4 Kalabrian bergamotin ja ananaksen yhdistelm\u00e4ll\u00e4. Syd\u00e4mess\u00e4 aurinkoiset ja koukuttavat aromaattiset s\u00e4vyt yhdistyv\u00e4t geraniumiin ja salviaan. Hienovarainen maanl\u00e4heinen [&hellip;]<\/p>\n","protected":false},"featured_media":420745,"comment_status":"open","ping_status":"closed","template":"","meta":{"_trash_the_other_posts":false},"product_brand":[],"product_cat":[1000,709,735],"product_tag":[],"berocket_brand":[1015],"class_list":{"0":"post-420755","1":"product","2":"type-product","3":"status-publish","4":"has-post-thumbnail","6":"product_cat-kampanjatarjous-miehelle","7":"product_cat-miesten-eau-de-toilette","8":"product_cat-kampanjamme","9":"pa_brand-ralph-lauren","10":"pa_variantti-75ml","11":"berocket_brand-ralph-lauren","13":"first","14":"instock","15":"sale","16":"taxable","17":"shipping-taxable","18":"purchasable","19":"product-type-simple"},"_links":{"self":[{"href":"https:\/\/stylingagenten.com\/fi\/wp-json\/wp\/v2\/product\/420755","targetHints":{"allow":["GET"]}}],"collection":[{"href":"https:\/\/stylingagenten.com\/fi\/wp-json\/wp\/v2\/product"}],"about":[{"href":"https:\/\/stylingagenten.com\/fi\/wp-json\/wp\/v2\/types\/product"}],"replies":[{"embeddable":true,"href":"https:\/\/stylingagenten.com\/fi\/wp-json\/wp\/v2\/comments?post=420755"}],"version-history":[{"count":0,"href":"https:\/\/stylingagenten.com\/fi\/wp-json\/wp\/v2\/product\/420755\/revisions"}],"wp:featuredmedia":[{"embeddable":true,"href":"https:\/\/stylingagenten.com\/fi\/wp-json\/wp\/v2\/media\/420745"}],"wp:attachment":[{"href":"https:\/\/stylingagenten.com\/fi\/wp-json\/wp\/v2\/media?parent=420755"}],"wp:term":[{"taxonomy":"product_brand","embeddable":true,"href":"https:\/\/stylingagenten.com\/fi\/wp-json\/wp\/v2\/product_brand?post=420755"},{"taxonomy":"product_cat","embeddable":true,"href":"https:\/\/stylingagenten.com\/fi\/wp-json\/wp\/v2\/product_cat?post=420755"},{"taxonomy":"product_tag","embeddable":true,"href":"https:\/\/stylingagenten.com\/fi\/wp-json\/wp\/v2\/product_tag?post=420755"},{"taxonomy":"berocket_brand","embeddable":true,"href":"https:\/\/stylingagenten.com\/fi\/wp-json\/wp\/v2\/berocket_brand?post=420755"}],"curies":[{"name":"wp","href":"https:\/\/api.w.org\/{rel}","templated":true}]}}