{"id":420736,"date":"2025-08-25T10:58:15","date_gmt":"2025-08-25T10:58:15","guid":{"rendered":"https:\/\/staging2.stylingagenten.com\/fi\/tuote\/elizabeth-arden-eight-hour-cream-nourishing-lip-balm-spf20\/"},"modified":"2026-02-26T08:17:34","modified_gmt":"2026-02-26T08:17:34","slug":"elizabeth-arden-eight-hour-cream-nourishing-lip-balm-spf20","status":"publish","type":"product","link":"https:\/\/stylingagenten.com\/fi\/tuote\/elizabeth-arden-eight-hour-cream-nourishing-lip-balm-spf20\/","title":{"rendered":"Elizabeth Arden Eight Hour\u00ae Cream Nourishing Lip Balm SPF20"},"content":{"rendered":"<p>Elizabeth Arden Eight Hour\u00ae Cream Nourishing Lip Balm SPF 20 antaa huulille niiden tarvitsemaa t\u00e4rke\u00e4\u00e4 p\u00e4ivitt\u00e4ist\u00e4 kosteutusta. T\u00e4m\u00e4 ylellinen huulivoide on rikastettu kahdeksalla vitamiinilla, mineraalilla ja ravintoaineella, ja se tarjoaa my\u00f6s UVA- ja UVB-suojan. K\u00e4yt\u00e4nn\u00f6llisess\u00e4 tuubissa on viistop\u00e4inen applikaattori, ja Eight Hour\u00ae Cream Nourishing Lip Balm SPF 20 hemmottelee huulia kauniilla kiillolla ja neutraalilla tuoksulla.<br \/>\n<br \/>14,8 ml<br \/><\/p>\n","protected":false},"excerpt":{"rendered":"<p>Elizabeth Arden Eight Hour\u00ae Cream Nourishing Lip Balm SPF 20 antaa huulille niiden tarvitsemaa t\u00e4rke\u00e4\u00e4 p\u00e4ivitt\u00e4ist\u00e4 kosteutusta. T\u00e4m\u00e4 ylellinen huulivoide on rikastettu kahdeksalla vitamiinilla, mineraalilla ja ravintoaineella, ja se tarjoaa my\u00f6s UVA- ja UVB-suojan. K\u00e4yt\u00e4nn\u00f6llisess\u00e4 tuubissa on viistop\u00e4inen applikaattori, ja Eight Hour\u00ae Cream Nourishing Lip Balm SPF 20 hemmottelee huulia kauniilla kiillolla ja neutraalilla tuoksulla. [&hellip;]<\/p>\n","protected":false},"featured_media":420735,"comment_status":"open","ping_status":"closed","template":"","meta":{"_trash_the_other_posts":false},"product_brand":[],"product_cat":[580],"product_tag":[],"berocket_brand":[1303],"class_list":{"0":"post-420736","1":"product","2":"type-product","3":"status-publish","4":"has-post-thumbnail","6":"product_cat-huulirasva","7":"pa_brand-elizabeth-arden","8":"berocket_brand-elizabeth-arden","10":"first","11":"instock","12":"sale","13":"taxable","14":"shipping-taxable","15":"purchasable","16":"product-type-simple"},"_links":{"self":[{"href":"https:\/\/stylingagenten.com\/fi\/wp-json\/wp\/v2\/product\/420736","targetHints":{"allow":["GET"]}}],"collection":[{"href":"https:\/\/stylingagenten.com\/fi\/wp-json\/wp\/v2\/product"}],"about":[{"href":"https:\/\/stylingagenten.com\/fi\/wp-json\/wp\/v2\/types\/product"}],"replies":[{"embeddable":true,"href":"https:\/\/stylingagenten.com\/fi\/wp-json\/wp\/v2\/comments?post=420736"}],"version-history":[{"count":0,"href":"https:\/\/stylingagenten.com\/fi\/wp-json\/wp\/v2\/product\/420736\/revisions"}],"wp:featuredmedia":[{"embeddable":true,"href":"https:\/\/stylingagenten.com\/fi\/wp-json\/wp\/v2\/media\/420735"}],"wp:attachment":[{"href":"https:\/\/stylingagenten.com\/fi\/wp-json\/wp\/v2\/media?parent=420736"}],"wp:term":[{"taxonomy":"product_brand","embeddable":true,"href":"https:\/\/stylingagenten.com\/fi\/wp-json\/wp\/v2\/product_brand?post=420736"},{"taxonomy":"product_cat","embeddable":true,"href":"https:\/\/stylingagenten.com\/fi\/wp-json\/wp\/v2\/product_cat?post=420736"},{"taxonomy":"product_tag","embeddable":true,"href":"https:\/\/stylingagenten.com\/fi\/wp-json\/wp\/v2\/product_tag?post=420736"},{"taxonomy":"berocket_brand","embeddable":true,"href":"https:\/\/stylingagenten.com\/fi\/wp-json\/wp\/v2\/berocket_brand?post=420736"}],"curies":[{"name":"wp","href":"https:\/\/api.w.org\/{rel}","templated":true}]}}