{"id":420636,"date":"2025-08-25T10:57:45","date_gmt":"2025-08-25T10:57:45","guid":{"rendered":"https:\/\/staging2.stylingagenten.com\/fi\/tuote\/revlon-nutri-color-400-tangerine-100ml\/"},"modified":"2026-03-11T21:43:10","modified_gmt":"2026-03-11T21:43:10","slug":"revlon-nutri-color-400-tangerine-100ml","status":"publish","type":"product","link":"https:\/\/stylingagenten.com\/fi\/tuote\/revlon-nutri-color-400-tangerine-100ml\/","title":{"rendered":"Revlon Nutri Color 400 Tangerine 100ml"},"content":{"rendered":"<p>Revlon Nutri Color intensiiviseen v\u00e4riin, hoitoon ja kiiltoon.<br \/>\n<br \/>Upeilla s\u00e4vyill\u00e4mme uskallat erottua uuden INSTA-PIC 3-in-1 -teknologian avulla: Intensiivinen v\u00e4ri, hoito ja kiilto ainutlaatuisessa koostumuksessa, joka avaa monikromatisen maailman. On aika katsoa v\u00e4ri\u00e4 uudesta n\u00e4k\u00f6kulmasta. Zoomaa hoitoon ja loitonna v\u00e4riin ja kiiltoon.<br \/>\n<br \/>NUTRI COLOR\u2122 FILTERS \u2013 Hoitavat, intensiiviset v\u00e4rit!<\/p>\n<p>S\u00e4vy: 400 Tangerine<br \/>\n<br \/>100ml<\/p>\n","protected":false},"excerpt":{"rendered":"<p>Revlon Nutri Color intensiiviseen v\u00e4riin, hoitoon ja kiiltoon. Upeilla s\u00e4vyill\u00e4mme uskallat erottua uuden INSTA-PIC 3-in-1 -teknologian avulla: Intensiivinen v\u00e4ri, hoito ja kiilto ainutlaatuisessa koostumuksessa, joka avaa monikromatisen maailman. On aika katsoa v\u00e4ri\u00e4 uudesta n\u00e4k\u00f6kulmasta. Zoomaa hoitoon ja loitonna v\u00e4riin ja kiiltoon. NUTRI COLOR\u2122 FILTERS \u2013 Hoitavat, intensiiviset v\u00e4rit! S\u00e4vy: 400 Tangerine 100ml<\/p>\n","protected":false},"featured_media":420630,"comment_status":"open","ping_status":"closed","template":"","meta":{"_trash_the_other_posts":false},"product_brand":[],"product_cat":[602],"product_tag":[],"berocket_brand":[1040],"class_list":{"0":"post-420636","1":"product","2":"type-product","3":"status-publish","4":"has-post-thumbnail","6":"product_cat-varipommi","7":"pa_brand-revlon","8":"pa_variantti-100ml","9":"berocket_brand-revlon","11":"first","12":"instock","13":"sale","14":"taxable","15":"shipping-taxable","16":"purchasable","17":"product-type-simple"},"_links":{"self":[{"href":"https:\/\/stylingagenten.com\/fi\/wp-json\/wp\/v2\/product\/420636","targetHints":{"allow":["GET"]}}],"collection":[{"href":"https:\/\/stylingagenten.com\/fi\/wp-json\/wp\/v2\/product"}],"about":[{"href":"https:\/\/stylingagenten.com\/fi\/wp-json\/wp\/v2\/types\/product"}],"replies":[{"embeddable":true,"href":"https:\/\/stylingagenten.com\/fi\/wp-json\/wp\/v2\/comments?post=420636"}],"version-history":[{"count":0,"href":"https:\/\/stylingagenten.com\/fi\/wp-json\/wp\/v2\/product\/420636\/revisions"}],"wp:featuredmedia":[{"embeddable":true,"href":"https:\/\/stylingagenten.com\/fi\/wp-json\/wp\/v2\/media\/420630"}],"wp:attachment":[{"href":"https:\/\/stylingagenten.com\/fi\/wp-json\/wp\/v2\/media?parent=420636"}],"wp:term":[{"taxonomy":"product_brand","embeddable":true,"href":"https:\/\/stylingagenten.com\/fi\/wp-json\/wp\/v2\/product_brand?post=420636"},{"taxonomy":"product_cat","embeddable":true,"href":"https:\/\/stylingagenten.com\/fi\/wp-json\/wp\/v2\/product_cat?post=420636"},{"taxonomy":"product_tag","embeddable":true,"href":"https:\/\/stylingagenten.com\/fi\/wp-json\/wp\/v2\/product_tag?post=420636"},{"taxonomy":"berocket_brand","embeddable":true,"href":"https:\/\/stylingagenten.com\/fi\/wp-json\/wp\/v2\/berocket_brand?post=420636"}],"curies":[{"name":"wp","href":"https:\/\/api.w.org\/{rel}","templated":true}]}}