{"id":420614,"date":"2025-08-25T10:57:37","date_gmt":"2025-08-25T10:57:37","guid":{"rendered":"https:\/\/staging2.stylingagenten.com\/fi\/tuote\/american-crew-shave-precision-gel-450ml\/"},"modified":"2026-04-09T19:58:31","modified_gmt":"2026-04-09T19:58:31","slug":"american-crew-shave-precision-gel-450ml","status":"publish","type":"product","link":"https:\/\/stylingagenten.com\/fi\/tuote\/american-crew-shave-precision-gel-450ml\/","title":{"rendered":"American Crew Shave Precision Gel 450ml"},"content":{"rendered":"<p>American Crew Precision Shave Gel Barber Size on l\u00e4pin\u00e4kyv\u00e4 parranajogeeli, joka tarjoaa hyv\u00e4n liukuvuuden ja puhtaan ajotuloksen. Soveltuu tarkkaan ja muotoilevaan parranajoon. Perustuu luonnollisiin ainesosiin.<\/p>\n<p>450 ml<\/p>\n","protected":false},"excerpt":{"rendered":"<p>American Crew Precision Shave Gel Barber Size on l\u00e4pin\u00e4kyv\u00e4 parranajogeeli, joka tarjoaa hyv\u00e4n liukuvuuden ja puhtaan ajotuloksen. Soveltuu tarkkaan ja muotoilevaan parranajoon. Perustuu luonnollisiin ainesosiin. 450 ml<\/p>\n","protected":false},"featured_media":420613,"comment_status":"open","ping_status":"closed","template":"","meta":{"_trash_the_other_posts":false},"product_brand":[],"product_cat":[692],"product_tag":[],"berocket_brand":[1071],"class_list":{"0":"post-420614","1":"product","2":"type-product","3":"status-publish","4":"has-post-thumbnail","6":"product_cat-parranajogeeli","7":"pa_brand-american-crew","8":"berocket_brand-american-crew","10":"first","11":"instock","12":"sale","13":"taxable","14":"shipping-taxable","15":"purchasable","16":"product-type-simple"},"_links":{"self":[{"href":"https:\/\/stylingagenten.com\/fi\/wp-json\/wp\/v2\/product\/420614","targetHints":{"allow":["GET"]}}],"collection":[{"href":"https:\/\/stylingagenten.com\/fi\/wp-json\/wp\/v2\/product"}],"about":[{"href":"https:\/\/stylingagenten.com\/fi\/wp-json\/wp\/v2\/types\/product"}],"replies":[{"embeddable":true,"href":"https:\/\/stylingagenten.com\/fi\/wp-json\/wp\/v2\/comments?post=420614"}],"version-history":[{"count":0,"href":"https:\/\/stylingagenten.com\/fi\/wp-json\/wp\/v2\/product\/420614\/revisions"}],"wp:featuredmedia":[{"embeddable":true,"href":"https:\/\/stylingagenten.com\/fi\/wp-json\/wp\/v2\/media\/420613"}],"wp:attachment":[{"href":"https:\/\/stylingagenten.com\/fi\/wp-json\/wp\/v2\/media?parent=420614"}],"wp:term":[{"taxonomy":"product_brand","embeddable":true,"href":"https:\/\/stylingagenten.com\/fi\/wp-json\/wp\/v2\/product_brand?post=420614"},{"taxonomy":"product_cat","embeddable":true,"href":"https:\/\/stylingagenten.com\/fi\/wp-json\/wp\/v2\/product_cat?post=420614"},{"taxonomy":"product_tag","embeddable":true,"href":"https:\/\/stylingagenten.com\/fi\/wp-json\/wp\/v2\/product_tag?post=420614"},{"taxonomy":"berocket_brand","embeddable":true,"href":"https:\/\/stylingagenten.com\/fi\/wp-json\/wp\/v2\/berocket_brand?post=420614"}],"curies":[{"name":"wp","href":"https:\/\/api.w.org\/{rel}","templated":true}]}}