{"id":420607,"date":"2025-08-25T10:57:35","date_gmt":"2025-08-25T10:57:35","guid":{"rendered":"https:\/\/staging2.stylingagenten.com\/fi\/tuote\/artdeco-high-performance-eyeshadow-stylo-16-benefit-pearl-brown\/"},"modified":"2026-02-16T14:25:43","modified_gmt":"2026-02-16T14:25:43","slug":"artdeco-high-performance-eyeshadow-stylo-16-benefit-pearl-brown","status":"publish","type":"product","link":"https:\/\/stylingagenten.com\/fi\/tuote\/artdeco-high-performance-eyeshadow-stylo-16-benefit-pearl-brown\/","title":{"rendered":"Artdeco High Performance Eyeshadow Stylo 16 Benefit Pearl Brown"},"content":{"rendered":"<p>High Performance Eyeshadow Stylo \u2013 monipuolinen 3-in-1-tuote, joka yhdist\u00e4\u00e4 luomiv\u00e4rin, rajauskyn\u00e4n ja kajalin yhteen kyn\u00e4\u00e4n. Eritt\u00e4in pigmenttinen ja helposti levittyv\u00e4 koostumus tekee klassisten ja persoonallisten silm\u00e4meikkien luomisesta vaivatonta. Vain muutama minuutti levityksen j\u00e4lkeen tuote muuttuu tahraamattomaksi ja vedenkest\u00e4v\u00e4ksi, pysyen paikallaan ilman, ett\u00e4 se kertyy luomivakoon. S\u00e4vyvalikoima ulottuu hohtavista helmis\u00e4vyist\u00e4 hienostuneisiin puolimattaisiin s\u00e4vyihin. Pehme\u00e4 ja kermainen koostumus liukuu helposti iholle ja h\u00e4ivyttyy vaivatta, mahdollistaen t\u00e4ydellisen smoky eye -meikin luomisen jopa aloittelijoille \u2013 ja se kest\u00e4\u00e4 jopa 10 tuntia. Kyn\u00e4ss\u00e4 on lis\u00e4ksi sis\u00e4\u00e4nrakennettu teroitin, mik\u00e4 tekee siit\u00e4 ehdottoman lis\u00e4n meikkipussiin.<\/p>\n<p>-3-in-1: luomiv\u00e4ri, rajauskyn\u00e4 ja kajal<br \/>\n<br \/>-Tahraamaton ja vedenkest\u00e4v\u00e4<br \/>\n<br \/>-Helppo levitt\u00e4\u00e4, kermainen koostumus<br \/>\n<br \/>-Kesto jopa 10 tuntia<br \/>\n<br \/>-Sis\u00e4\u00e4nrakennettu teroitin<\/p>\n<p>S\u00e4vy: 16 Benefit Pearl Brown<\/p>\n","protected":false},"excerpt":{"rendered":"<p>High Performance Eyeshadow Stylo \u2013 monipuolinen 3-in-1-tuote, joka yhdist\u00e4\u00e4 luomiv\u00e4rin, rajauskyn\u00e4n ja kajalin yhteen kyn\u00e4\u00e4n. Eritt\u00e4in pigmenttinen ja helposti levittyv\u00e4 koostumus tekee klassisten ja persoonallisten silm\u00e4meikkien luomisesta vaivatonta. Vain muutama minuutti levityksen j\u00e4lkeen tuote muuttuu tahraamattomaksi ja vedenkest\u00e4v\u00e4ksi, pysyen paikallaan ilman, ett\u00e4 se kertyy luomivakoon. S\u00e4vyvalikoima ulottuu hohtavista helmis\u00e4vyist\u00e4 hienostuneisiin puolimattaisiin s\u00e4vyihin. Pehme\u00e4 ja kermainen [&hellip;]<\/p>\n","protected":false},"featured_media":420599,"comment_status":"open","ping_status":"closed","template":"","meta":{"_trash_the_other_posts":false},"product_brand":[],"product_cat":[581],"product_tag":[],"berocket_brand":[1385],"class_list":{"0":"post-420607","1":"product","2":"type-product","3":"status-publish","4":"has-post-thumbnail","6":"product_cat-luomivari","7":"pa_brand-artdeco","8":"pa_variantti-16-benefit-pearl-brown","9":"berocket_brand-artdeco","11":"first","12":"instock","13":"sale","14":"taxable","15":"shipping-taxable","16":"purchasable","17":"product-type-simple"},"_links":{"self":[{"href":"https:\/\/stylingagenten.com\/fi\/wp-json\/wp\/v2\/product\/420607","targetHints":{"allow":["GET"]}}],"collection":[{"href":"https:\/\/stylingagenten.com\/fi\/wp-json\/wp\/v2\/product"}],"about":[{"href":"https:\/\/stylingagenten.com\/fi\/wp-json\/wp\/v2\/types\/product"}],"replies":[{"embeddable":true,"href":"https:\/\/stylingagenten.com\/fi\/wp-json\/wp\/v2\/comments?post=420607"}],"version-history":[{"count":0,"href":"https:\/\/stylingagenten.com\/fi\/wp-json\/wp\/v2\/product\/420607\/revisions"}],"wp:featuredmedia":[{"embeddable":true,"href":"https:\/\/stylingagenten.com\/fi\/wp-json\/wp\/v2\/media\/420599"}],"wp:attachment":[{"href":"https:\/\/stylingagenten.com\/fi\/wp-json\/wp\/v2\/media?parent=420607"}],"wp:term":[{"taxonomy":"product_brand","embeddable":true,"href":"https:\/\/stylingagenten.com\/fi\/wp-json\/wp\/v2\/product_brand?post=420607"},{"taxonomy":"product_cat","embeddable":true,"href":"https:\/\/stylingagenten.com\/fi\/wp-json\/wp\/v2\/product_cat?post=420607"},{"taxonomy":"product_tag","embeddable":true,"href":"https:\/\/stylingagenten.com\/fi\/wp-json\/wp\/v2\/product_tag?post=420607"},{"taxonomy":"berocket_brand","embeddable":true,"href":"https:\/\/stylingagenten.com\/fi\/wp-json\/wp\/v2\/berocket_brand?post=420607"}],"curies":[{"name":"wp","href":"https:\/\/api.w.org\/{rel}","templated":true}]}}