{"id":420578,"date":"2025-08-25T10:57:27","date_gmt":"2025-08-25T10:57:27","guid":{"rendered":"https:\/\/staging2.stylingagenten.com\/fi\/tuote\/tom-ford-black-orchid-edp-100ml\/"},"modified":"2026-04-08T15:31:20","modified_gmt":"2026-04-08T15:31:20","slug":"tom-ford-black-orchid-edp-100ml","status":"publish","type":"product","link":"https:\/\/stylingagenten.com\/fi\/tuote\/tom-ford-black-orchid-edp-100ml\/","title":{"rendered":"Tom Ford Black Orchid Edp 100ml"},"content":{"rendered":"<p>Tom Ford Black Orchid Edp on ylellinen ja sensuelli tuoksu, jossa on runsaita, tummia vivahteita mustasta orkideasta ja mausteista. TOM FORDin Black Orchid on sek\u00e4 moderni ett\u00e4 ajaton. Mustassa lasipullossa Black Orchid tekee unohtumattoman vaikutuksen ikonisen tyylin ja kansainv\u00e4lisen glamourin symbolina.<\/p>\n<p>Tuoksunuotit: Musta tryffeli, bergamotti, musta orkidea, musta luumu, musta gourmand-akordi, patsuli<\/p>\n<p>100 ml<\/p>\n","protected":false},"excerpt":{"rendered":"<p>Tom Ford Black Orchid Edp on ylellinen ja sensuelli tuoksu, jossa on runsaita, tummia vivahteita mustasta orkideasta ja mausteista. TOM FORDin Black Orchid on sek\u00e4 moderni ett\u00e4 ajaton. Mustassa lasipullossa Black Orchid tekee unohtumattoman vaikutuksen ikonisen tyylin ja kansainv\u00e4lisen glamourin symbolina. Tuoksunuotit: Musta tryffeli, bergamotti, musta orkidea, musta luumu, musta gourmand-akordi, patsuli 100 ml<\/p>\n","protected":false},"featured_media":420573,"comment_status":"open","ping_status":"closed","template":"","meta":{"_trash_the_other_posts":false},"product_brand":[],"product_cat":[999,706,735],"product_tag":[],"berocket_brand":[1158],"class_list":{"0":"post-420578","1":"product","2":"type-product","3":"status-publish","4":"has-post-thumbnail","6":"product_cat-kampanjatarjous-naiselle","7":"product_cat-naisten-eau-de-parfum","8":"product_cat-kampanjamme","9":"pa_brand-tom-ford","10":"pa_variantti-100ml","11":"berocket_brand-tom-ford","13":"first","14":"instock","15":"sale","16":"taxable","17":"shipping-taxable","18":"purchasable","19":"product-type-simple"},"_links":{"self":[{"href":"https:\/\/stylingagenten.com\/fi\/wp-json\/wp\/v2\/product\/420578","targetHints":{"allow":["GET"]}}],"collection":[{"href":"https:\/\/stylingagenten.com\/fi\/wp-json\/wp\/v2\/product"}],"about":[{"href":"https:\/\/stylingagenten.com\/fi\/wp-json\/wp\/v2\/types\/product"}],"replies":[{"embeddable":true,"href":"https:\/\/stylingagenten.com\/fi\/wp-json\/wp\/v2\/comments?post=420578"}],"version-history":[{"count":0,"href":"https:\/\/stylingagenten.com\/fi\/wp-json\/wp\/v2\/product\/420578\/revisions"}],"wp:featuredmedia":[{"embeddable":true,"href":"https:\/\/stylingagenten.com\/fi\/wp-json\/wp\/v2\/media\/420573"}],"wp:attachment":[{"href":"https:\/\/stylingagenten.com\/fi\/wp-json\/wp\/v2\/media?parent=420578"}],"wp:term":[{"taxonomy":"product_brand","embeddable":true,"href":"https:\/\/stylingagenten.com\/fi\/wp-json\/wp\/v2\/product_brand?post=420578"},{"taxonomy":"product_cat","embeddable":true,"href":"https:\/\/stylingagenten.com\/fi\/wp-json\/wp\/v2\/product_cat?post=420578"},{"taxonomy":"product_tag","embeddable":true,"href":"https:\/\/stylingagenten.com\/fi\/wp-json\/wp\/v2\/product_tag?post=420578"},{"taxonomy":"berocket_brand","embeddable":true,"href":"https:\/\/stylingagenten.com\/fi\/wp-json\/wp\/v2\/berocket_brand?post=420578"}],"curies":[{"name":"wp","href":"https:\/\/api.w.org\/{rel}","templated":true}]}}