{"id":420545,"date":"2025-08-25T10:57:11","date_gmt":"2025-08-25T10:57:11","guid":{"rendered":"https:\/\/staging2.stylingagenten.com\/fi\/tuote\/dkny-24-7-edp-100ml\/"},"modified":"2026-03-11T21:59:29","modified_gmt":"2026-03-11T21:59:29","slug":"dkny-24-7-edp-100ml","status":"publish","type":"product","link":"https:\/\/stylingagenten.com\/fi\/tuote\/dkny-24-7-edp-100ml\/","title":{"rendered":"DKNY 24\/7 Edp 100ml"},"content":{"rendered":"<p>DKNY 24\/7 Eau de Parfum on rakenteellinen kukkaistuoksu, joka on saanut inspiraationsa kaupungista, joka ei koskaan nuku. Astu New Yorkin sykkiv\u00e4\u00e4n rytmiin 24\/7-tuoksulla \u2013 yht\u00e4 dynaaminen kuin itse kaupunki. T\u00e4m\u00e4 ainutlaatuinen yhdistelm\u00e4 vangitsee metropolin pys\u00e4ytt\u00e4m\u00e4tt\u00f6m\u00e4n energian, miss\u00e4 unelmia luodaan aamusta iltaan. Koe Times Squaren huumaava energia s\u00e4hk\u00f6isell\u00e4 roseepippurin purkauksella. Tuoksun kehittyess\u00e4 esiin puhkeaa kukkiva ruususyd\u00e4n, joka kuvastaa kaupungin monimuotoista luonnetta. Ja setripuun ja myskin viipyilev\u00e4 syleily tuo esiin kaupungin ajattoman hienostuneisuuden ja voiman. DKNY 24\/7 ei ole pelkk\u00e4 tuoksu \u2013 se on kunnianosoitus heille, jotka el\u00e4v\u00e4t el\u00e4m\u00e4\u00e4 ilman rajoja \u2013 aina valmiina, aina liikkeess\u00e4, aina p\u00e4\u00e4ll\u00e4.<\/p>\n<p>T\u00e4m\u00e4 naisten hajuvesi on suunniteltu niille, jotka el\u00e4v\u00e4t t\u00e4ysill\u00e4, eiv\u00e4t pelk\u00e4\u00e4 unelmoida suuria ja tavoittelevat jatkuvasti p\u00e4\u00e4m\u00e4\u00e4ri\u00e4\u00e4n. DKNY 24\/7 Eau de Parfum on t\u00e4ydellinen kumppanisi \u2013 olitpa sitten kiireisen ty\u00f6p\u00e4iv\u00e4n keskell\u00e4 tai nauttimassa y\u00f6n seikkailuista. Jokainen suihkaus muistuttaa kaupungin loputtomista mahdollisuuksista ja voimasta olla aina valmiina, aina liikkeess\u00e4, aina p\u00e4\u00e4ll\u00e4.<\/p>\n<p>Tuoksunuotit:<br \/>Alkutuoksut: S\u00e4hk\u00f6inen roseepippuri<br \/>Syd\u00e4ntuoksut: Kukkiva ruusu<br \/>Pohjatuoksut: Setripuu, Myski<\/p>\n<p>100 ml<\/p>\n","protected":false},"excerpt":{"rendered":"<p>DKNY 24\/7 Eau de Parfum on rakenteellinen kukkaistuoksu, joka on saanut inspiraationsa kaupungista, joka ei koskaan nuku. Astu New Yorkin sykkiv\u00e4\u00e4n rytmiin 24\/7-tuoksulla \u2013 yht\u00e4 dynaaminen kuin itse kaupunki. T\u00e4m\u00e4 ainutlaatuinen yhdistelm\u00e4 vangitsee metropolin pys\u00e4ytt\u00e4m\u00e4tt\u00f6m\u00e4n energian, miss\u00e4 unelmia luodaan aamusta iltaan. Koe Times Squaren huumaava energia s\u00e4hk\u00f6isell\u00e4 roseepippurin purkauksella. Tuoksun kehittyess\u00e4 esiin puhkeaa kukkiva ruususyd\u00e4n, [&hellip;]<\/p>\n","protected":false},"featured_media":420540,"comment_status":"open","ping_status":"closed","template":"","meta":{"_trash_the_other_posts":false},"product_brand":[],"product_cat":[999,706,735],"product_tag":[],"berocket_brand":[1291],"class_list":{"0":"post-420545","1":"product","2":"type-product","3":"status-publish","4":"has-post-thumbnail","6":"product_cat-kampanjatarjous-naiselle","7":"product_cat-naisten-eau-de-parfum","8":"product_cat-kampanjamme","9":"pa_brand-dkny","10":"berocket_brand-dkny","12":"first","13":"instock","14":"sale","15":"taxable","16":"shipping-taxable","17":"purchasable","18":"product-type-simple"},"_links":{"self":[{"href":"https:\/\/stylingagenten.com\/fi\/wp-json\/wp\/v2\/product\/420545","targetHints":{"allow":["GET"]}}],"collection":[{"href":"https:\/\/stylingagenten.com\/fi\/wp-json\/wp\/v2\/product"}],"about":[{"href":"https:\/\/stylingagenten.com\/fi\/wp-json\/wp\/v2\/types\/product"}],"replies":[{"embeddable":true,"href":"https:\/\/stylingagenten.com\/fi\/wp-json\/wp\/v2\/comments?post=420545"}],"version-history":[{"count":0,"href":"https:\/\/stylingagenten.com\/fi\/wp-json\/wp\/v2\/product\/420545\/revisions"}],"wp:featuredmedia":[{"embeddable":true,"href":"https:\/\/stylingagenten.com\/fi\/wp-json\/wp\/v2\/media\/420540"}],"wp:attachment":[{"href":"https:\/\/stylingagenten.com\/fi\/wp-json\/wp\/v2\/media?parent=420545"}],"wp:term":[{"taxonomy":"product_brand","embeddable":true,"href":"https:\/\/stylingagenten.com\/fi\/wp-json\/wp\/v2\/product_brand?post=420545"},{"taxonomy":"product_cat","embeddable":true,"href":"https:\/\/stylingagenten.com\/fi\/wp-json\/wp\/v2\/product_cat?post=420545"},{"taxonomy":"product_tag","embeddable":true,"href":"https:\/\/stylingagenten.com\/fi\/wp-json\/wp\/v2\/product_tag?post=420545"},{"taxonomy":"berocket_brand","embeddable":true,"href":"https:\/\/stylingagenten.com\/fi\/wp-json\/wp\/v2\/berocket_brand?post=420545"}],"curies":[{"name":"wp","href":"https:\/\/api.w.org\/{rel}","templated":true}]}}