{"id":420386,"date":"2025-08-25T10:56:20","date_gmt":"2025-08-25T10:56:20","guid":{"rendered":"https:\/\/staging2.stylingagenten.com\/fi\/tuote\/armaf-ego-tigre-men-edp-100ml\/"},"modified":"2026-03-11T21:55:52","modified_gmt":"2026-03-11T21:55:52","slug":"armaf-ego-tigre-men-edp-100ml","status":"publish","type":"product","link":"https:\/\/stylingagenten.com\/fi\/tuote\/armaf-ego-tigre-men-edp-100ml\/","title":{"rendered":"Armaf Ego Tigre Men Edp 100ml"},"content":{"rendered":"<p>Todista itsellesi ja ymp\u00e4rist\u00f6llesi, ett\u00e4 energiasi on rajaton. \u00c4l\u00e4 pys\u00e4hdy, ylit\u00e4 rajasi, selviydy kaikista haasteista. Miesten Eau de Parfum Armaf Ego Tigre kulkee aina rinnallasi.<\/p>\n<p>Alkutuoksut: Bergamotti, Omena, Ananas, Vesinuotit<br \/>Syd\u00e4ntuoksut: Ruusu, Jasmiini, Patsuli<br \/>Pohjatuoksut: Meripihka, Merihein\u00e4, Myski, Ambergriisi, Vanilja<\/p>\n<p>100 ml<\/p>\n","protected":false},"excerpt":{"rendered":"<p>Todista itsellesi ja ymp\u00e4rist\u00f6llesi, ett\u00e4 energiasi on rajaton. \u00c4l\u00e4 pys\u00e4hdy, ylit\u00e4 rajasi, selviydy kaikista haasteista. Miesten Eau de Parfum Armaf Ego Tigre kulkee aina rinnallasi. Alkutuoksut: Bergamotti, Omena, Ananas, VesinuotitSyd\u00e4ntuoksut: Ruusu, Jasmiini, PatsuliPohjatuoksut: Meripihka, Merihein\u00e4, Myski, Ambergriisi, Vanilja 100 ml<\/p>\n","protected":false},"featured_media":420384,"comment_status":"open","ping_status":"closed","template":"","meta":{"_trash_the_other_posts":false},"product_brand":[],"product_cat":[708,1000,735],"product_tag":[],"berocket_brand":[1989],"class_list":{"0":"post-420386","1":"product","2":"type-product","3":"status-publish","4":"has-post-thumbnail","6":"product_cat-eau-de-parfum-miesten","7":"product_cat-kampanjatarjous-miehelle","8":"product_cat-kampanjamme","9":"pa_brand-armaf","10":"berocket_brand-armaf","12":"first","13":"instock","14":"sale","15":"taxable","16":"shipping-taxable","17":"purchasable","18":"product-type-simple"},"_links":{"self":[{"href":"https:\/\/stylingagenten.com\/fi\/wp-json\/wp\/v2\/product\/420386","targetHints":{"allow":["GET"]}}],"collection":[{"href":"https:\/\/stylingagenten.com\/fi\/wp-json\/wp\/v2\/product"}],"about":[{"href":"https:\/\/stylingagenten.com\/fi\/wp-json\/wp\/v2\/types\/product"}],"replies":[{"embeddable":true,"href":"https:\/\/stylingagenten.com\/fi\/wp-json\/wp\/v2\/comments?post=420386"}],"version-history":[{"count":0,"href":"https:\/\/stylingagenten.com\/fi\/wp-json\/wp\/v2\/product\/420386\/revisions"}],"wp:featuredmedia":[{"embeddable":true,"href":"https:\/\/stylingagenten.com\/fi\/wp-json\/wp\/v2\/media\/420384"}],"wp:attachment":[{"href":"https:\/\/stylingagenten.com\/fi\/wp-json\/wp\/v2\/media?parent=420386"}],"wp:term":[{"taxonomy":"product_brand","embeddable":true,"href":"https:\/\/stylingagenten.com\/fi\/wp-json\/wp\/v2\/product_brand?post=420386"},{"taxonomy":"product_cat","embeddable":true,"href":"https:\/\/stylingagenten.com\/fi\/wp-json\/wp\/v2\/product_cat?post=420386"},{"taxonomy":"product_tag","embeddable":true,"href":"https:\/\/stylingagenten.com\/fi\/wp-json\/wp\/v2\/product_tag?post=420386"},{"taxonomy":"berocket_brand","embeddable":true,"href":"https:\/\/stylingagenten.com\/fi\/wp-json\/wp\/v2\/berocket_brand?post=420386"}],"curies":[{"name":"wp","href":"https:\/\/api.w.org\/{rel}","templated":true}]}}