{"id":420375,"date":"2025-08-25T10:56:13","date_gmt":"2025-08-25T10:56:13","guid":{"rendered":"https:\/\/staging2.stylingagenten.com\/fi\/tuote\/armaf-miss-mystique-edp-100ml\/"},"modified":"2026-03-30T19:58:50","modified_gmt":"2026-03-30T19:58:50","slug":"armaf-miss-mystique-edp-100ml","status":"publish","type":"product","link":"https:\/\/stylingagenten.com\/fi\/tuote\/armaf-miss-mystique-edp-100ml\/","title":{"rendered":"Armaf Miss Mystique Edp 100ml"},"content":{"rendered":"<p>Armaf Miss Mystique EdP \u2013 Jos rakastat hedelmi\u00e4, tulet ihastumaan Armaf Miss Armaf Mystique -tuoksuun. T\u00e4m\u00e4n naisten Eau de Parfumin herkulliset ja mehukkaat hedelm\u00e4iset vivahteet ovat vastustamattomia ja pirist\u00e4v\u00e4t p\u00e4iv\u00e4\u00e4si.<\/p>\n<p>Alkutuoksut: Bergamotti, Appelsiini, P\u00e4\u00e4ryn\u00e4, Mandariini<br \/>Syd\u00e4ntuoksut: Mansikka, Vanilja, Ruusu, Passiohedelm\u00e4, Jasmiini, Mimosat, Ylang-Ylang<br \/>Pohjatuoksut: Patsuli, Kahvi, Vetiver, Tonkapavut, Vanilja<\/p>\n<p>100ml<\/p>\n","protected":false},"excerpt":{"rendered":"<p>Armaf Miss Mystique EdP \u2013 Jos rakastat hedelmi\u00e4, tulet ihastumaan Armaf Miss Armaf Mystique -tuoksuun. T\u00e4m\u00e4n naisten Eau de Parfumin herkulliset ja mehukkaat hedelm\u00e4iset vivahteet ovat vastustamattomia ja pirist\u00e4v\u00e4t p\u00e4iv\u00e4\u00e4si. Alkutuoksut: Bergamotti, Appelsiini, P\u00e4\u00e4ryn\u00e4, MandariiniSyd\u00e4ntuoksut: Mansikka, Vanilja, Ruusu, Passiohedelm\u00e4, Jasmiini, Mimosat, Ylang-YlangPohjatuoksut: Patsuli, Kahvi, Vetiver, Tonkapavut, Vanilja 100ml<\/p>\n","protected":false},"featured_media":420372,"comment_status":"open","ping_status":"closed","template":"","meta":{"_trash_the_other_posts":false},"product_brand":[],"product_cat":[999,706,735],"product_tag":[],"berocket_brand":[1989],"class_list":{"0":"post-420375","1":"product","2":"type-product","3":"status-publish","4":"has-post-thumbnail","6":"product_cat-kampanjatarjous-naiselle","7":"product_cat-naisten-eau-de-parfum","8":"product_cat-kampanjamme","9":"pa_brand-armaf","10":"berocket_brand-armaf","12":"first","13":"outofstock","14":"sale","15":"taxable","16":"shipping-taxable","17":"purchasable","18":"product-type-simple"},"_links":{"self":[{"href":"https:\/\/stylingagenten.com\/fi\/wp-json\/wp\/v2\/product\/420375","targetHints":{"allow":["GET"]}}],"collection":[{"href":"https:\/\/stylingagenten.com\/fi\/wp-json\/wp\/v2\/product"}],"about":[{"href":"https:\/\/stylingagenten.com\/fi\/wp-json\/wp\/v2\/types\/product"}],"replies":[{"embeddable":true,"href":"https:\/\/stylingagenten.com\/fi\/wp-json\/wp\/v2\/comments?post=420375"}],"version-history":[{"count":0,"href":"https:\/\/stylingagenten.com\/fi\/wp-json\/wp\/v2\/product\/420375\/revisions"}],"wp:featuredmedia":[{"embeddable":true,"href":"https:\/\/stylingagenten.com\/fi\/wp-json\/wp\/v2\/media\/420372"}],"wp:attachment":[{"href":"https:\/\/stylingagenten.com\/fi\/wp-json\/wp\/v2\/media?parent=420375"}],"wp:term":[{"taxonomy":"product_brand","embeddable":true,"href":"https:\/\/stylingagenten.com\/fi\/wp-json\/wp\/v2\/product_brand?post=420375"},{"taxonomy":"product_cat","embeddable":true,"href":"https:\/\/stylingagenten.com\/fi\/wp-json\/wp\/v2\/product_cat?post=420375"},{"taxonomy":"product_tag","embeddable":true,"href":"https:\/\/stylingagenten.com\/fi\/wp-json\/wp\/v2\/product_tag?post=420375"},{"taxonomy":"berocket_brand","embeddable":true,"href":"https:\/\/stylingagenten.com\/fi\/wp-json\/wp\/v2\/berocket_brand?post=420375"}],"curies":[{"name":"wp","href":"https:\/\/api.w.org\/{rel}","templated":true}]}}