{"id":420352,"date":"2025-08-25T10:55:59","date_gmt":"2025-08-25T10:55:59","guid":{"rendered":"https:\/\/staging2.stylingagenten.com\/fi\/tuote\/armaf-art-du-parfum-edp-100ml\/"},"modified":"2026-03-11T21:57:27","modified_gmt":"2026-03-11T21:57:27","slug":"armaf-art-du-parfum-edp-100ml","status":"publish","type":"product","link":"https:\/\/stylingagenten.com\/fi\/tuote\/armaf-art-du-parfum-edp-100ml\/","title":{"rendered":"Armaf Art Du Parfum Edp 100ml"},"content":{"rendered":"<p>Armaf Art Du Parfum EdP on ajaton klassikko, joka juhlistaa luonnollista kauneutta ja miehek\u00e4st\u00e4 eleganssia. Armaf Art Du Parfum on miesten eau de parfum, josta tulee nopeasti olennainen osa persoonaasi.<\/p>\n<p>Alkutuoksut: Patsuli, Vanilja, Myski, Tonkapavut<br \/>Syd\u00e4ntuoksut: Laventeli, Muskottip\u00e4hkin\u00e4, Inkiv\u00e4\u00e4ri<br \/>Pohjatuoksut: Santelipuu, Meripihka, Patsuli, Vetiver<\/p>\n<p>100ml<\/p>\n","protected":false},"excerpt":{"rendered":"<p>Armaf Art Du Parfum EdP on ajaton klassikko, joka juhlistaa luonnollista kauneutta ja miehek\u00e4st\u00e4 eleganssia. Armaf Art Du Parfum on miesten eau de parfum, josta tulee nopeasti olennainen osa persoonaasi. Alkutuoksut: Patsuli, Vanilja, Myski, TonkapavutSyd\u00e4ntuoksut: Laventeli, Muskottip\u00e4hkin\u00e4, Inkiv\u00e4\u00e4riPohjatuoksut: Santelipuu, Meripihka, Patsuli, Vetiver 100ml<\/p>\n","protected":false},"featured_media":420350,"comment_status":"open","ping_status":"closed","template":"","meta":{"_trash_the_other_posts":false},"product_brand":[],"product_cat":[708,1000,735],"product_tag":[],"berocket_brand":[1989],"class_list":{"0":"post-420352","1":"product","2":"type-product","3":"status-publish","4":"has-post-thumbnail","6":"product_cat-eau-de-parfum-miesten","7":"product_cat-kampanjatarjous-miehelle","8":"product_cat-kampanjamme","9":"pa_brand-armaf","10":"berocket_brand-armaf","12":"first","13":"instock","14":"sale","15":"taxable","16":"shipping-taxable","17":"purchasable","18":"product-type-simple"},"_links":{"self":[{"href":"https:\/\/stylingagenten.com\/fi\/wp-json\/wp\/v2\/product\/420352","targetHints":{"allow":["GET"]}}],"collection":[{"href":"https:\/\/stylingagenten.com\/fi\/wp-json\/wp\/v2\/product"}],"about":[{"href":"https:\/\/stylingagenten.com\/fi\/wp-json\/wp\/v2\/types\/product"}],"replies":[{"embeddable":true,"href":"https:\/\/stylingagenten.com\/fi\/wp-json\/wp\/v2\/comments?post=420352"}],"version-history":[{"count":0,"href":"https:\/\/stylingagenten.com\/fi\/wp-json\/wp\/v2\/product\/420352\/revisions"}],"wp:featuredmedia":[{"embeddable":true,"href":"https:\/\/stylingagenten.com\/fi\/wp-json\/wp\/v2\/media\/420350"}],"wp:attachment":[{"href":"https:\/\/stylingagenten.com\/fi\/wp-json\/wp\/v2\/media?parent=420352"}],"wp:term":[{"taxonomy":"product_brand","embeddable":true,"href":"https:\/\/stylingagenten.com\/fi\/wp-json\/wp\/v2\/product_brand?post=420352"},{"taxonomy":"product_cat","embeddable":true,"href":"https:\/\/stylingagenten.com\/fi\/wp-json\/wp\/v2\/product_cat?post=420352"},{"taxonomy":"product_tag","embeddable":true,"href":"https:\/\/stylingagenten.com\/fi\/wp-json\/wp\/v2\/product_tag?post=420352"},{"taxonomy":"berocket_brand","embeddable":true,"href":"https:\/\/stylingagenten.com\/fi\/wp-json\/wp\/v2\/berocket_brand?post=420352"}],"curies":[{"name":"wp","href":"https:\/\/api.w.org\/{rel}","templated":true}]}}