{"id":420349,"date":"2025-08-25T10:55:58","date_gmt":"2025-08-25T10:55:58","guid":{"rendered":"https:\/\/staging2.stylingagenten.com\/fi\/tuote\/armaf-checkmate-queen-edp-100ml\/"},"modified":"2026-03-11T21:58:38","modified_gmt":"2026-03-11T21:58:38","slug":"armaf-checkmate-queen-edp-100ml","status":"publish","type":"product","link":"https:\/\/stylingagenten.com\/fi\/tuote\/armaf-checkmate-queen-edp-100ml\/","title":{"rendered":"Armaf Checkmate Queen Edp 100ml"},"content":{"rendered":"<p>Armaf Checkmate Queen EdP tulee nopeasti uudeksi intohimosi ja vaikea luopua. Se hurmaa sinut ensit\u00f6ikseen ja vakuuttaa, ett\u00e4 se ansaitsee ehdottomasti paikkansa meikkip\u00f6yd\u00e4ll\u00e4si.<\/p>\n<p>Alkutuoksut: Tuberose, Vihre\u00e4t s\u00e4vyt<br \/>Syd\u00e4ntuoksut: Viikuna, Mausteet<br \/>Pohjatuoksut: Santelipuu, Puuteriset s\u00e4vyt<\/p>\n<p>100ml<\/p>\n","protected":false},"excerpt":{"rendered":"<p>Armaf Checkmate Queen EdP tulee nopeasti uudeksi intohimosi ja vaikea luopua. Se hurmaa sinut ensit\u00f6ikseen ja vakuuttaa, ett\u00e4 se ansaitsee ehdottomasti paikkansa meikkip\u00f6yd\u00e4ll\u00e4si. Alkutuoksut: Tuberose, Vihre\u00e4t s\u00e4vytSyd\u00e4ntuoksut: Viikuna, MausteetPohjatuoksut: Santelipuu, Puuteriset s\u00e4vyt 100ml<\/p>\n","protected":false},"featured_media":420346,"comment_status":"open","ping_status":"closed","template":"","meta":{"_trash_the_other_posts":false},"product_brand":[],"product_cat":[999,706,735],"product_tag":[],"berocket_brand":[1989],"class_list":{"0":"post-420349","1":"product","2":"type-product","3":"status-publish","4":"has-post-thumbnail","6":"product_cat-kampanjatarjous-naiselle","7":"product_cat-naisten-eau-de-parfum","8":"product_cat-kampanjamme","9":"pa_brand-armaf","10":"berocket_brand-armaf","12":"first","13":"instock","14":"sale","15":"taxable","16":"shipping-taxable","17":"purchasable","18":"product-type-simple"},"_links":{"self":[{"href":"https:\/\/stylingagenten.com\/fi\/wp-json\/wp\/v2\/product\/420349","targetHints":{"allow":["GET"]}}],"collection":[{"href":"https:\/\/stylingagenten.com\/fi\/wp-json\/wp\/v2\/product"}],"about":[{"href":"https:\/\/stylingagenten.com\/fi\/wp-json\/wp\/v2\/types\/product"}],"replies":[{"embeddable":true,"href":"https:\/\/stylingagenten.com\/fi\/wp-json\/wp\/v2\/comments?post=420349"}],"version-history":[{"count":0,"href":"https:\/\/stylingagenten.com\/fi\/wp-json\/wp\/v2\/product\/420349\/revisions"}],"wp:featuredmedia":[{"embeddable":true,"href":"https:\/\/stylingagenten.com\/fi\/wp-json\/wp\/v2\/media\/420346"}],"wp:attachment":[{"href":"https:\/\/stylingagenten.com\/fi\/wp-json\/wp\/v2\/media?parent=420349"}],"wp:term":[{"taxonomy":"product_brand","embeddable":true,"href":"https:\/\/stylingagenten.com\/fi\/wp-json\/wp\/v2\/product_brand?post=420349"},{"taxonomy":"product_cat","embeddable":true,"href":"https:\/\/stylingagenten.com\/fi\/wp-json\/wp\/v2\/product_cat?post=420349"},{"taxonomy":"product_tag","embeddable":true,"href":"https:\/\/stylingagenten.com\/fi\/wp-json\/wp\/v2\/product_tag?post=420349"},{"taxonomy":"berocket_brand","embeddable":true,"href":"https:\/\/stylingagenten.com\/fi\/wp-json\/wp\/v2\/berocket_brand?post=420349"}],"curies":[{"name":"wp","href":"https:\/\/api.w.org\/{rel}","templated":true}]}}