{"id":420340,"date":"2025-08-25T10:55:51","date_gmt":"2025-08-25T10:55:51","guid":{"rendered":"https:\/\/staging2.stylingagenten.com\/fi\/tuote\/armaf-niche-black-onyx-edp-90ml\/"},"modified":"2026-03-11T21:51:04","modified_gmt":"2026-03-11T21:51:04","slug":"armaf-niche-black-onyx-edp-90ml","status":"publish","type":"product","link":"https:\/\/stylingagenten.com\/fi\/tuote\/armaf-niche-black-onyx-edp-90ml\/","title":{"rendered":"Armaf Niche Black Onyx Edp 90ml"},"content":{"rendered":"<p>Armaf Niche Black Onyx EdP ilment\u00e4\u00e4 kaiken id\u00e4n voiman ja rikkauden. Mausteinen maskuliininen tuoksu, joka on suunniteltu her\u00e4tt\u00e4m\u00e4\u00e4n itseluottamusta ja p\u00e4\u00e4tt\u00e4v\u00e4isyytt\u00e4 auttaakseen sinua menestym\u00e4\u00e4n.<\/p>\n<p>Alkutuoksut: Kardemumma, Sitruuna, Kaneli<br \/>Syd\u00e4ntuoksut: Myrra, Agarpuu, Ruusu<br \/>Pohjatuoksut: Meripihka, Valkoinen myski, Patsuli<\/p>\n<p>90ml<\/p>\n","protected":false},"excerpt":{"rendered":"<p>Armaf Niche Black Onyx EdP ilment\u00e4\u00e4 kaiken id\u00e4n voiman ja rikkauden. Mausteinen maskuliininen tuoksu, joka on suunniteltu her\u00e4tt\u00e4m\u00e4\u00e4n itseluottamusta ja p\u00e4\u00e4tt\u00e4v\u00e4isyytt\u00e4 auttaakseen sinua menestym\u00e4\u00e4n. Alkutuoksut: Kardemumma, Sitruuna, KaneliSyd\u00e4ntuoksut: Myrra, Agarpuu, RuusuPohjatuoksut: Meripihka, Valkoinen myski, Patsuli 90ml<\/p>\n","protected":false},"featured_media":420336,"comment_status":"open","ping_status":"closed","template":"","meta":{"_trash_the_other_posts":false},"product_brand":[],"product_cat":[729,1000,735],"product_tag":[],"berocket_brand":[1989],"class_list":{"0":"post-420340","1":"product","2":"type-product","3":"status-publish","4":"has-post-thumbnail","6":"product_cat-eau-de-parfum-unisex","7":"product_cat-kampanjatarjous-miehelle","8":"product_cat-kampanjamme","9":"pa_brand-armaf","10":"berocket_brand-armaf","12":"first","13":"instock","14":"sale","15":"taxable","16":"shipping-taxable","17":"purchasable","18":"product-type-simple"},"_links":{"self":[{"href":"https:\/\/stylingagenten.com\/fi\/wp-json\/wp\/v2\/product\/420340","targetHints":{"allow":["GET"]}}],"collection":[{"href":"https:\/\/stylingagenten.com\/fi\/wp-json\/wp\/v2\/product"}],"about":[{"href":"https:\/\/stylingagenten.com\/fi\/wp-json\/wp\/v2\/types\/product"}],"replies":[{"embeddable":true,"href":"https:\/\/stylingagenten.com\/fi\/wp-json\/wp\/v2\/comments?post=420340"}],"version-history":[{"count":0,"href":"https:\/\/stylingagenten.com\/fi\/wp-json\/wp\/v2\/product\/420340\/revisions"}],"wp:featuredmedia":[{"embeddable":true,"href":"https:\/\/stylingagenten.com\/fi\/wp-json\/wp\/v2\/media\/420336"}],"wp:attachment":[{"href":"https:\/\/stylingagenten.com\/fi\/wp-json\/wp\/v2\/media?parent=420340"}],"wp:term":[{"taxonomy":"product_brand","embeddable":true,"href":"https:\/\/stylingagenten.com\/fi\/wp-json\/wp\/v2\/product_brand?post=420340"},{"taxonomy":"product_cat","embeddable":true,"href":"https:\/\/stylingagenten.com\/fi\/wp-json\/wp\/v2\/product_cat?post=420340"},{"taxonomy":"product_tag","embeddable":true,"href":"https:\/\/stylingagenten.com\/fi\/wp-json\/wp\/v2\/product_tag?post=420340"},{"taxonomy":"berocket_brand","embeddable":true,"href":"https:\/\/stylingagenten.com\/fi\/wp-json\/wp\/v2\/berocket_brand?post=420340"}],"curies":[{"name":"wp","href":"https:\/\/api.w.org\/{rel}","templated":true}]}}