{"id":420325,"date":"2025-08-25T10:55:45","date_gmt":"2025-08-25T10:55:45","guid":{"rendered":"https:\/\/staging2.stylingagenten.com\/fi\/tuote\/armaf-tres-jour-edp-100ml\/"},"modified":"2026-03-31T05:17:27","modified_gmt":"2026-03-31T05:17:27","slug":"armaf-tres-jour-edp-100ml","status":"publish","type":"product","link":"https:\/\/stylingagenten.com\/fi\/tuote\/armaf-tres-jour-edp-100ml\/","title":{"rendered":"Armaf Tres Jour Edp 100ml"},"content":{"rendered":"<p>Armaf Tres Jour EdP tulee nopeasti uudeksi intohimosi ja mahdoton luopua. Se hurmaa sinut heti ensi hetkest\u00e4 ja vakuuttaa, ett\u00e4 se ansaitsee ehdottomasti paikkansa meikkip\u00f6yd\u00e4ll\u00e4si.<\/p>\n<p>Alkutuoksut: Neroli, Sitruuna, Vihre\u00e4 tee<br \/>Syd\u00e4ntuoksut: Valkoiset kukat<br \/>Pohjatuoksut: Vanilja, Patsuli, Setripuu, Myski<\/p>\n<p>100ml<\/p>\n","protected":false},"excerpt":{"rendered":"<p>Armaf Tres Jour EdP tulee nopeasti uudeksi intohimosi ja mahdoton luopua. Se hurmaa sinut heti ensi hetkest\u00e4 ja vakuuttaa, ett\u00e4 se ansaitsee ehdottomasti paikkansa meikkip\u00f6yd\u00e4ll\u00e4si. Alkutuoksut: Neroli, Sitruuna, Vihre\u00e4 teeSyd\u00e4ntuoksut: Valkoiset kukatPohjatuoksut: Vanilja, Patsuli, Setripuu, Myski 100ml<\/p>\n","protected":false},"featured_media":420323,"comment_status":"open","ping_status":"closed","template":"","meta":{"_trash_the_other_posts":false},"product_brand":[],"product_cat":[999,706,735],"product_tag":[],"berocket_brand":[1989],"class_list":{"0":"post-420325","1":"product","2":"type-product","3":"status-publish","4":"has-post-thumbnail","6":"product_cat-kampanjatarjous-naiselle","7":"product_cat-naisten-eau-de-parfum","8":"product_cat-kampanjamme","9":"pa_brand-armaf","10":"berocket_brand-armaf","12":"first","13":"instock","14":"sale","15":"taxable","16":"shipping-taxable","17":"purchasable","18":"product-type-simple"},"_links":{"self":[{"href":"https:\/\/stylingagenten.com\/fi\/wp-json\/wp\/v2\/product\/420325","targetHints":{"allow":["GET"]}}],"collection":[{"href":"https:\/\/stylingagenten.com\/fi\/wp-json\/wp\/v2\/product"}],"about":[{"href":"https:\/\/stylingagenten.com\/fi\/wp-json\/wp\/v2\/types\/product"}],"replies":[{"embeddable":true,"href":"https:\/\/stylingagenten.com\/fi\/wp-json\/wp\/v2\/comments?post=420325"}],"version-history":[{"count":0,"href":"https:\/\/stylingagenten.com\/fi\/wp-json\/wp\/v2\/product\/420325\/revisions"}],"wp:featuredmedia":[{"embeddable":true,"href":"https:\/\/stylingagenten.com\/fi\/wp-json\/wp\/v2\/media\/420323"}],"wp:attachment":[{"href":"https:\/\/stylingagenten.com\/fi\/wp-json\/wp\/v2\/media?parent=420325"}],"wp:term":[{"taxonomy":"product_brand","embeddable":true,"href":"https:\/\/stylingagenten.com\/fi\/wp-json\/wp\/v2\/product_brand?post=420325"},{"taxonomy":"product_cat","embeddable":true,"href":"https:\/\/stylingagenten.com\/fi\/wp-json\/wp\/v2\/product_cat?post=420325"},{"taxonomy":"product_tag","embeddable":true,"href":"https:\/\/stylingagenten.com\/fi\/wp-json\/wp\/v2\/product_tag?post=420325"},{"taxonomy":"berocket_brand","embeddable":true,"href":"https:\/\/stylingagenten.com\/fi\/wp-json\/wp\/v2\/berocket_brand?post=420325"}],"curies":[{"name":"wp","href":"https:\/\/api.w.org\/{rel}","templated":true}]}}