{"id":420306,"date":"2025-08-25T10:55:34","date_gmt":"2025-08-25T10:55:34","guid":{"rendered":"https:\/\/staging2.stylingagenten.com\/fi\/tuote\/britney-spears-jungle-fantasy-edt-30ml\/"},"modified":"2026-04-13T08:29:34","modified_gmt":"2026-04-13T08:29:34","slug":"britney-spears-jungle-fantasy-edt-30ml","status":"publish","type":"product","link":"https:\/\/stylingagenten.com\/fi\/tuote\/britney-spears-jungle-fantasy-edt-30ml\/","title":{"rendered":"Britney Spears Jungle Fantasy Edt 30ml"},"content":{"rendered":"<p>P\u00e4\u00e4st\u00e4 irti villimmist\u00e4 mielikuvistasi. Lenn\u00e4 tuntemattomaan ja tutustu tuoksuun Jungle Fantasy, joka on saanut inspiraationsa Britney Spearsin eloisasta energiasta, villist\u00e4 asenteesta ja vapaasta hengest\u00e4. Tuoksun yl\u00e4nuotteina ovat vesimeloninkukat \u2014 virkist\u00e4v\u00e4 aloitus. Gustavia-kukat her\u00e4tt\u00e4v\u00e4t innostuksen kukkaisella syd\u00e4mell\u00e4\u00e4n ja eksoottisella hehkullaan. Tonka-pavun Absoluutti lis\u00e4\u00e4 ripauksen makeutta ja antaa koukuttavan lopetuksen. Jungle Fantasy, eksoottinen tuoksu Britney Spears\u2122.<\/p>\n<p>30ml<\/p>\n","protected":false},"excerpt":{"rendered":"<p>P\u00e4\u00e4st\u00e4 irti villimmist\u00e4 mielikuvistasi. Lenn\u00e4 tuntemattomaan ja tutustu tuoksuun Jungle Fantasy, joka on saanut inspiraationsa Britney Spearsin eloisasta energiasta, villist\u00e4 asenteesta ja vapaasta hengest\u00e4. Tuoksun yl\u00e4nuotteina ovat vesimeloninkukat \u2014 virkist\u00e4v\u00e4 aloitus. Gustavia-kukat her\u00e4tt\u00e4v\u00e4t innostuksen kukkaisella syd\u00e4mell\u00e4\u00e4n ja eksoottisella hehkullaan. Tonka-pavun Absoluutti lis\u00e4\u00e4 ripauksen makeutta ja antaa koukuttavan lopetuksen. Jungle Fantasy, eksoottinen tuoksu Britney Spears\u2122. 30ml<\/p>\n","protected":false},"featured_media":420299,"comment_status":"open","ping_status":"closed","template":"","meta":{"_trash_the_other_posts":false},"product_brand":[],"product_cat":[999,707,735],"product_tag":[],"berocket_brand":[1031],"class_list":{"0":"post-420306","1":"product","2":"type-product","3":"status-publish","4":"has-post-thumbnail","6":"product_cat-kampanjatarjous-naiselle","7":"product_cat-naisten-eau-de-toilette","8":"product_cat-kampanjamme","9":"pa_brand-britney-spears","10":"berocket_brand-britney-spears","12":"first","13":"instock","14":"sale","15":"taxable","16":"shipping-taxable","17":"purchasable","18":"product-type-simple"},"_links":{"self":[{"href":"https:\/\/stylingagenten.com\/fi\/wp-json\/wp\/v2\/product\/420306","targetHints":{"allow":["GET"]}}],"collection":[{"href":"https:\/\/stylingagenten.com\/fi\/wp-json\/wp\/v2\/product"}],"about":[{"href":"https:\/\/stylingagenten.com\/fi\/wp-json\/wp\/v2\/types\/product"}],"replies":[{"embeddable":true,"href":"https:\/\/stylingagenten.com\/fi\/wp-json\/wp\/v2\/comments?post=420306"}],"version-history":[{"count":0,"href":"https:\/\/stylingagenten.com\/fi\/wp-json\/wp\/v2\/product\/420306\/revisions"}],"wp:featuredmedia":[{"embeddable":true,"href":"https:\/\/stylingagenten.com\/fi\/wp-json\/wp\/v2\/media\/420299"}],"wp:attachment":[{"href":"https:\/\/stylingagenten.com\/fi\/wp-json\/wp\/v2\/media?parent=420306"}],"wp:term":[{"taxonomy":"product_brand","embeddable":true,"href":"https:\/\/stylingagenten.com\/fi\/wp-json\/wp\/v2\/product_brand?post=420306"},{"taxonomy":"product_cat","embeddable":true,"href":"https:\/\/stylingagenten.com\/fi\/wp-json\/wp\/v2\/product_cat?post=420306"},{"taxonomy":"product_tag","embeddable":true,"href":"https:\/\/stylingagenten.com\/fi\/wp-json\/wp\/v2\/product_tag?post=420306"},{"taxonomy":"berocket_brand","embeddable":true,"href":"https:\/\/stylingagenten.com\/fi\/wp-json\/wp\/v2\/berocket_brand?post=420306"}],"curies":[{"name":"wp","href":"https:\/\/api.w.org\/{rel}","templated":true}]}}