{"id":420291,"date":"2025-08-25T10:55:27","date_gmt":"2025-08-25T10:55:27","guid":{"rendered":"https:\/\/staging2.stylingagenten.com\/fi\/tuote\/marc-jacobs-daisy-love-glow-edt-50ml\/"},"modified":"2026-04-10T18:58:32","modified_gmt":"2026-04-10T18:58:32","slug":"marc-jacobs-daisy-love-glow-edt-50ml","status":"publish","type":"product","link":"https:\/\/stylingagenten.com\/fi\/tuote\/marc-jacobs-daisy-love-glow-edt-50ml\/","title":{"rendered":"Marc Jacobs Daisy Love Glow Edt 50ml"},"content":{"rendered":"<p>L\u00e4hde seikkailuun Daisy Glown s\u00e4teilev\u00e4\u00e4n maailmaan, raikas ja kukkainen tuoksu naisille. T\u00e4m\u00e4 uusi rajoitettu er\u00e4 Marc Jacobsin tuoksua on yhdistelm\u00e4 kukkivia luonnollisia ainesosia ja tuoksua aktivoivaa innovaatiota, jotka sulautuvat t\u00e4ydelliseksi lis\u00e4ykseksi Daisy Gardeniin. Daisy Glow Loves -tuoksun nuotit ovat virheet\u00f6n sekoitus: yl\u00e4nuotteina ter\u00e4vi\u00e4 eteerisi\u00e4 sitruuna\u00f6ljyj\u00e4, lakkaa ja rauhoittavaa bergamottia; syd\u00e4nnuotteina eteerist\u00e4 neilikka\u00f6ljy\u00e4, jasmiinia ja sitruunankukkia; ja pohjanuotteina l\u00e4mmin kashmirmyrsky ja patsuli\u00f6ljy. Marc Jacobs Daisy -tuoksut yhdist\u00e4v\u00e4t eloisia s\u00e4vyj\u00e4, sek\u00e4 luonnollisia ett\u00e4 synteettisi\u00e4, luoden tuoksuja, jotka ovat uskomattoman raikkaita ja ainutlaatuisia, mutta my\u00f6s kest\u00e4vi\u00e4. K\u00e4yt\u00e4 tuoksua muistutuksena siit\u00e4, ett\u00e4 auringonpaiste ja luonto ovat aina vain suihkauksen p\u00e4\u00e4ss\u00e4.<\/p>\n<p>50ml<\/p>\n","protected":false},"excerpt":{"rendered":"<p>L\u00e4hde seikkailuun Daisy Glown s\u00e4teilev\u00e4\u00e4n maailmaan, raikas ja kukkainen tuoksu naisille. T\u00e4m\u00e4 uusi rajoitettu er\u00e4 Marc Jacobsin tuoksua on yhdistelm\u00e4 kukkivia luonnollisia ainesosia ja tuoksua aktivoivaa innovaatiota, jotka sulautuvat t\u00e4ydelliseksi lis\u00e4ykseksi Daisy Gardeniin. Daisy Glow Loves -tuoksun nuotit ovat virheet\u00f6n sekoitus: yl\u00e4nuotteina ter\u00e4vi\u00e4 eteerisi\u00e4 sitruuna\u00f6ljyj\u00e4, lakkaa ja rauhoittavaa bergamottia; syd\u00e4nnuotteina eteerist\u00e4 neilikka\u00f6ljy\u00e4, jasmiinia ja sitruunankukkia; [&hellip;]<\/p>\n","protected":false},"featured_media":420282,"comment_status":"open","ping_status":"closed","template":"","meta":{"_trash_the_other_posts":false},"product_brand":[],"product_cat":[999,707,735],"product_tag":[],"berocket_brand":[1069],"class_list":{"0":"post-420291","1":"product","2":"type-product","3":"status-publish","4":"has-post-thumbnail","6":"product_cat-kampanjatarjous-naiselle","7":"product_cat-naisten-eau-de-toilette","8":"product_cat-kampanjamme","9":"pa_brand-marc-jacobs","10":"berocket_brand-marc-jacobs","12":"first","13":"outofstock","14":"sale","15":"taxable","16":"shipping-taxable","17":"purchasable","18":"product-type-simple"},"_links":{"self":[{"href":"https:\/\/stylingagenten.com\/fi\/wp-json\/wp\/v2\/product\/420291","targetHints":{"allow":["GET"]}}],"collection":[{"href":"https:\/\/stylingagenten.com\/fi\/wp-json\/wp\/v2\/product"}],"about":[{"href":"https:\/\/stylingagenten.com\/fi\/wp-json\/wp\/v2\/types\/product"}],"replies":[{"embeddable":true,"href":"https:\/\/stylingagenten.com\/fi\/wp-json\/wp\/v2\/comments?post=420291"}],"version-history":[{"count":0,"href":"https:\/\/stylingagenten.com\/fi\/wp-json\/wp\/v2\/product\/420291\/revisions"}],"wp:featuredmedia":[{"embeddable":true,"href":"https:\/\/stylingagenten.com\/fi\/wp-json\/wp\/v2\/media\/420282"}],"wp:attachment":[{"href":"https:\/\/stylingagenten.com\/fi\/wp-json\/wp\/v2\/media?parent=420291"}],"wp:term":[{"taxonomy":"product_brand","embeddable":true,"href":"https:\/\/stylingagenten.com\/fi\/wp-json\/wp\/v2\/product_brand?post=420291"},{"taxonomy":"product_cat","embeddable":true,"href":"https:\/\/stylingagenten.com\/fi\/wp-json\/wp\/v2\/product_cat?post=420291"},{"taxonomy":"product_tag","embeddable":true,"href":"https:\/\/stylingagenten.com\/fi\/wp-json\/wp\/v2\/product_tag?post=420291"},{"taxonomy":"berocket_brand","embeddable":true,"href":"https:\/\/stylingagenten.com\/fi\/wp-json\/wp\/v2\/berocket_brand?post=420291"}],"curies":[{"name":"wp","href":"https:\/\/api.w.org\/{rel}","templated":true}]}}