{"id":420281,"date":"2025-08-25T10:55:23","date_gmt":"2025-08-25T10:55:23","guid":{"rendered":"https:\/\/staging2.stylingagenten.com\/fi\/tuote\/malibu-dry-oil-spf20-spf50-after-sun-3-pack\/"},"modified":"2026-04-15T07:10:39","modified_gmt":"2026-04-15T07:10:39","slug":"malibu-dry-oil-spf20-spf50-after-sun-3-pack","status":"publish","type":"product","link":"https:\/\/stylingagenten.com\/fi\/tuote\/malibu-dry-oil-spf20-spf50-after-sun-3-pack\/","title":{"rendered":"Malibu Dry Oil SPF20 &amp; SPF50 + After Sun 3-pack"},"content":{"rendered":"<p>Malibu 100ml 3-pack sis\u00e4lt\u00e4\u00e4 SPF20 Dry Oilin, SPF50 Dry Oilin ja Aloe Vera After Sunin, tarjoten t\u00e4ydellisen ratkaisun aurinkosuojaukseen ja j\u00e4lkihoitoon. Se on suunniteltu yksil\u00f6ille ja perheille, jotka tarvitsevat tehokasta aurinkosuojaa ja j\u00e4lkihoitoa. Kuivavoidesuihkeet tarjoavat rasvattoman ja ei-tahmaavan suojan, joka sopii kaikille, t\u00e4ydent\u00e4en aloe veran rauhoittavia ja kosteuttavia ominaisuuksia. T\u00e4m\u00e4 pakkaus takaa sek\u00e4 laadun ett\u00e4 edullisuuden, tehden siit\u00e4 erinomaisen valinnan aurinkonhoitoon.<\/p>\n<p>Sis\u00e4lt\u00e4\u00e4:<br \/>100ml SPF20 Dry Oil Spray: Keskitasoinen aurinkosuoja rasvattomalla koostumuksella.<br \/>100ml SPF50 Dry Oil Spray: Korkea aurinkosuoja kevyell\u00e4 koostumuksella.<br \/>100ml Aloe Vera After Sun Gel: Rauhoittaa ja kosteuttaa auringolle altistunutta ihoa.<\/p>\n","protected":false},"excerpt":{"rendered":"<p>Malibu 100ml 3-pack sis\u00e4lt\u00e4\u00e4 SPF20 Dry Oilin, SPF50 Dry Oilin ja Aloe Vera After Sunin, tarjoten t\u00e4ydellisen ratkaisun aurinkosuojaukseen ja j\u00e4lkihoitoon. Se on suunniteltu yksil\u00f6ille ja perheille, jotka tarvitsevat tehokasta aurinkosuojaa ja j\u00e4lkihoitoa. Kuivavoidesuihkeet tarjoavat rasvattoman ja ei-tahmaavan suojan, joka sopii kaikille, t\u00e4ydent\u00e4en aloe veran rauhoittavia ja kosteuttavia ominaisuuksia. T\u00e4m\u00e4 pakkaus takaa sek\u00e4 laadun ett\u00e4 [&hellip;]<\/p>\n","protected":false},"featured_media":420280,"comment_status":"open","ping_status":"closed","template":"","meta":{"_trash_the_other_posts":false},"product_brand":[],"product_cat":[573],"product_tag":[],"berocket_brand":[1241],"class_list":{"0":"post-420281","1":"product","2":"type-product","3":"status-publish","4":"has-post-thumbnail","6":"product_cat-aurinkosuoja","7":"pa_brand-malibu","8":"berocket_brand-malibu","10":"first","11":"instock","12":"sale","13":"taxable","14":"shipping-taxable","15":"purchasable","16":"product-type-simple"},"_links":{"self":[{"href":"https:\/\/stylingagenten.com\/fi\/wp-json\/wp\/v2\/product\/420281","targetHints":{"allow":["GET"]}}],"collection":[{"href":"https:\/\/stylingagenten.com\/fi\/wp-json\/wp\/v2\/product"}],"about":[{"href":"https:\/\/stylingagenten.com\/fi\/wp-json\/wp\/v2\/types\/product"}],"replies":[{"embeddable":true,"href":"https:\/\/stylingagenten.com\/fi\/wp-json\/wp\/v2\/comments?post=420281"}],"version-history":[{"count":0,"href":"https:\/\/stylingagenten.com\/fi\/wp-json\/wp\/v2\/product\/420281\/revisions"}],"wp:featuredmedia":[{"embeddable":true,"href":"https:\/\/stylingagenten.com\/fi\/wp-json\/wp\/v2\/media\/420280"}],"wp:attachment":[{"href":"https:\/\/stylingagenten.com\/fi\/wp-json\/wp\/v2\/media?parent=420281"}],"wp:term":[{"taxonomy":"product_brand","embeddable":true,"href":"https:\/\/stylingagenten.com\/fi\/wp-json\/wp\/v2\/product_brand?post=420281"},{"taxonomy":"product_cat","embeddable":true,"href":"https:\/\/stylingagenten.com\/fi\/wp-json\/wp\/v2\/product_cat?post=420281"},{"taxonomy":"product_tag","embeddable":true,"href":"https:\/\/stylingagenten.com\/fi\/wp-json\/wp\/v2\/product_tag?post=420281"},{"taxonomy":"berocket_brand","embeddable":true,"href":"https:\/\/stylingagenten.com\/fi\/wp-json\/wp\/v2\/berocket_brand?post=420281"}],"curies":[{"name":"wp","href":"https:\/\/api.w.org\/{rel}","templated":true}]}}