{"id":420277,"date":"2025-08-25T10:55:20","date_gmt":"2025-08-25T10:55:20","guid":{"rendered":"https:\/\/staging2.stylingagenten.com\/fi\/tuote\/malibu-ice-blue-moisturising-after-sun-gel-400ml\/"},"modified":"2026-03-28T11:07:41","modified_gmt":"2026-03-28T11:07:41","slug":"malibu-ice-blue-moisturising-after-sun-gel-400ml","status":"publish","type":"product","link":"https:\/\/stylingagenten.com\/fi\/tuote\/malibu-ice-blue-moisturising-after-sun-gel-400ml\/","title":{"rendered":"Malibu Ice Blue Moisturising After Sun Gel 400ml"},"content":{"rendered":"<p>J\u00e4\u00e4hdytt\u00e4\u00e4 ja rauhoittaa ihoa auringonoton j\u00e4lkeen. S\u00e4ilytt\u00e4en ihon kosteuden se auttaa est\u00e4m\u00e4\u00e4n hilseily\u00e4, pit\u00e4\u00e4 ihon pehme\u00e4n\u00e4 ja sile\u00e4n\u00e4 sek\u00e4 pident\u00e4\u00e4 rusketustasi. After Sun -voide, joka on rikastettu Aloe Veran rauhoittavilla vaikutuksilla.<\/p>\n<p>400 ml<\/p>\n","protected":false},"excerpt":{"rendered":"<p>J\u00e4\u00e4hdytt\u00e4\u00e4 ja rauhoittaa ihoa auringonoton j\u00e4lkeen. S\u00e4ilytt\u00e4en ihon kosteuden se auttaa est\u00e4m\u00e4\u00e4n hilseily\u00e4, pit\u00e4\u00e4 ihon pehme\u00e4n\u00e4 ja sile\u00e4n\u00e4 sek\u00e4 pident\u00e4\u00e4 rusketustasi. After Sun -voide, joka on rikastettu Aloe Veran rauhoittavilla vaikutuksilla. 400 ml<\/p>\n","protected":false},"featured_media":420276,"comment_status":"open","ping_status":"closed","template":"","meta":{"_trash_the_other_posts":false},"product_brand":[],"product_cat":[658],"product_tag":[],"berocket_brand":[1241],"class_list":{"0":"post-420277","1":"product","2":"type-product","3":"status-publish","4":"has-post-thumbnail","6":"product_cat-auringon-jalkeen","7":"pa_brand-malibu","8":"berocket_brand-malibu","10":"first","11":"instock","12":"sale","13":"taxable","14":"shipping-taxable","15":"purchasable","16":"product-type-simple"},"_links":{"self":[{"href":"https:\/\/stylingagenten.com\/fi\/wp-json\/wp\/v2\/product\/420277","targetHints":{"allow":["GET"]}}],"collection":[{"href":"https:\/\/stylingagenten.com\/fi\/wp-json\/wp\/v2\/product"}],"about":[{"href":"https:\/\/stylingagenten.com\/fi\/wp-json\/wp\/v2\/types\/product"}],"replies":[{"embeddable":true,"href":"https:\/\/stylingagenten.com\/fi\/wp-json\/wp\/v2\/comments?post=420277"}],"version-history":[{"count":0,"href":"https:\/\/stylingagenten.com\/fi\/wp-json\/wp\/v2\/product\/420277\/revisions"}],"wp:featuredmedia":[{"embeddable":true,"href":"https:\/\/stylingagenten.com\/fi\/wp-json\/wp\/v2\/media\/420276"}],"wp:attachment":[{"href":"https:\/\/stylingagenten.com\/fi\/wp-json\/wp\/v2\/media?parent=420277"}],"wp:term":[{"taxonomy":"product_brand","embeddable":true,"href":"https:\/\/stylingagenten.com\/fi\/wp-json\/wp\/v2\/product_brand?post=420277"},{"taxonomy":"product_cat","embeddable":true,"href":"https:\/\/stylingagenten.com\/fi\/wp-json\/wp\/v2\/product_cat?post=420277"},{"taxonomy":"product_tag","embeddable":true,"href":"https:\/\/stylingagenten.com\/fi\/wp-json\/wp\/v2\/product_tag?post=420277"},{"taxonomy":"berocket_brand","embeddable":true,"href":"https:\/\/stylingagenten.com\/fi\/wp-json\/wp\/v2\/berocket_brand?post=420277"}],"curies":[{"name":"wp","href":"https:\/\/api.w.org\/{rel}","templated":true}]}}