{"id":420228,"date":"2025-08-25T10:54:50","date_gmt":"2025-08-25T10:54:50","guid":{"rendered":"https:\/\/staging2.stylingagenten.com\/fi\/tuote\/wet-n-wild-breakup-proof-liquid-eyeliner-ultra-black\/"},"modified":"2026-02-17T20:36:42","modified_gmt":"2026-02-17T20:36:42","slug":"wet-n-wild-breakup-proof-liquid-eyeliner-ultra-black","status":"publish","type":"product","link":"https:\/\/stylingagenten.com\/fi\/tuote\/wet-n-wild-breakup-proof-liquid-eyeliner-ultra-black\/","title":{"rendered":"Wet n Wild Breakup Proof Liquid Eyeliner Ultra Black"},"content":{"rendered":"<p>Tapaa uusi eyeliner-suosikkisi! Breakup Proof Wing Out Waterproof Liquid Eyeliner!<br \/>Ultaohuen, viistosti leikatun applikaattoriharjan ansiosta ter\u00e4vien ja tasaisien rajauksien tekeminen on helppoa. Samalla upealla koostumuksella kuin alkuper\u00e4inen \u2013 jopa 16 tuntia kyyneleenkest\u00e4v\u00e4\u00e4, tahraamatonta ja haalistumatonta lopputulosta. Rajaukset itsevarmuudella!<br \/>V\u00e4ri: Ultra Black<\/p>\n","protected":false},"excerpt":{"rendered":"<p>Tapaa uusi eyeliner-suosikkisi! Breakup Proof Wing Out Waterproof Liquid Eyeliner!Ultaohuen, viistosti leikatun applikaattoriharjan ansiosta ter\u00e4vien ja tasaisien rajauksien tekeminen on helppoa. Samalla upealla koostumuksella kuin alkuper\u00e4inen \u2013 jopa 16 tuntia kyyneleenkest\u00e4v\u00e4\u00e4, tahraamatonta ja haalistumatonta lopputulosta. Rajaukset itsevarmuudella!V\u00e4ri: Ultra Black<\/p>\n","protected":false},"featured_media":420218,"comment_status":"open","ping_status":"closed","template":"","meta":{"_trash_the_other_posts":false},"product_brand":[],"product_cat":[568],"product_tag":[],"berocket_brand":[1035],"class_list":{"0":"post-420228","1":"product","2":"type-product","3":"status-publish","4":"has-post-thumbnail","6":"product_cat-eyeliner-kajal","7":"pa_brand-wet-n-wild","8":"berocket_brand-wet-n-wild","10":"first","11":"instock","12":"taxable","13":"shipping-taxable","14":"purchasable","15":"product-type-simple"},"_links":{"self":[{"href":"https:\/\/stylingagenten.com\/fi\/wp-json\/wp\/v2\/product\/420228","targetHints":{"allow":["GET"]}}],"collection":[{"href":"https:\/\/stylingagenten.com\/fi\/wp-json\/wp\/v2\/product"}],"about":[{"href":"https:\/\/stylingagenten.com\/fi\/wp-json\/wp\/v2\/types\/product"}],"replies":[{"embeddable":true,"href":"https:\/\/stylingagenten.com\/fi\/wp-json\/wp\/v2\/comments?post=420228"}],"version-history":[{"count":0,"href":"https:\/\/stylingagenten.com\/fi\/wp-json\/wp\/v2\/product\/420228\/revisions"}],"wp:featuredmedia":[{"embeddable":true,"href":"https:\/\/stylingagenten.com\/fi\/wp-json\/wp\/v2\/media\/420218"}],"wp:attachment":[{"href":"https:\/\/stylingagenten.com\/fi\/wp-json\/wp\/v2\/media?parent=420228"}],"wp:term":[{"taxonomy":"product_brand","embeddable":true,"href":"https:\/\/stylingagenten.com\/fi\/wp-json\/wp\/v2\/product_brand?post=420228"},{"taxonomy":"product_cat","embeddable":true,"href":"https:\/\/stylingagenten.com\/fi\/wp-json\/wp\/v2\/product_cat?post=420228"},{"taxonomy":"product_tag","embeddable":true,"href":"https:\/\/stylingagenten.com\/fi\/wp-json\/wp\/v2\/product_tag?post=420228"},{"taxonomy":"berocket_brand","embeddable":true,"href":"https:\/\/stylingagenten.com\/fi\/wp-json\/wp\/v2\/berocket_brand?post=420228"}],"curies":[{"name":"wp","href":"https:\/\/api.w.org\/{rel}","templated":true}]}}