{"id":420164,"date":"2025-08-25T10:54:17","date_gmt":"2025-08-25T10:54:17","guid":{"rendered":"https:\/\/staging2.stylingagenten.com\/fi\/tuote\/wet-n-wild-mega-stay-extreme-hold-brow-gel\/"},"modified":"2026-02-06T14:35:30","modified_gmt":"2026-02-06T14:35:30","slug":"wet-n-wild-mega-stay-extreme-hold-brow-gel","status":"publish","type":"product","link":"https:\/\/stylingagenten.com\/fi\/tuote\/wet-n-wild-mega-stay-extreme-hold-brow-gel\/","title":{"rendered":"Wet n Wild Mega Stay Extreme Hold Brow Gel"},"content":{"rendered":"<p>T\u00e4m\u00e4 kevyt geeli muotoilee ja skulpteeraa v\u00e4litt\u00f6m\u00e4sti \u00e4\u00e4rimm\u00e4isell\u00e4 pidolla. Antaa ei-tahmaavan tuen kirkkaalla viimeistelyll\u00e4, t\u00e4ydellinen laminoidun kulmakarvalookin saavuttamiseen. K\u00e4yt\u00e4 pient\u00e4 harjaa nostaaksesi ja asettaaksesi karvat paikoilleen jopa 16 tunnin virheett\u00f6m\u00e4\u00e4n ja hilseilem\u00e4tt\u00f6m\u00e4\u00e4n kestoon!<\/p>\n","protected":false},"excerpt":{"rendered":"<p>T\u00e4m\u00e4 kevyt geeli muotoilee ja skulpteeraa v\u00e4litt\u00f6m\u00e4sti \u00e4\u00e4rimm\u00e4isell\u00e4 pidolla. Antaa ei-tahmaavan tuen kirkkaalla viimeistelyll\u00e4, t\u00e4ydellinen laminoidun kulmakarvalookin saavuttamiseen. K\u00e4yt\u00e4 pient\u00e4 harjaa nostaaksesi ja asettaaksesi karvat paikoilleen jopa 16 tunnin virheett\u00f6m\u00e4\u00e4n ja hilseilem\u00e4tt\u00f6m\u00e4\u00e4n kestoon!<\/p>\n","protected":false},"featured_media":420156,"comment_status":"open","ping_status":"closed","template":"","meta":{"_trash_the_other_posts":false},"product_brand":[],"product_cat":[627],"product_tag":[],"berocket_brand":[1035],"class_list":{"0":"post-420164","1":"product","2":"type-product","3":"status-publish","4":"has-post-thumbnail","6":"product_cat-kulmakarvojen-geeli","7":"pa_brand-wet-n-wild","8":"berocket_brand-wet-n-wild","10":"first","11":"instock","12":"taxable","13":"shipping-taxable","14":"purchasable","15":"product-type-simple"},"_links":{"self":[{"href":"https:\/\/stylingagenten.com\/fi\/wp-json\/wp\/v2\/product\/420164","targetHints":{"allow":["GET"]}}],"collection":[{"href":"https:\/\/stylingagenten.com\/fi\/wp-json\/wp\/v2\/product"}],"about":[{"href":"https:\/\/stylingagenten.com\/fi\/wp-json\/wp\/v2\/types\/product"}],"replies":[{"embeddable":true,"href":"https:\/\/stylingagenten.com\/fi\/wp-json\/wp\/v2\/comments?post=420164"}],"version-history":[{"count":0,"href":"https:\/\/stylingagenten.com\/fi\/wp-json\/wp\/v2\/product\/420164\/revisions"}],"wp:featuredmedia":[{"embeddable":true,"href":"https:\/\/stylingagenten.com\/fi\/wp-json\/wp\/v2\/media\/420156"}],"wp:attachment":[{"href":"https:\/\/stylingagenten.com\/fi\/wp-json\/wp\/v2\/media?parent=420164"}],"wp:term":[{"taxonomy":"product_brand","embeddable":true,"href":"https:\/\/stylingagenten.com\/fi\/wp-json\/wp\/v2\/product_brand?post=420164"},{"taxonomy":"product_cat","embeddable":true,"href":"https:\/\/stylingagenten.com\/fi\/wp-json\/wp\/v2\/product_cat?post=420164"},{"taxonomy":"product_tag","embeddable":true,"href":"https:\/\/stylingagenten.com\/fi\/wp-json\/wp\/v2\/product_tag?post=420164"},{"taxonomy":"berocket_brand","embeddable":true,"href":"https:\/\/stylingagenten.com\/fi\/wp-json\/wp\/v2\/berocket_brand?post=420164"}],"curies":[{"name":"wp","href":"https:\/\/api.w.org\/{rel}","templated":true}]}}