{"id":420155,"date":"2025-08-25T10:54:11","date_gmt":"2025-08-25T10:54:11","guid":{"rendered":"https:\/\/staging2.stylingagenten.com\/fi\/tuote\/wet-n-wild-perfect-pout-lip-liner-stain-im-blushing\/"},"modified":"2026-01-13T19:36:43","modified_gmt":"2026-01-13T19:36:43","slug":"wet-n-wild-perfect-pout-lip-liner-stain-im-blushing","status":"publish","type":"product","link":"https:\/\/stylingagenten.com\/fi\/tuote\/wet-n-wild-perfect-pout-lip-liner-stain-im-blushing\/","title":{"rendered":"Wet n Wild Perfect Pout Lip Liner Stain I&#8217;m Blushing"},"content":{"rendered":"<p>Luo t\u00e4ydellinen suudelmasuu innovatiivisella Perfect Pout Lip Liner Stain -huulilinereill\u00e4mme! T\u00e4m\u00e4 nestem\u00e4inen huulikyn\u00e4 antaa kevyen s\u00e4vyn, joka muistuttaa luonnollista, juuri suudeltua ilmett\u00e4 \u2013 ja kest\u00e4\u00e4 pitk\u00e4\u00e4n. Ainutlaatuinen ter\u00e4n muotoinen applikaattori tekee huulten rajaamisesta ja korostamisesta helppoa. K\u00e4yt\u00e4 k\u00e4rke\u00e4 tarkkaan rajaukseen ja litte\u00e4\u00e4 puolta huulten t\u00e4ytt\u00e4miseen vaivattomasti. Lis\u00e4ksi se on suudelman- ja tahriintumisenkest\u00e4v\u00e4 \u2013 huulesi tulevat kiitt\u00e4m\u00e4\u00e4n sinua!<br \/>S\u00e4vy: I&#8217;m Blushing<\/p>\n","protected":false},"excerpt":{"rendered":"<p>Luo t\u00e4ydellinen suudelmasuu innovatiivisella Perfect Pout Lip Liner Stain -huulilinereill\u00e4mme! T\u00e4m\u00e4 nestem\u00e4inen huulikyn\u00e4 antaa kevyen s\u00e4vyn, joka muistuttaa luonnollista, juuri suudeltua ilmett\u00e4 \u2013 ja kest\u00e4\u00e4 pitk\u00e4\u00e4n. Ainutlaatuinen ter\u00e4n muotoinen applikaattori tekee huulten rajaamisesta ja korostamisesta helppoa. K\u00e4yt\u00e4 k\u00e4rke\u00e4 tarkkaan rajaukseen ja litte\u00e4\u00e4 puolta huulten t\u00e4ytt\u00e4miseen vaivattomasti. Lis\u00e4ksi se on suudelman- ja tahriintumisenkest\u00e4v\u00e4 \u2013 huulesi tulevat [&hellip;]<\/p>\n","protected":false},"featured_media":420149,"comment_status":"open","ping_status":"closed","template":"","meta":{"_trash_the_other_posts":false},"product_brand":[],"product_cat":[592],"product_tag":[],"berocket_brand":[1035],"class_list":{"0":"post-420155","1":"product","2":"type-product","3":"status-publish","4":"has-post-thumbnail","6":"product_cat-huultenrajauskyna","7":"pa_brand-wet-n-wild","8":"berocket_brand-wet-n-wild","10":"first","11":"instock","12":"taxable","13":"shipping-taxable","14":"purchasable","15":"product-type-simple"},"_links":{"self":[{"href":"https:\/\/stylingagenten.com\/fi\/wp-json\/wp\/v2\/product\/420155","targetHints":{"allow":["GET"]}}],"collection":[{"href":"https:\/\/stylingagenten.com\/fi\/wp-json\/wp\/v2\/product"}],"about":[{"href":"https:\/\/stylingagenten.com\/fi\/wp-json\/wp\/v2\/types\/product"}],"replies":[{"embeddable":true,"href":"https:\/\/stylingagenten.com\/fi\/wp-json\/wp\/v2\/comments?post=420155"}],"version-history":[{"count":0,"href":"https:\/\/stylingagenten.com\/fi\/wp-json\/wp\/v2\/product\/420155\/revisions"}],"wp:featuredmedia":[{"embeddable":true,"href":"https:\/\/stylingagenten.com\/fi\/wp-json\/wp\/v2\/media\/420149"}],"wp:attachment":[{"href":"https:\/\/stylingagenten.com\/fi\/wp-json\/wp\/v2\/media?parent=420155"}],"wp:term":[{"taxonomy":"product_brand","embeddable":true,"href":"https:\/\/stylingagenten.com\/fi\/wp-json\/wp\/v2\/product_brand?post=420155"},{"taxonomy":"product_cat","embeddable":true,"href":"https:\/\/stylingagenten.com\/fi\/wp-json\/wp\/v2\/product_cat?post=420155"},{"taxonomy":"product_tag","embeddable":true,"href":"https:\/\/stylingagenten.com\/fi\/wp-json\/wp\/v2\/product_tag?post=420155"},{"taxonomy":"berocket_brand","embeddable":true,"href":"https:\/\/stylingagenten.com\/fi\/wp-json\/wp\/v2\/berocket_brand?post=420155"}],"curies":[{"name":"wp","href":"https:\/\/api.w.org\/{rel}","templated":true}]}}