{"id":420141,"date":"2025-08-25T10:53:59","date_gmt":"2025-08-25T10:53:59","guid":{"rendered":"https:\/\/staging2.stylingagenten.com\/fi\/tuote\/wet-n-wild-lip-oil-vintage-society-7-11ml\/"},"modified":"2025-12-08T13:49:34","modified_gmt":"2025-12-08T13:49:34","slug":"wet-n-wild-lip-oil-vintage-society-7-11ml","status":"publish","type":"product","link":"https:\/\/stylingagenten.com\/fi\/tuote\/wet-n-wild-lip-oil-vintage-society-7-11ml\/","title":{"rendered":"Wet n Wild Lip Oil Vintage Society 7.11ml"},"content":{"rendered":"<p>Kosteutta, kiiltoa JA v\u00e4ri\u00e4? T\u00e4m\u00e4 UUSI, superravitseva koostumus tekee kaiken! Seitsem\u00e4ll\u00e4 luonnon\u00f6ljyll\u00e4 rikastettu s\u00e4vytetty huuli\u00f6ljy kosteuttaa huulia, antaa peilinkiilt\u00e4v\u00e4n lopputuloksen ja upean v\u00e4ripilkahduksen. Kevyt koostumus saa huulesi n\u00e4ytt\u00e4m\u00e4\u00e4n \u2013 ja tuntumaan \u2013 paremmilta kuin koskaan ennen!<\/p>\n<p>wet n wild on monille ensimm\u00e4inen kauneusbr\u00e4ndi \u2013 ja pysyy mukana l\u00e4pi el\u00e4m\u00e4n. Yli 40 vuoden ajan olemme tarjonneet trenditietoista ja kaikille sopivaa innovaatiota, ja olemme luotettava kauneusasiantuntijasi, joka saa sinut n\u00e4ytt\u00e4m\u00e4\u00e4n upealta rikkomatta budjettiasi. Rohkeasta ja kirkkaasta neutraaliin ja hienostuneeseen \u2013 haluamme hemmotella sinua vaihtoehdoilla ja asettaa uuden saavutettavan kauneuden standardin.<\/p>\n<p>Joten anna menn\u00e4, kasta varpaasi uudelleen \u2013 ja anna mielikuvituksen villiinty\u00e4 wet n wildin kanssa!<br \/>V\u00e4ri: Vintage Society<\/p>\n","protected":false},"excerpt":{"rendered":"<p>Kosteutta, kiiltoa JA v\u00e4ri\u00e4? T\u00e4m\u00e4 UUSI, superravitseva koostumus tekee kaiken! Seitsem\u00e4ll\u00e4 luonnon\u00f6ljyll\u00e4 rikastettu s\u00e4vytetty huuli\u00f6ljy kosteuttaa huulia, antaa peilinkiilt\u00e4v\u00e4n lopputuloksen ja upean v\u00e4ripilkahduksen. Kevyt koostumus saa huulesi n\u00e4ytt\u00e4m\u00e4\u00e4n \u2013 ja tuntumaan \u2013 paremmilta kuin koskaan ennen! wet n wild on monille ensimm\u00e4inen kauneusbr\u00e4ndi \u2013 ja pysyy mukana l\u00e4pi el\u00e4m\u00e4n. Yli 40 vuoden ajan olemme tarjonneet [&hellip;]<\/p>\n","protected":false},"featured_media":420135,"comment_status":"open","ping_status":"closed","template":"","meta":{"_trash_the_other_posts":false},"product_brand":[],"product_cat":[599],"product_tag":[],"berocket_brand":[1035],"class_list":{"0":"post-420141","1":"product","2":"type-product","3":"status-publish","4":"has-post-thumbnail","6":"product_cat-huulikiilto","7":"pa_brand-wet-n-wild","8":"berocket_brand-wet-n-wild","10":"first","11":"instock","12":"taxable","13":"shipping-taxable","14":"purchasable","15":"product-type-simple"},"_links":{"self":[{"href":"https:\/\/stylingagenten.com\/fi\/wp-json\/wp\/v2\/product\/420141","targetHints":{"allow":["GET"]}}],"collection":[{"href":"https:\/\/stylingagenten.com\/fi\/wp-json\/wp\/v2\/product"}],"about":[{"href":"https:\/\/stylingagenten.com\/fi\/wp-json\/wp\/v2\/types\/product"}],"replies":[{"embeddable":true,"href":"https:\/\/stylingagenten.com\/fi\/wp-json\/wp\/v2\/comments?post=420141"}],"version-history":[{"count":0,"href":"https:\/\/stylingagenten.com\/fi\/wp-json\/wp\/v2\/product\/420141\/revisions"}],"wp:featuredmedia":[{"embeddable":true,"href":"https:\/\/stylingagenten.com\/fi\/wp-json\/wp\/v2\/media\/420135"}],"wp:attachment":[{"href":"https:\/\/stylingagenten.com\/fi\/wp-json\/wp\/v2\/media?parent=420141"}],"wp:term":[{"taxonomy":"product_brand","embeddable":true,"href":"https:\/\/stylingagenten.com\/fi\/wp-json\/wp\/v2\/product_brand?post=420141"},{"taxonomy":"product_cat","embeddable":true,"href":"https:\/\/stylingagenten.com\/fi\/wp-json\/wp\/v2\/product_cat?post=420141"},{"taxonomy":"product_tag","embeddable":true,"href":"https:\/\/stylingagenten.com\/fi\/wp-json\/wp\/v2\/product_tag?post=420141"},{"taxonomy":"berocket_brand","embeddable":true,"href":"https:\/\/stylingagenten.com\/fi\/wp-json\/wp\/v2\/berocket_brand?post=420141"}],"curies":[{"name":"wp","href":"https:\/\/api.w.org\/{rel}","templated":true}]}}