{"id":420105,"date":"2025-08-25T10:53:26","date_gmt":"2025-08-25T10:53:26","guid":{"rendered":"https:\/\/staging2.stylingagenten.com\/fi\/tuote\/wet-n-wild-boost-me-up-lash-brow-serum-5ml\/"},"modified":"2026-02-16T16:16:53","modified_gmt":"2026-02-16T16:16:53","slug":"wet-n-wild-boost-me-up-lash-brow-serum-5ml","status":"publish","type":"product","link":"https:\/\/stylingagenten.com\/fi\/tuote\/wet-n-wild-boost-me-up-lash-brow-serum-5ml\/","title":{"rendered":"Wet n Wild Boost Me Up Lash &amp; Brow Serum 5ml"},"content":{"rendered":"<p>Saa ylelliset ripset ja kauniit kulmakarvat t\u00e4m\u00e4n ravitsevan seerumigeelin avulla. Ainutlaatuisen ripsi\u00e4 ja kulmia vahvistavan kompleksin ansiosta seerumigeeli sis\u00e4lt\u00e4\u00e4 voimakkaita ainesosia, jotka yhdess\u00e4 edist\u00e4v\u00e4t tuuheiden ripsien ja kulmien ulkon\u00e4k\u00f6\u00e4. Levityksen j\u00e4lkeen t\u00e4m\u00e4 tehostettu seerumi saa ripset ja kulmat n\u00e4ytt\u00e4m\u00e4\u00e4n n\u00e4kyv\u00e4sti tuuheammilta ja v\u00e4litt\u00f6m\u00e4sti kosteutetuilta.<\/p>\n","protected":false},"excerpt":{"rendered":"<p>Saa ylelliset ripset ja kauniit kulmakarvat t\u00e4m\u00e4n ravitsevan seerumigeelin avulla. Ainutlaatuisen ripsi\u00e4 ja kulmia vahvistavan kompleksin ansiosta seerumigeeli sis\u00e4lt\u00e4\u00e4 voimakkaita ainesosia, jotka yhdess\u00e4 edist\u00e4v\u00e4t tuuheiden ripsien ja kulmien ulkon\u00e4k\u00f6\u00e4. Levityksen j\u00e4lkeen t\u00e4m\u00e4 tehostettu seerumi saa ripset ja kulmat n\u00e4ytt\u00e4m\u00e4\u00e4n n\u00e4kyv\u00e4sti tuuheammilta ja v\u00e4litt\u00f6m\u00e4sti kosteutetuilta.<\/p>\n","protected":false},"featured_media":420099,"comment_status":"open","ping_status":"closed","template":"","meta":{"_trash_the_other_posts":false},"product_brand":[],"product_cat":[600],"product_tag":[],"berocket_brand":[1035],"class_list":{"0":"post-420105","1":"product","2":"type-product","3":"status-publish","4":"has-post-thumbnail","6":"product_cat-ripsiseerumi","7":"pa_brand-wet-n-wild","8":"berocket_brand-wet-n-wild","10":"first","11":"instock","12":"taxable","13":"shipping-taxable","14":"purchasable","15":"product-type-simple"},"_links":{"self":[{"href":"https:\/\/stylingagenten.com\/fi\/wp-json\/wp\/v2\/product\/420105","targetHints":{"allow":["GET"]}}],"collection":[{"href":"https:\/\/stylingagenten.com\/fi\/wp-json\/wp\/v2\/product"}],"about":[{"href":"https:\/\/stylingagenten.com\/fi\/wp-json\/wp\/v2\/types\/product"}],"replies":[{"embeddable":true,"href":"https:\/\/stylingagenten.com\/fi\/wp-json\/wp\/v2\/comments?post=420105"}],"version-history":[{"count":0,"href":"https:\/\/stylingagenten.com\/fi\/wp-json\/wp\/v2\/product\/420105\/revisions"}],"wp:featuredmedia":[{"embeddable":true,"href":"https:\/\/stylingagenten.com\/fi\/wp-json\/wp\/v2\/media\/420099"}],"wp:attachment":[{"href":"https:\/\/stylingagenten.com\/fi\/wp-json\/wp\/v2\/media?parent=420105"}],"wp:term":[{"taxonomy":"product_brand","embeddable":true,"href":"https:\/\/stylingagenten.com\/fi\/wp-json\/wp\/v2\/product_brand?post=420105"},{"taxonomy":"product_cat","embeddable":true,"href":"https:\/\/stylingagenten.com\/fi\/wp-json\/wp\/v2\/product_cat?post=420105"},{"taxonomy":"product_tag","embeddable":true,"href":"https:\/\/stylingagenten.com\/fi\/wp-json\/wp\/v2\/product_tag?post=420105"},{"taxonomy":"berocket_brand","embeddable":true,"href":"https:\/\/stylingagenten.com\/fi\/wp-json\/wp\/v2\/berocket_brand?post=420105"}],"curies":[{"name":"wp","href":"https:\/\/api.w.org\/{rel}","templated":true}]}}