{"id":420061,"date":"2025-08-19T07:38:00","date_gmt":"2025-08-19T07:38:00","guid":{"rendered":"https:\/\/staging2.stylingagenten.com\/fi\/tuote\/milk_shake-purifying-blend-shampoo-300ml\/"},"modified":"2026-03-24T16:08:00","modified_gmt":"2026-03-24T16:08:00","slug":"milk_shake-purifying-blend-shampoo-300ml","status":"publish","type":"product","link":"https:\/\/stylingagenten.com\/fi\/tuote\/milk_shake-purifying-blend-shampoo-300ml\/","title":{"rendered":"Milk_Shake Purifying Blend Shampoo 300ml"},"content":{"rendered":"<p>Intensiivisesti puhdistava shampoo p\u00e4\u00e4nahalle ja hiuksille.<br \/>Milk_Shake Purifying Shampoo puhdistaa samalla neutraloimalla p\u00e4\u00e4nahan hell\u00e4varaisesti ja vapauttaen sen ep\u00e4puhtauksista, hilseest\u00e4, talista, hiesta ja muotoilutuotteiden j\u00e4\u00e4mist\u00e4. Erityisesti valitut kasvipohjaiset ainesosat auttavat suojaamaan p\u00e4\u00e4nahkaa ja hiuksia ep\u00e4puhtauksilta terveen ja kiilt\u00e4v\u00e4n tuloksen saavuttamiseksi.<\/p>\n<p>T\u00e4ydellinen miehille ja naisille, joilla on hilse, jotka haluavat puhdistaa hiuksensa huolellisesti ja p\u00e4\u00e4st\u00e4 eroon rasvasta ja ep\u00e4puhtauksista. ja tylsyys.<\/p>\n","protected":false},"excerpt":{"rendered":"<p>Intensiivisesti puhdistava shampoo p\u00e4\u00e4nahalle ja hiuksille.Milk_Shake Purifying Shampoo puhdistaa samalla neutraloimalla p\u00e4\u00e4nahan hell\u00e4varaisesti ja vapauttaen sen ep\u00e4puhtauksista, hilseest\u00e4, talista, hiesta ja muotoilutuotteiden j\u00e4\u00e4mist\u00e4. Erityisesti valitut kasvipohjaiset ainesosat auttavat suojaamaan p\u00e4\u00e4nahkaa ja hiuksia ep\u00e4puhtauksilta terveen ja kiilt\u00e4v\u00e4n tuloksen saavuttamiseksi. T\u00e4ydellinen miehille ja naisille, joilla on hilse, jotka haluavat puhdistaa hiuksensa huolellisesti ja p\u00e4\u00e4st\u00e4 eroon rasvasta ja [&hellip;]<\/p>\n","protected":false},"featured_media":420060,"comment_status":"open","ping_status":"closed","template":"","meta":{"_trash_the_other_posts":false},"product_brand":[],"product_cat":[563],"product_tag":[],"berocket_brand":[1085],"class_list":{"0":"post-420061","1":"product","2":"type-product","3":"status-publish","4":"has-post-thumbnail","6":"product_cat-shampoo","7":"pa_brand-milk_shake","8":"pa_variantti-300ml","9":"berocket_brand-milk_shake","11":"first","12":"instock","13":"sale","14":"taxable","15":"shipping-taxable","16":"purchasable","17":"product-type-simple"},"_links":{"self":[{"href":"https:\/\/stylingagenten.com\/fi\/wp-json\/wp\/v2\/product\/420061","targetHints":{"allow":["GET"]}}],"collection":[{"href":"https:\/\/stylingagenten.com\/fi\/wp-json\/wp\/v2\/product"}],"about":[{"href":"https:\/\/stylingagenten.com\/fi\/wp-json\/wp\/v2\/types\/product"}],"replies":[{"embeddable":true,"href":"https:\/\/stylingagenten.com\/fi\/wp-json\/wp\/v2\/comments?post=420061"}],"version-history":[{"count":0,"href":"https:\/\/stylingagenten.com\/fi\/wp-json\/wp\/v2\/product\/420061\/revisions"}],"wp:featuredmedia":[{"embeddable":true,"href":"https:\/\/stylingagenten.com\/fi\/wp-json\/wp\/v2\/media\/420060"}],"wp:attachment":[{"href":"https:\/\/stylingagenten.com\/fi\/wp-json\/wp\/v2\/media?parent=420061"}],"wp:term":[{"taxonomy":"product_brand","embeddable":true,"href":"https:\/\/stylingagenten.com\/fi\/wp-json\/wp\/v2\/product_brand?post=420061"},{"taxonomy":"product_cat","embeddable":true,"href":"https:\/\/stylingagenten.com\/fi\/wp-json\/wp\/v2\/product_cat?post=420061"},{"taxonomy":"product_tag","embeddable":true,"href":"https:\/\/stylingagenten.com\/fi\/wp-json\/wp\/v2\/product_tag?post=420061"},{"taxonomy":"berocket_brand","embeddable":true,"href":"https:\/\/stylingagenten.com\/fi\/wp-json\/wp\/v2\/berocket_brand?post=420061"}],"curies":[{"name":"wp","href":"https:\/\/api.w.org\/{rel}","templated":true}]}}