{"id":420037,"date":"2025-08-19T07:29:26","date_gmt":"2025-08-19T07:29:26","guid":{"rendered":"https:\/\/staging2.stylingagenten.com\/fi\/tuote\/milk_shake-icy-blond-shampoo-300ml\/"},"modified":"2026-04-14T19:58:33","modified_gmt":"2026-04-14T19:58:33","slug":"milk_shake-icy-blond-shampoo-300ml","status":"publish","type":"product","link":"https:\/\/stylingagenten.com\/fi\/tuote\/milk_shake-icy-blond-shampoo-300ml\/","title":{"rendered":"milk_shake Icy Blond Shampoo 300ml"},"content":{"rendered":"<p>Erityinen shampoo vaaleille hiuksille. Puhdistaa hiukset hell\u00e4varaisesti erityisell\u00e4 mustalla pigmentill\u00e4, joka torjuu vaaleiden tai vaalennettujen hiusten keltaisia \u200b\u200btai oransseja s\u00e4vyj\u00e4 ja antaa tuhkanvaalean s\u00e4vyn. Maitoproteiinit uudistavat hiuksia syv\u00e4sti ja antavat niist\u00e4 terveen ja eloisan ulkon\u00e4\u00f6n.<\/p>\n<p>K\u00e4ytt\u00f6:<br \/>Levit\u00e4 tasaisesti kosteisiin hiuksiin, anna vaikuttaa muutama minuutti ja huuhtele. Voimakkaamman tuloksen saamiseksi anna vaikuttaa viel\u00e4 muutama minuutti. Icy blond -tuotteet sis\u00e4lt\u00e4v\u00e4t pigmenttej\u00e4, jotka voivat antaa eritt\u00e4in intensiivisen tuloksen eritt\u00e4in huokoisille hiuksille; kun haluttu tulos on saavutettu, vaihda toisen shampoon kanssa tuloksen yll\u00e4pit\u00e4miseksi. Jatka sitten j\u00e4isen blondilla hoitoaineella.<\/p>\n","protected":false},"excerpt":{"rendered":"<p>Erityinen shampoo vaaleille hiuksille. Puhdistaa hiukset hell\u00e4varaisesti erityisell\u00e4 mustalla pigmentill\u00e4, joka torjuu vaaleiden tai vaalennettujen hiusten keltaisia \u200b\u200btai oransseja s\u00e4vyj\u00e4 ja antaa tuhkanvaalean s\u00e4vyn. Maitoproteiinit uudistavat hiuksia syv\u00e4sti ja antavat niist\u00e4 terveen ja eloisan ulkon\u00e4\u00f6n. K\u00e4ytt\u00f6:Levit\u00e4 tasaisesti kosteisiin hiuksiin, anna vaikuttaa muutama minuutti ja huuhtele. Voimakkaamman tuloksen saamiseksi anna vaikuttaa viel\u00e4 muutama minuutti. Icy blond [&hellip;]<\/p>\n","protected":false},"featured_media":420036,"comment_status":"open","ping_status":"closed","template":"","meta":{"_trash_the_other_posts":false},"product_brand":[],"product_cat":[1004,1003,563],"product_tag":[],"berocket_brand":[1085],"class_list":{"0":"post-420037","1":"product","2":"type-product","3":"status-publish","4":"has-post-thumbnail","6":"product_cat-hopeashampoo","7":"product_cat-myydyimmat","8":"product_cat-shampoo","9":"pa_brand-milk_shake","10":"pa_variantti-300ml","11":"berocket_brand-milk_shake","13":"first","14":"instock","15":"sale","16":"taxable","17":"shipping-taxable","18":"purchasable","19":"product-type-simple"},"_links":{"self":[{"href":"https:\/\/stylingagenten.com\/fi\/wp-json\/wp\/v2\/product\/420037","targetHints":{"allow":["GET"]}}],"collection":[{"href":"https:\/\/stylingagenten.com\/fi\/wp-json\/wp\/v2\/product"}],"about":[{"href":"https:\/\/stylingagenten.com\/fi\/wp-json\/wp\/v2\/types\/product"}],"replies":[{"embeddable":true,"href":"https:\/\/stylingagenten.com\/fi\/wp-json\/wp\/v2\/comments?post=420037"}],"version-history":[{"count":0,"href":"https:\/\/stylingagenten.com\/fi\/wp-json\/wp\/v2\/product\/420037\/revisions"}],"wp:featuredmedia":[{"embeddable":true,"href":"https:\/\/stylingagenten.com\/fi\/wp-json\/wp\/v2\/media\/420036"}],"wp:attachment":[{"href":"https:\/\/stylingagenten.com\/fi\/wp-json\/wp\/v2\/media?parent=420037"}],"wp:term":[{"taxonomy":"product_brand","embeddable":true,"href":"https:\/\/stylingagenten.com\/fi\/wp-json\/wp\/v2\/product_brand?post=420037"},{"taxonomy":"product_cat","embeddable":true,"href":"https:\/\/stylingagenten.com\/fi\/wp-json\/wp\/v2\/product_cat?post=420037"},{"taxonomy":"product_tag","embeddable":true,"href":"https:\/\/stylingagenten.com\/fi\/wp-json\/wp\/v2\/product_tag?post=420037"},{"taxonomy":"berocket_brand","embeddable":true,"href":"https:\/\/stylingagenten.com\/fi\/wp-json\/wp\/v2\/berocket_brand?post=420037"}],"curies":[{"name":"wp","href":"https:\/\/api.w.org\/{rel}","templated":true}]}}