{"id":420035,"date":"2025-08-19T07:29:25","date_gmt":"2025-08-19T07:29:25","guid":{"rendered":"https:\/\/staging2.stylingagenten.com\/fi\/tuote\/milk_shake-cold-brunette-shampoo-300ml\/"},"modified":"2026-04-13T12:07:53","modified_gmt":"2026-04-13T12:07:53","slug":"milk_shake-cold-brunette-shampoo-300ml","status":"publish","type":"product","link":"https:\/\/stylingagenten.com\/fi\/tuote\/milk_shake-cold-brunette-shampoo-300ml\/","title":{"rendered":"Milk_Shake Cold Brunette Shampoo 300ml"},"content":{"rendered":"<p>Milk_shaken Cold Brunette Shampoo on shampoo, jossa on erityinen sininen pigmentti, joka poistaa punaiset, oranssit ja l\u00e4mpim\u00e4t s\u00e4vyt luonnollisista tai v\u00e4rik\u00e4sitellyist\u00e4 ruskeista, vaaleanruskeista ja tummanruskeista hiuksista. Shampoo puhdistaa hiukset hell\u00e4varaisesti ja varmistaa, ett\u00e4 kylm\u00e4t v\u00e4rihoidot kest\u00e4v\u00e4t pidemp\u00e4\u00e4n. Se sis\u00e4lt\u00e4\u00e4 maitoproteiineja ja moringa\u00f6ljy\u00e4, joilla on hiuksia pehment\u00e4v\u00e4 vaikutus.<\/p>\n","protected":false},"excerpt":{"rendered":"<p>Milk_shaken Cold Brunette Shampoo on shampoo, jossa on erityinen sininen pigmentti, joka poistaa punaiset, oranssit ja l\u00e4mpim\u00e4t s\u00e4vyt luonnollisista tai v\u00e4rik\u00e4sitellyist\u00e4 ruskeista, vaaleanruskeista ja tummanruskeista hiuksista. Shampoo puhdistaa hiukset hell\u00e4varaisesti ja varmistaa, ett\u00e4 kylm\u00e4t v\u00e4rihoidot kest\u00e4v\u00e4t pidemp\u00e4\u00e4n. Se sis\u00e4lt\u00e4\u00e4 maitoproteiineja ja moringa\u00f6ljy\u00e4, joilla on hiuksia pehment\u00e4v\u00e4 vaikutus.<\/p>\n","protected":false},"featured_media":420034,"comment_status":"open","ping_status":"closed","template":"","meta":{"_trash_the_other_posts":false},"product_brand":[],"product_cat":[1003,563],"product_tag":[],"berocket_brand":[1085],"class_list":{"0":"post-420035","1":"product","2":"type-product","3":"status-publish","4":"has-post-thumbnail","6":"product_cat-myydyimmat","7":"product_cat-shampoo","8":"pa_brand-milk_shake","9":"pa_variantti-300ml","10":"berocket_brand-milk_shake","12":"first","13":"instock","14":"sale","15":"taxable","16":"shipping-taxable","17":"purchasable","18":"product-type-simple"},"_links":{"self":[{"href":"https:\/\/stylingagenten.com\/fi\/wp-json\/wp\/v2\/product\/420035","targetHints":{"allow":["GET"]}}],"collection":[{"href":"https:\/\/stylingagenten.com\/fi\/wp-json\/wp\/v2\/product"}],"about":[{"href":"https:\/\/stylingagenten.com\/fi\/wp-json\/wp\/v2\/types\/product"}],"replies":[{"embeddable":true,"href":"https:\/\/stylingagenten.com\/fi\/wp-json\/wp\/v2\/comments?post=420035"}],"version-history":[{"count":0,"href":"https:\/\/stylingagenten.com\/fi\/wp-json\/wp\/v2\/product\/420035\/revisions"}],"wp:featuredmedia":[{"embeddable":true,"href":"https:\/\/stylingagenten.com\/fi\/wp-json\/wp\/v2\/media\/420034"}],"wp:attachment":[{"href":"https:\/\/stylingagenten.com\/fi\/wp-json\/wp\/v2\/media?parent=420035"}],"wp:term":[{"taxonomy":"product_brand","embeddable":true,"href":"https:\/\/stylingagenten.com\/fi\/wp-json\/wp\/v2\/product_brand?post=420035"},{"taxonomy":"product_cat","embeddable":true,"href":"https:\/\/stylingagenten.com\/fi\/wp-json\/wp\/v2\/product_cat?post=420035"},{"taxonomy":"product_tag","embeddable":true,"href":"https:\/\/stylingagenten.com\/fi\/wp-json\/wp\/v2\/product_tag?post=420035"},{"taxonomy":"berocket_brand","embeddable":true,"href":"https:\/\/stylingagenten.com\/fi\/wp-json\/wp\/v2\/berocket_brand?post=420035"}],"curies":[{"name":"wp","href":"https:\/\/api.w.org\/{rel}","templated":true}]}}