{"id":169750,"date":"2025-08-13T18:55:24","date_gmt":"2025-08-13T18:55:24","guid":{"rendered":"https:\/\/staging2.stylingagenten.com\/fi\/tuote\/samba-for-men-vial-edt-2ml-aterfyllningsbar-sprayflaska\/"},"modified":"2026-03-25T14:58:38","modified_gmt":"2026-03-25T14:58:38","slug":"samba-for-men-vial-edt-2ml-aterfyllningsbar-sprayflaska","status":"publish","type":"product","link":"https:\/\/stylingagenten.com\/fi\/tuote\/samba-for-men-vial-edt-2ml-aterfyllningsbar-sprayflaska\/","title":{"rendered":"Samba Ladies &amp; Samba for Men Vial Edt 2x2ml"},"content":{"rendered":"<p>SAMBA Ladies<br \/>Hajuvesi SAMBA on syntynyt sielullisista rytmeist\u00e4 ja eloisista v\u00e4reist\u00e4 Brasiliasta. Se on monikerroksinen tuoksu, joka liikkuu ja vaihtuu nautinnon aalloissa.<br \/>Se on r\u00e4ike\u00e4 flirttailu luonnon tuoreista hedelm\u00e4isist\u00e4 nuoteista ja aistillisista kukkasista l\u00e4mpim\u00e4n, seksikk\u00e4\u00e4n myskipohjan p\u00e4\u00e4ll\u00e4. SAMBAn yl\u00e4tuoksut r\u00e4j\u00e4htyv\u00e4t j\u00e4nnitt\u00e4v\u00e4ksi ja eloiseksi sitrustuoksujen harmoniaksi. SAMBA:n syd\u00e4mess\u00e4 on Brasilian viidakon kukkaisuus, jota t\u00e4ydent\u00e4v\u00e4t jasmiini, ruusu ja appelsiininkukka. Sen pohjassa t\u00e4risee l\u00e4mmin, eksoottinen meripihka, myski ja mirha, jotka viipyv\u00e4t pitk\u00e4\u00e4n y\u00f6h\u00f6n.<br \/>Yl\u00e4tuoksu: persikka, mustaherukka, sitrushedelm\u00e4t, tagetes, galbanum<br \/>Syd\u00e4ntuoksu: ruusu, neilikka, magnolia, violetti, lilja laakson hyasintti, jasmiini<br \/>Pohjatuoksu: myski, mirha, tammisammalta, violetti, santelipuu, patsuli<br \/>SAMBA miehille on KLASSIKKO. Se on myydyin SAMBA-hajuvesi maailmassa vuodesta 1989 l\u00e4htien.<br \/>HAJU: SAMBA FOR MEN on t\u00e4ysin uudenlainen tuoksu. Siin\u00e4 on koskettava yl\u00e4tuoksu, raikas ja yrtti, yli aromaattisen kukkaharmonian mausteisen kimalteen kanssa. L\u00e4mmin, eksoottinen puu ja myski antavat upealle tuoksulle ainutlaatuisen aistillisen pitk\u00e4ik\u00e4isyyden.<br \/>SAMBA FOR MEN sopii kaikkiin tilaisuuksiin ja se vetoaa meihin nuorekkaaseen.<br \/>Yl\u00e4tuoksu: Minttu, sitrushedelm\u00e4t, salvia<br \/> &gt;Syd\u00e4ntuoksu: muskottip\u00e4hkin\u00e4, ruusupuu, kielo<br \/>Pohjatuoksu: myski, patsuli, santelipuu, meripihka<\/p>\n","protected":false},"excerpt":{"rendered":"<p>SAMBA LadiesHajuvesi SAMBA on syntynyt sielullisista rytmeist\u00e4 ja eloisista v\u00e4reist\u00e4 Brasiliasta. Se on monikerroksinen tuoksu, joka liikkuu ja vaihtuu nautinnon aalloissa.Se on r\u00e4ike\u00e4 flirttailu luonnon tuoreista hedelm\u00e4isist\u00e4 nuoteista ja aistillisista kukkasista l\u00e4mpim\u00e4n, seksikk\u00e4\u00e4n myskipohjan p\u00e4\u00e4ll\u00e4. SAMBAn yl\u00e4tuoksut r\u00e4j\u00e4htyv\u00e4t j\u00e4nnitt\u00e4v\u00e4ksi ja eloiseksi sitrustuoksujen harmoniaksi. SAMBA:n syd\u00e4mess\u00e4 on Brasilian viidakon kukkaisuus, jota t\u00e4ydent\u00e4v\u00e4t jasmiini, ruusu ja appelsiininkukka. [&hellip;]<\/p>\n","protected":false},"featured_media":169749,"comment_status":"open","ping_status":"closed","template":"","meta":{"_trash_the_other_posts":false},"product_brand":[],"product_cat":[713],"product_tag":[],"berocket_brand":[1381],"class_list":{"0":"post-169750","1":"product","2":"type-product","3":"status-publish","4":"has-post-thumbnail","6":"product_cat-hajuvesi-unisex","7":"pa_brand-samba","8":"berocket_brand-samba","10":"first","11":"instock","12":"taxable","13":"shipping-taxable","14":"purchasable","15":"product-type-simple"},"_links":{"self":[{"href":"https:\/\/stylingagenten.com\/fi\/wp-json\/wp\/v2\/product\/169750","targetHints":{"allow":["GET"]}}],"collection":[{"href":"https:\/\/stylingagenten.com\/fi\/wp-json\/wp\/v2\/product"}],"about":[{"href":"https:\/\/stylingagenten.com\/fi\/wp-json\/wp\/v2\/types\/product"}],"replies":[{"embeddable":true,"href":"https:\/\/stylingagenten.com\/fi\/wp-json\/wp\/v2\/comments?post=169750"}],"version-history":[{"count":0,"href":"https:\/\/stylingagenten.com\/fi\/wp-json\/wp\/v2\/product\/169750\/revisions"}],"wp:featuredmedia":[{"embeddable":true,"href":"https:\/\/stylingagenten.com\/fi\/wp-json\/wp\/v2\/media\/169749"}],"wp:attachment":[{"href":"https:\/\/stylingagenten.com\/fi\/wp-json\/wp\/v2\/media?parent=169750"}],"wp:term":[{"taxonomy":"product_brand","embeddable":true,"href":"https:\/\/stylingagenten.com\/fi\/wp-json\/wp\/v2\/product_brand?post=169750"},{"taxonomy":"product_cat","embeddable":true,"href":"https:\/\/stylingagenten.com\/fi\/wp-json\/wp\/v2\/product_cat?post=169750"},{"taxonomy":"product_tag","embeddable":true,"href":"https:\/\/stylingagenten.com\/fi\/wp-json\/wp\/v2\/product_tag?post=169750"},{"taxonomy":"berocket_brand","embeddable":true,"href":"https:\/\/stylingagenten.com\/fi\/wp-json\/wp\/v2\/berocket_brand?post=169750"}],"curies":[{"name":"wp","href":"https:\/\/api.w.org\/{rel}","templated":true}]}}