{"id":169484,"date":"2025-07-09T16:02:21","date_gmt":"2025-07-09T16:02:21","guid":{"rendered":"https:\/\/staging2.stylingagenten.com\/fi\/tuote\/kevin-murphy-smooth-again-wash-shampoo-250ml\/"},"modified":"2026-03-31T17:58:30","modified_gmt":"2026-03-31T17:58:30","slug":"kevin-murphy-smooth-again-wash-shampoo-250ml","status":"publish","type":"product","link":"https:\/\/stylingagenten.com\/fi\/tuote\/kevin-murphy-smooth-again-wash-shampoo-250ml\/","title":{"rendered":"Kevin Murphy Smooth Again Wash Shampoo 250ml"},"content":{"rendered":"<p>T&auml;mj ja s&aring; Takaisin p\u00f6rr\u00f6isiin hiuksiin SMOOTH.AGAIN.WASH:lla.<br \/>T\u00e4m\u00e4 sile\u00e4 shampoo ravitsee ja viimeistelee paksuja, karkeita ja k\u00e4sitt\u00e4m\u00e4tt\u00f6mi\u00e4 hiuksia, mik\u00e4 tekee hiuksista vahvemmat ja pehme\u00e4mm\u00e4t ja kiilt\u00e4v\u00e4n lopputuloksen.&nbsp;<\/p>\n<p>Edut:<br \/>Ruskas sekoitus ravitsevia voija ja \u00f6ljyj\u00e4<br \/>Auttaa ravitsemaan ja suojaamaan hiuksia<br \/>Tuottuvat hiukset n\u00e4ytt\u00e4v\u00e4t ja tuntuvat pehmeilt\u00e4 ja joustavilta<br \/>Auttaa pehment\u00e4m\u00e4\u00e4n ja hallitsemaan p\u00f6rr\u00f6isyytt\u00e4<br \/>T\u00e4ydellinen paksuille, karkeille ja k\u00e4sitt\u00e4m\u00e4tt\u00f6mille hiuksille<br \/> br&gt;Sulfaatit, parabeenit ja cruelty-free<\/p>\n","protected":false},"excerpt":{"rendered":"<p>T&auml;mj ja s&aring; Takaisin p\u00f6rr\u00f6isiin hiuksiin SMOOTH.AGAIN.WASH:lla.T\u00e4m\u00e4 sile\u00e4 shampoo ravitsee ja viimeistelee paksuja, karkeita ja k\u00e4sitt\u00e4m\u00e4tt\u00f6mi\u00e4 hiuksia, mik\u00e4 tekee hiuksista vahvemmat ja pehme\u00e4mm\u00e4t ja kiilt\u00e4v\u00e4n lopputuloksen.&nbsp; Edut:Ruskas sekoitus ravitsevia voija ja \u00f6ljyj\u00e4Auttaa ravitsemaan ja suojaamaan hiuksiaTuottuvat hiukset n\u00e4ytt\u00e4v\u00e4t ja tuntuvat pehmeilt\u00e4 ja joustaviltaAuttaa pehment\u00e4m\u00e4\u00e4n ja hallitsemaan p\u00f6rr\u00f6isyytt\u00e4T\u00e4ydellinen paksuille, karkeille ja k\u00e4sitt\u00e4m\u00e4tt\u00f6mille hiuksille br&gt;Sulfaatit, parabeenit ja [&hellip;]<\/p>\n","protected":false},"featured_media":169483,"comment_status":"open","ping_status":"closed","template":"","meta":{"_trash_the_other_posts":false},"product_brand":[],"product_cat":[563],"product_tag":[],"berocket_brand":[1165],"class_list":{"0":"post-169484","1":"product","2":"type-product","3":"status-publish","4":"has-post-thumbnail","6":"product_cat-shampoo","7":"pa_brand-kevin-murphy","8":"pa_variantti-250ml","9":"berocket_brand-kevin-murphy","11":"first","12":"instock","13":"sale","14":"taxable","15":"shipping-taxable","16":"purchasable","17":"product-type-simple"},"_links":{"self":[{"href":"https:\/\/stylingagenten.com\/fi\/wp-json\/wp\/v2\/product\/169484","targetHints":{"allow":["GET"]}}],"collection":[{"href":"https:\/\/stylingagenten.com\/fi\/wp-json\/wp\/v2\/product"}],"about":[{"href":"https:\/\/stylingagenten.com\/fi\/wp-json\/wp\/v2\/types\/product"}],"replies":[{"embeddable":true,"href":"https:\/\/stylingagenten.com\/fi\/wp-json\/wp\/v2\/comments?post=169484"}],"version-history":[{"count":0,"href":"https:\/\/stylingagenten.com\/fi\/wp-json\/wp\/v2\/product\/169484\/revisions"}],"wp:featuredmedia":[{"embeddable":true,"href":"https:\/\/stylingagenten.com\/fi\/wp-json\/wp\/v2\/media\/169483"}],"wp:attachment":[{"href":"https:\/\/stylingagenten.com\/fi\/wp-json\/wp\/v2\/media?parent=169484"}],"wp:term":[{"taxonomy":"product_brand","embeddable":true,"href":"https:\/\/stylingagenten.com\/fi\/wp-json\/wp\/v2\/product_brand?post=169484"},{"taxonomy":"product_cat","embeddable":true,"href":"https:\/\/stylingagenten.com\/fi\/wp-json\/wp\/v2\/product_cat?post=169484"},{"taxonomy":"product_tag","embeddable":true,"href":"https:\/\/stylingagenten.com\/fi\/wp-json\/wp\/v2\/product_tag?post=169484"},{"taxonomy":"berocket_brand","embeddable":true,"href":"https:\/\/stylingagenten.com\/fi\/wp-json\/wp\/v2\/berocket_brand?post=169484"}],"curies":[{"name":"wp","href":"https:\/\/api.w.org\/{rel}","templated":true}]}}