{"id":169474,"date":"2025-07-09T16:02:10","date_gmt":"2025-07-09T16:02:10","guid":{"rendered":"https:\/\/staging2.stylingagenten.com\/fi\/tuote\/kevin-murphy-hydrate-me-wash-shampoo-250ml\/"},"modified":"2026-03-18T09:46:27","modified_gmt":"2026-03-18T09:46:27","slug":"kevin-murphy-hydrate-me-wash-shampoo-250ml","status":"publish","type":"product","link":"https:\/\/stylingagenten.com\/fi\/tuote\/kevin-murphy-hydrate-me-wash-shampoo-250ml\/","title":{"rendered":"Kevin Murphy Hydrate Me Wash Shampoo 250ml"},"content":{"rendered":"<p>Sammoita kuivien ja kuivien hiusten jano t\u00e4ll\u00e4 ravitseva ja kosteuttava shampoolla.<br \/>HYDRATE-ME.WASH on superpehment\u00e4v\u00e4 ja kosteuttava shampoo, joka t\u00e4ytt\u00e4\u00e4 hiukset tarvittavalla kosteudella. Ihanteellinen hiuksille, jotka ovat luonnollisesti kuivia tai jotka ovat altistuneet ankarille ja kuiville ilmastoille. Se on my\u00f6s t\u00e4ynn\u00e4 hyvi\u00e4 antioksidantteja, jotka auttavat palauttamaan kuiviin kiharoihin terveen hehkun.<\/p>\n<p>Sulfaattia, parabeeneja ja cruelty-free <\/p>\n","protected":false},"excerpt":{"rendered":"<p>Sammoita kuivien ja kuivien hiusten jano t\u00e4ll\u00e4 ravitseva ja kosteuttava shampoolla.HYDRATE-ME.WASH on superpehment\u00e4v\u00e4 ja kosteuttava shampoo, joka t\u00e4ytt\u00e4\u00e4 hiukset tarvittavalla kosteudella. Ihanteellinen hiuksille, jotka ovat luonnollisesti kuivia tai jotka ovat altistuneet ankarille ja kuiville ilmastoille. Se on my\u00f6s t\u00e4ynn\u00e4 hyvi\u00e4 antioksidantteja, jotka auttavat palauttamaan kuiviin kiharoihin terveen hehkun. Sulfaattia, parabeeneja ja cruelty-free<\/p>\n","protected":false},"featured_media":169473,"comment_status":"open","ping_status":"closed","template":"","meta":{"_trash_the_other_posts":false},"product_brand":[],"product_cat":[563],"product_tag":[],"berocket_brand":[1165],"class_list":{"0":"post-169474","1":"product","2":"type-product","3":"status-publish","4":"has-post-thumbnail","6":"product_cat-shampoo","7":"pa_brand-kevin-murphy","8":"pa_variantti-250ml","9":"berocket_brand-kevin-murphy","11":"first","12":"outofstock","13":"sale","14":"taxable","15":"shipping-taxable","16":"purchasable","17":"product-type-simple"},"_links":{"self":[{"href":"https:\/\/stylingagenten.com\/fi\/wp-json\/wp\/v2\/product\/169474","targetHints":{"allow":["GET"]}}],"collection":[{"href":"https:\/\/stylingagenten.com\/fi\/wp-json\/wp\/v2\/product"}],"about":[{"href":"https:\/\/stylingagenten.com\/fi\/wp-json\/wp\/v2\/types\/product"}],"replies":[{"embeddable":true,"href":"https:\/\/stylingagenten.com\/fi\/wp-json\/wp\/v2\/comments?post=169474"}],"version-history":[{"count":0,"href":"https:\/\/stylingagenten.com\/fi\/wp-json\/wp\/v2\/product\/169474\/revisions"}],"wp:featuredmedia":[{"embeddable":true,"href":"https:\/\/stylingagenten.com\/fi\/wp-json\/wp\/v2\/media\/169473"}],"wp:attachment":[{"href":"https:\/\/stylingagenten.com\/fi\/wp-json\/wp\/v2\/media?parent=169474"}],"wp:term":[{"taxonomy":"product_brand","embeddable":true,"href":"https:\/\/stylingagenten.com\/fi\/wp-json\/wp\/v2\/product_brand?post=169474"},{"taxonomy":"product_cat","embeddable":true,"href":"https:\/\/stylingagenten.com\/fi\/wp-json\/wp\/v2\/product_cat?post=169474"},{"taxonomy":"product_tag","embeddable":true,"href":"https:\/\/stylingagenten.com\/fi\/wp-json\/wp\/v2\/product_tag?post=169474"},{"taxonomy":"berocket_brand","embeddable":true,"href":"https:\/\/stylingagenten.com\/fi\/wp-json\/wp\/v2\/berocket_brand?post=169474"}],"curies":[{"name":"wp","href":"https:\/\/api.w.org\/{rel}","templated":true}]}}