{"id":169472,"date":"2025-07-09T16:02:06","date_gmt":"2025-07-09T16:02:06","guid":{"rendered":"https:\/\/staging2.stylingagenten.com\/fi\/tuote\/kevin-murphy-angel-rinse-conditioner-250ml\/"},"modified":"2026-04-09T13:08:26","modified_gmt":"2026-04-09T13:08:26","slug":"kevin-murphy-angel-rinse-conditioner-250ml","status":"publish","type":"product","link":"https:\/\/stylingagenten.com\/fi\/tuote\/kevin-murphy-angel-rinse-conditioner-250ml\/","title":{"rendered":"Kevin Murphy Angel Rinse Conditioner 250ml"},"content":{"rendered":"<p>Hoita hienoja, hauraita ja katkenneita hiuksia ANGEL.RINSE:ll\u00e4. Painoton volyymihoitoaine on luotu rauhoittamaan ja suojaamaan ohuita, vaurioituneita ja viimeisteltyj\u00e4 hiuksia. Kevyesti tuoksuva ja syv\u00e4sti hoitava. Mango- ja kaakaovoi ravitsevat ja kosteuttavat hiuksia rasittamatta niit\u00e4.<\/p>\n<p>Sulfaattia, parabeenia ja cruelty-free.&nbsp;<\/p>\n","protected":false},"excerpt":{"rendered":"<p>Hoita hienoja, hauraita ja katkenneita hiuksia ANGEL.RINSE:ll\u00e4. Painoton volyymihoitoaine on luotu rauhoittamaan ja suojaamaan ohuita, vaurioituneita ja viimeisteltyj\u00e4 hiuksia. Kevyesti tuoksuva ja syv\u00e4sti hoitava. Mango- ja kaakaovoi ravitsevat ja kosteuttavat hiuksia rasittamatta niit\u00e4. Sulfaattia, parabeenia ja cruelty-free.&nbsp;<\/p>\n","protected":false},"featured_media":169471,"comment_status":"open","ping_status":"closed","template":"","meta":{"_trash_the_other_posts":false},"product_brand":[],"product_cat":[587],"product_tag":[],"berocket_brand":[1165],"class_list":{"0":"post-169472","1":"product","2":"type-product","3":"status-publish","4":"has-post-thumbnail","6":"product_cat-hoitoaine","7":"pa_brand-kevin-murphy","8":"pa_variantti-250ml","9":"berocket_brand-kevin-murphy","11":"first","12":"instock","13":"sale","14":"taxable","15":"shipping-taxable","16":"purchasable","17":"product-type-simple"},"_links":{"self":[{"href":"https:\/\/stylingagenten.com\/fi\/wp-json\/wp\/v2\/product\/169472","targetHints":{"allow":["GET"]}}],"collection":[{"href":"https:\/\/stylingagenten.com\/fi\/wp-json\/wp\/v2\/product"}],"about":[{"href":"https:\/\/stylingagenten.com\/fi\/wp-json\/wp\/v2\/types\/product"}],"replies":[{"embeddable":true,"href":"https:\/\/stylingagenten.com\/fi\/wp-json\/wp\/v2\/comments?post=169472"}],"version-history":[{"count":0,"href":"https:\/\/stylingagenten.com\/fi\/wp-json\/wp\/v2\/product\/169472\/revisions"}],"wp:featuredmedia":[{"embeddable":true,"href":"https:\/\/stylingagenten.com\/fi\/wp-json\/wp\/v2\/media\/169471"}],"wp:attachment":[{"href":"https:\/\/stylingagenten.com\/fi\/wp-json\/wp\/v2\/media?parent=169472"}],"wp:term":[{"taxonomy":"product_brand","embeddable":true,"href":"https:\/\/stylingagenten.com\/fi\/wp-json\/wp\/v2\/product_brand?post=169472"},{"taxonomy":"product_cat","embeddable":true,"href":"https:\/\/stylingagenten.com\/fi\/wp-json\/wp\/v2\/product_cat?post=169472"},{"taxonomy":"product_tag","embeddable":true,"href":"https:\/\/stylingagenten.com\/fi\/wp-json\/wp\/v2\/product_tag?post=169472"},{"taxonomy":"berocket_brand","embeddable":true,"href":"https:\/\/stylingagenten.com\/fi\/wp-json\/wp\/v2\/berocket_brand?post=169472"}],"curies":[{"name":"wp","href":"https:\/\/api.w.org\/{rel}","templated":true}]}}