{"id":169470,"date":"2025-07-09T16:02:05","date_gmt":"2025-07-09T16:02:05","guid":{"rendered":"https:\/\/staging2.stylingagenten.com\/fi\/tuote\/kevin-murphy-repair-me-rinse-conditioner-250ml\/"},"modified":"2026-03-11T21:58:42","modified_gmt":"2026-03-11T21:58:42","slug":"kevin-murphy-repair-me-rinse-conditioner-250ml","status":"publish","type":"product","link":"https:\/\/stylingagenten.com\/fi\/tuote\/kevin-murphy-repair-me-rinse-conditioner-250ml\/","title":{"rendered":"Kevin Murphy Repair Me Rinse Conditioner 250ml"},"content":{"rendered":"<p>Korjaa, uudista ja palauta kuivat, vaurioituneet, p\u00f6rr\u00f6iset ja uudelleenk\u00e4sitellyt hiukset REPAIR.ME.RINSE:ll\u00e4. T\u00e4m\u00e4 syv\u00e4sti ravitseva ja vahvistava hoitoaine auttaa uudistamaan ja korjaamaan hiuksia. Hell\u00e4varaisia \u200b\u200bproteiineja ja entsyymej\u00e4 sis\u00e4lt\u00e4v\u00e4 REPAIR-ME.RINSE voitelee hiuksia hell\u00e4varaisesti samalla kun se palauttaa ja suojaa tulevilta vaurioilta.<\/p>\n<p> Sulfaattia, parabeeni\u00e4 ja crueltyfree<\/p>\n","protected":false},"excerpt":{"rendered":"<p>Korjaa, uudista ja palauta kuivat, vaurioituneet, p\u00f6rr\u00f6iset ja uudelleenk\u00e4sitellyt hiukset REPAIR.ME.RINSE:ll\u00e4. T\u00e4m\u00e4 syv\u00e4sti ravitseva ja vahvistava hoitoaine auttaa uudistamaan ja korjaamaan hiuksia. Hell\u00e4varaisia \u200b\u200bproteiineja ja entsyymej\u00e4 sis\u00e4lt\u00e4v\u00e4 REPAIR-ME.RINSE voitelee hiuksia hell\u00e4varaisesti samalla kun se palauttaa ja suojaa tulevilta vaurioilta. Sulfaattia, parabeeni\u00e4 ja crueltyfree<\/p>\n","protected":false},"featured_media":169469,"comment_status":"open","ping_status":"closed","template":"","meta":{"_trash_the_other_posts":false},"product_brand":[],"product_cat":[587],"product_tag":[],"berocket_brand":[1165],"class_list":{"0":"post-169470","1":"product","2":"type-product","3":"status-publish","4":"has-post-thumbnail","6":"product_cat-hoitoaine","7":"pa_brand-kevin-murphy","8":"pa_variantti-250ml","9":"berocket_brand-kevin-murphy","11":"first","12":"instock","13":"sale","14":"taxable","15":"shipping-taxable","16":"purchasable","17":"product-type-simple"},"_links":{"self":[{"href":"https:\/\/stylingagenten.com\/fi\/wp-json\/wp\/v2\/product\/169470","targetHints":{"allow":["GET"]}}],"collection":[{"href":"https:\/\/stylingagenten.com\/fi\/wp-json\/wp\/v2\/product"}],"about":[{"href":"https:\/\/stylingagenten.com\/fi\/wp-json\/wp\/v2\/types\/product"}],"replies":[{"embeddable":true,"href":"https:\/\/stylingagenten.com\/fi\/wp-json\/wp\/v2\/comments?post=169470"}],"version-history":[{"count":0,"href":"https:\/\/stylingagenten.com\/fi\/wp-json\/wp\/v2\/product\/169470\/revisions"}],"wp:featuredmedia":[{"embeddable":true,"href":"https:\/\/stylingagenten.com\/fi\/wp-json\/wp\/v2\/media\/169469"}],"wp:attachment":[{"href":"https:\/\/stylingagenten.com\/fi\/wp-json\/wp\/v2\/media?parent=169470"}],"wp:term":[{"taxonomy":"product_brand","embeddable":true,"href":"https:\/\/stylingagenten.com\/fi\/wp-json\/wp\/v2\/product_brand?post=169470"},{"taxonomy":"product_cat","embeddable":true,"href":"https:\/\/stylingagenten.com\/fi\/wp-json\/wp\/v2\/product_cat?post=169470"},{"taxonomy":"product_tag","embeddable":true,"href":"https:\/\/stylingagenten.com\/fi\/wp-json\/wp\/v2\/product_tag?post=169470"},{"taxonomy":"berocket_brand","embeddable":true,"href":"https:\/\/stylingagenten.com\/fi\/wp-json\/wp\/v2\/berocket_brand?post=169470"}],"curies":[{"name":"wp","href":"https:\/\/api.w.org\/{rel}","templated":true}]}}