{"id":169462,"date":"2025-07-09T16:01:54","date_gmt":"2025-07-09T16:01:54","guid":{"rendered":"https:\/\/staging2.stylingagenten.com\/fi\/tuote\/kevin-murphy-young-again-masque-200ml\/"},"modified":"2025-11-19T11:23:40","modified_gmt":"2025-11-19T11:23:40","slug":"kevin-murphy-young-again-masque-200ml","status":"publish","type":"product","link":"https:\/\/stylingagenten.com\/fi\/tuote\/kevin-murphy-young-again-masque-200ml\/","title":{"rendered":"Kevin Murphy Young Again Masque 200ml"},"content":{"rendered":"<p>Ravitseva ja nuorentava hiusnaamio Kevin Murphyn ANTI-AGEING -ohjelmasta.<br \/>YOUNG.AGAIN.MASQUE hoitaa hiuksia ja p\u00e4\u00e4nahkaa syv\u00e4sti ja j\u00e4tt\u00e4\u00e4 hiukset t\u00e4yteen nuorekasta t\u00e4ytel\u00e4isyytt\u00e4 ja joustavuutta.<br \/>Sen palauttava sekoitus aminohapot, eteeriset \u00f6ljyt ja runsaat kosteuttavat aineet auttavat palauttamaan ja uudistamaan kiiltoa ja kiiltoa kuiville, vaurioituneille, kuiville ja ik\u00e4\u00e4ntyville hiuksille.<\/p>\n<p>Sulfaattia, parabeeni\u00e4 ja crueltyfree&nbsp;<\/p>\n","protected":false},"excerpt":{"rendered":"<p>Ravitseva ja nuorentava hiusnaamio Kevin Murphyn ANTI-AGEING -ohjelmasta.YOUNG.AGAIN.MASQUE hoitaa hiuksia ja p\u00e4\u00e4nahkaa syv\u00e4sti ja j\u00e4tt\u00e4\u00e4 hiukset t\u00e4yteen nuorekasta t\u00e4ytel\u00e4isyytt\u00e4 ja joustavuutta.Sen palauttava sekoitus aminohapot, eteeriset \u00f6ljyt ja runsaat kosteuttavat aineet auttavat palauttamaan ja uudistamaan kiiltoa ja kiiltoa kuiville, vaurioituneille, kuiville ja ik\u00e4\u00e4ntyville hiuksille. Sulfaattia, parabeeni\u00e4 ja crueltyfree&nbsp;<\/p>\n","protected":false},"featured_media":169461,"comment_status":"open","ping_status":"closed","template":"","meta":{"_trash_the_other_posts":false},"product_brand":[],"product_cat":[620],"product_tag":[],"berocket_brand":[1165],"class_list":{"0":"post-169462","1":"product","2":"type-product","3":"status-publish","4":"has-post-thumbnail","6":"product_cat-hiuskaare","7":"pa_brand-kevin-murphy","8":"pa_variantti-200ml","9":"berocket_brand-kevin-murphy","11":"first","12":"instock","13":"sale","14":"taxable","15":"shipping-taxable","16":"purchasable","17":"product-type-simple"},"_links":{"self":[{"href":"https:\/\/stylingagenten.com\/fi\/wp-json\/wp\/v2\/product\/169462","targetHints":{"allow":["GET"]}}],"collection":[{"href":"https:\/\/stylingagenten.com\/fi\/wp-json\/wp\/v2\/product"}],"about":[{"href":"https:\/\/stylingagenten.com\/fi\/wp-json\/wp\/v2\/types\/product"}],"replies":[{"embeddable":true,"href":"https:\/\/stylingagenten.com\/fi\/wp-json\/wp\/v2\/comments?post=169462"}],"version-history":[{"count":0,"href":"https:\/\/stylingagenten.com\/fi\/wp-json\/wp\/v2\/product\/169462\/revisions"}],"wp:featuredmedia":[{"embeddable":true,"href":"https:\/\/stylingagenten.com\/fi\/wp-json\/wp\/v2\/media\/169461"}],"wp:attachment":[{"href":"https:\/\/stylingagenten.com\/fi\/wp-json\/wp\/v2\/media?parent=169462"}],"wp:term":[{"taxonomy":"product_brand","embeddable":true,"href":"https:\/\/stylingagenten.com\/fi\/wp-json\/wp\/v2\/product_brand?post=169462"},{"taxonomy":"product_cat","embeddable":true,"href":"https:\/\/stylingagenten.com\/fi\/wp-json\/wp\/v2\/product_cat?post=169462"},{"taxonomy":"product_tag","embeddable":true,"href":"https:\/\/stylingagenten.com\/fi\/wp-json\/wp\/v2\/product_tag?post=169462"},{"taxonomy":"berocket_brand","embeddable":true,"href":"https:\/\/stylingagenten.com\/fi\/wp-json\/wp\/v2\/berocket_brand?post=169462"}],"curies":[{"name":"wp","href":"https:\/\/api.w.org\/{rel}","templated":true}]}}