{"id":169458,"date":"2025-07-09T16:01:50","date_gmt":"2025-07-09T16:01:50","guid":{"rendered":"https:\/\/staging2.stylingagenten.com\/fi\/tuote\/kevin-murphy-plumping-rinse-conditioner-250ml\/"},"modified":"2026-04-07T11:08:36","modified_gmt":"2026-04-07T11:08:36","slug":"kevin-murphy-plumping-rinse-conditioner-250ml","status":"publish","type":"product","link":"https:\/\/stylingagenten.com\/fi\/tuote\/kevin-murphy-plumping-rinse-conditioner-250ml\/","title":{"rendered":"Kevin Murphy Plumping Rinse Conditioner 250ml"},"content":{"rendered":"<p>K\u00e4sittele ohuita, ohuita tai ik\u00e4\u00e4ntyvi\u00e4 hiuksia arvokkaalle tasolle. hoitaa hyvin PLUMPING.RINSE-toiminnolla. Kevin Murphyn ylellinen RINSE tarjoaa olennaista ravintoa, joka auttaa palauttamaan paksuuden ja lis\u00e4\u00e4m\u00e4\u00e4n volyymia samalla kun se tarjoaa ylev\u00e4n kiillon ja silkkisen koostumuksen.<\/p>\n<p> Sulfaattia, parabeeneja ja cruelty-free<\/p>\n","protected":false},"excerpt":{"rendered":"<p>K\u00e4sittele ohuita, ohuita tai ik\u00e4\u00e4ntyvi\u00e4 hiuksia arvokkaalle tasolle. hoitaa hyvin PLUMPING.RINSE-toiminnolla. Kevin Murphyn ylellinen RINSE tarjoaa olennaista ravintoa, joka auttaa palauttamaan paksuuden ja lis\u00e4\u00e4m\u00e4\u00e4n volyymia samalla kun se tarjoaa ylev\u00e4n kiillon ja silkkisen koostumuksen. Sulfaattia, parabeeneja ja cruelty-free<\/p>\n","protected":false},"featured_media":169457,"comment_status":"open","ping_status":"closed","template":"","meta":{"_trash_the_other_posts":false},"product_brand":[],"product_cat":[587],"product_tag":[],"berocket_brand":[1165],"class_list":{"0":"post-169458","1":"product","2":"type-product","3":"status-publish","4":"has-post-thumbnail","6":"product_cat-hoitoaine","7":"pa_brand-kevin-murphy","8":"pa_variantti-250ml","9":"berocket_brand-kevin-murphy","11":"first","12":"instock","13":"sale","14":"taxable","15":"shipping-taxable","16":"purchasable","17":"product-type-simple"},"_links":{"self":[{"href":"https:\/\/stylingagenten.com\/fi\/wp-json\/wp\/v2\/product\/169458","targetHints":{"allow":["GET"]}}],"collection":[{"href":"https:\/\/stylingagenten.com\/fi\/wp-json\/wp\/v2\/product"}],"about":[{"href":"https:\/\/stylingagenten.com\/fi\/wp-json\/wp\/v2\/types\/product"}],"replies":[{"embeddable":true,"href":"https:\/\/stylingagenten.com\/fi\/wp-json\/wp\/v2\/comments?post=169458"}],"version-history":[{"count":0,"href":"https:\/\/stylingagenten.com\/fi\/wp-json\/wp\/v2\/product\/169458\/revisions"}],"wp:featuredmedia":[{"embeddable":true,"href":"https:\/\/stylingagenten.com\/fi\/wp-json\/wp\/v2\/media\/169457"}],"wp:attachment":[{"href":"https:\/\/stylingagenten.com\/fi\/wp-json\/wp\/v2\/media?parent=169458"}],"wp:term":[{"taxonomy":"product_brand","embeddable":true,"href":"https:\/\/stylingagenten.com\/fi\/wp-json\/wp\/v2\/product_brand?post=169458"},{"taxonomy":"product_cat","embeddable":true,"href":"https:\/\/stylingagenten.com\/fi\/wp-json\/wp\/v2\/product_cat?post=169458"},{"taxonomy":"product_tag","embeddable":true,"href":"https:\/\/stylingagenten.com\/fi\/wp-json\/wp\/v2\/product_tag?post=169458"},{"taxonomy":"berocket_brand","embeddable":true,"href":"https:\/\/stylingagenten.com\/fi\/wp-json\/wp\/v2\/berocket_brand?post=169458"}],"curies":[{"name":"wp","href":"https:\/\/api.w.org\/{rel}","templated":true}]}}