{"id":169456,"date":"2025-07-09T16:01:45","date_gmt":"2025-07-09T16:01:45","guid":{"rendered":"https:\/\/staging2.stylingagenten.com\/fi\/tuote\/kevin-murphy-repair-me-wash-shampoo-250ml\/"},"modified":"2026-04-13T19:17:38","modified_gmt":"2026-04-13T19:17:38","slug":"kevin-murphy-repair-me-wash-shampoo-250ml","status":"publish","type":"product","link":"https:\/\/stylingagenten.com\/fi\/tuote\/kevin-murphy-repair-me-wash-shampoo-250ml\/","title":{"rendered":"Kevin Murphy Repair Me Wash Shampoo 250ml"},"content":{"rendered":"<p>Palauta hiuksesi eloon ja j\u00e4t\u00e4 kuivat, vaurioituneet, p\u00f6rr\u00f6iset ja ylikuormitetut hiukset menneisyyteen REPAIR-ME.WASHin avulla. Uusille ja viel\u00e4 kuluneille hiuksille t\u00e4ll\u00e4 korjaavalla hoitoshampoolla, joka on rikastettu tehokkailla proteiineilla ja aminohapoilla. Se auttaa vahvistamaan hiuksia tyvest\u00e4 latvoihin poistaen samalla hell\u00e4varaisesti ep\u00e4puhtaudet ja rauhoittavat vaurioita.<\/p>\n<p>Sulfaatit, parabeenit ja julmuudeton<\/p>\n<p> p&gt;<\/p>\n","protected":false},"excerpt":{"rendered":"<p>Palauta hiuksesi eloon ja j\u00e4t\u00e4 kuivat, vaurioituneet, p\u00f6rr\u00f6iset ja ylikuormitetut hiukset menneisyyteen REPAIR-ME.WASHin avulla. Uusille ja viel\u00e4 kuluneille hiuksille t\u00e4ll\u00e4 korjaavalla hoitoshampoolla, joka on rikastettu tehokkailla proteiineilla ja aminohapoilla. Se auttaa vahvistamaan hiuksia tyvest\u00e4 latvoihin poistaen samalla hell\u00e4varaisesti ep\u00e4puhtaudet ja rauhoittavat vaurioita. Sulfaatit, parabeenit ja julmuudeton p&gt;<\/p>\n","protected":false},"featured_media":169455,"comment_status":"open","ping_status":"closed","template":"","meta":{"_trash_the_other_posts":false},"product_brand":[],"product_cat":[563],"product_tag":[],"berocket_brand":[1165],"class_list":{"0":"post-169456","1":"product","2":"type-product","3":"status-publish","4":"has-post-thumbnail","6":"product_cat-shampoo","7":"pa_brand-kevin-murphy","8":"pa_variantti-250ml","9":"berocket_brand-kevin-murphy","11":"first","12":"instock","13":"sale","14":"taxable","15":"shipping-taxable","16":"purchasable","17":"product-type-simple"},"_links":{"self":[{"href":"https:\/\/stylingagenten.com\/fi\/wp-json\/wp\/v2\/product\/169456","targetHints":{"allow":["GET"]}}],"collection":[{"href":"https:\/\/stylingagenten.com\/fi\/wp-json\/wp\/v2\/product"}],"about":[{"href":"https:\/\/stylingagenten.com\/fi\/wp-json\/wp\/v2\/types\/product"}],"replies":[{"embeddable":true,"href":"https:\/\/stylingagenten.com\/fi\/wp-json\/wp\/v2\/comments?post=169456"}],"version-history":[{"count":0,"href":"https:\/\/stylingagenten.com\/fi\/wp-json\/wp\/v2\/product\/169456\/revisions"}],"wp:featuredmedia":[{"embeddable":true,"href":"https:\/\/stylingagenten.com\/fi\/wp-json\/wp\/v2\/media\/169455"}],"wp:attachment":[{"href":"https:\/\/stylingagenten.com\/fi\/wp-json\/wp\/v2\/media?parent=169456"}],"wp:term":[{"taxonomy":"product_brand","embeddable":true,"href":"https:\/\/stylingagenten.com\/fi\/wp-json\/wp\/v2\/product_brand?post=169456"},{"taxonomy":"product_cat","embeddable":true,"href":"https:\/\/stylingagenten.com\/fi\/wp-json\/wp\/v2\/product_cat?post=169456"},{"taxonomy":"product_tag","embeddable":true,"href":"https:\/\/stylingagenten.com\/fi\/wp-json\/wp\/v2\/product_tag?post=169456"},{"taxonomy":"berocket_brand","embeddable":true,"href":"https:\/\/stylingagenten.com\/fi\/wp-json\/wp\/v2\/berocket_brand?post=169456"}],"curies":[{"name":"wp","href":"https:\/\/api.w.org\/{rel}","templated":true}]}}