{"id":169454,"date":"2025-07-09T16:01:43","date_gmt":"2025-07-09T16:01:43","guid":{"rendered":"https:\/\/staging2.stylingagenten.com\/fi\/tuote\/kevin-murphy-young-again-wash-shampoo-250ml\/"},"modified":"2026-03-11T21:59:08","modified_gmt":"2026-03-11T21:59:08","slug":"kevin-murphy-young-again-wash-shampoo-250ml","status":"publish","type":"product","link":"https:\/\/stylingagenten.com\/fi\/tuote\/kevin-murphy-young-again-wash-shampoo-250ml\/","title":{"rendered":"Kevin Murphy Young Again Wash Shampoo 250ml"},"content":{"rendered":"<p>Lis\u00e4\u00e4 nuorekasta t\u00e4ytel\u00e4isyytt\u00e4 ja toipua ik\u00e4\u00e4ntyneist\u00e4, vahingoittuneista hiuksista ravitsevalla <strong>YOUNG.AGAIN.WASH.&nbsp;<\/strong><br \/>T\u00e4m\u00e4 &aring;terst&auml; llande shampoo on olennainen osa Kevini\u00e4 Murphyn ik\u00e4\u00e4ntymist\u00e4 est\u00e4v\u00e4 hoito-ohjelma ja sis\u00e4lt\u00e4\u00e4 ravitsemuksellisen aminohappokompleksin sek\u00e4 ainesosia, jotka on erityisesti valittu niiden ik\u00e4\u00e4ntymist\u00e4 ehk\u00e4isevien etujen perusteella. Tuloksena on uudistettu, nuorekas hehku ja hiukset, jotka n\u00e4ytt\u00e4v\u00e4t ja tuntuvat j\u00e4lleen nuorelta.&nbsp;<\/p>\n<p>Sulfaatit, parabeenit ja cruelty-free<\/p><\/p>\n","protected":false},"excerpt":{"rendered":"<p>Lis\u00e4\u00e4 nuorekasta t\u00e4ytel\u00e4isyytt\u00e4 ja toipua ik\u00e4\u00e4ntyneist\u00e4, vahingoittuneista hiuksista ravitsevalla YOUNG.AGAIN.WASH.&nbsp;T\u00e4m\u00e4 &aring;terst&auml; llande shampoo on olennainen osa Kevini\u00e4 Murphyn ik\u00e4\u00e4ntymist\u00e4 est\u00e4v\u00e4 hoito-ohjelma ja sis\u00e4lt\u00e4\u00e4 ravitsemuksellisen aminohappokompleksin sek\u00e4 ainesosia, jotka on erityisesti valittu niiden ik\u00e4\u00e4ntymist\u00e4 ehk\u00e4isevien etujen perusteella. Tuloksena on uudistettu, nuorekas hehku ja hiukset, jotka n\u00e4ytt\u00e4v\u00e4t ja tuntuvat j\u00e4lleen nuorelta.&nbsp; Sulfaatit, parabeenit ja cruelty-free<\/p>\n","protected":false},"featured_media":169453,"comment_status":"open","ping_status":"closed","template":"","meta":{"_trash_the_other_posts":false},"product_brand":[],"product_cat":[563],"product_tag":[],"berocket_brand":[1165],"class_list":{"0":"post-169454","1":"product","2":"type-product","3":"status-publish","4":"has-post-thumbnail","6":"product_cat-shampoo","7":"pa_brand-kevin-murphy","8":"pa_variantti-250ml","9":"berocket_brand-kevin-murphy","11":"first","12":"instock","13":"sale","14":"taxable","15":"shipping-taxable","16":"purchasable","17":"product-type-simple"},"_links":{"self":[{"href":"https:\/\/stylingagenten.com\/fi\/wp-json\/wp\/v2\/product\/169454","targetHints":{"allow":["GET"]}}],"collection":[{"href":"https:\/\/stylingagenten.com\/fi\/wp-json\/wp\/v2\/product"}],"about":[{"href":"https:\/\/stylingagenten.com\/fi\/wp-json\/wp\/v2\/types\/product"}],"replies":[{"embeddable":true,"href":"https:\/\/stylingagenten.com\/fi\/wp-json\/wp\/v2\/comments?post=169454"}],"version-history":[{"count":0,"href":"https:\/\/stylingagenten.com\/fi\/wp-json\/wp\/v2\/product\/169454\/revisions"}],"wp:featuredmedia":[{"embeddable":true,"href":"https:\/\/stylingagenten.com\/fi\/wp-json\/wp\/v2\/media\/169453"}],"wp:attachment":[{"href":"https:\/\/stylingagenten.com\/fi\/wp-json\/wp\/v2\/media?parent=169454"}],"wp:term":[{"taxonomy":"product_brand","embeddable":true,"href":"https:\/\/stylingagenten.com\/fi\/wp-json\/wp\/v2\/product_brand?post=169454"},{"taxonomy":"product_cat","embeddable":true,"href":"https:\/\/stylingagenten.com\/fi\/wp-json\/wp\/v2\/product_cat?post=169454"},{"taxonomy":"product_tag","embeddable":true,"href":"https:\/\/stylingagenten.com\/fi\/wp-json\/wp\/v2\/product_tag?post=169454"},{"taxonomy":"berocket_brand","embeddable":true,"href":"https:\/\/stylingagenten.com\/fi\/wp-json\/wp\/v2\/berocket_brand?post=169454"}],"curies":[{"name":"wp","href":"https:\/\/api.w.org\/{rel}","templated":true}]}}