{"id":169450,"date":"2025-07-09T16:01:37","date_gmt":"2025-07-09T16:01:37","guid":{"rendered":"https:\/\/staging2.stylingagenten.com\/fi\/tuote\/kevin-murphy-motion-lotion-150ml\/"},"modified":"2026-03-11T21:58:36","modified_gmt":"2026-03-11T21:58:36","slug":"kevin-murphy-motion-lotion-150ml","status":"publish","type":"product","link":"https:\/\/stylingagenten.com\/fi\/tuote\/kevin-murphy-motion-lotion-150ml\/","title":{"rendered":"Kevin Murphy Motion Lotion 150ml"},"content":{"rendered":"<p>Korosta kiharat ja kiharat; p\u00f6rr\u00f6isyytt\u00e4 hallinnassa MOTION.LOTIONin avulla.<br \/>T\u00e4m\u00e4 painoton, eritt\u00e4in imukykyinen voide on t\u00e4ynn\u00e4 hy\u00f6dyllisi\u00e4 ainesosia, jotka tarjoavat joustavan pidon ja luonnollisen kiillon.<\/p>\n<p>sulfaattia, parabeeneja ja cruelty-free<\/p>\n","protected":false},"excerpt":{"rendered":"<p>Korosta kiharat ja kiharat; p\u00f6rr\u00f6isyytt\u00e4 hallinnassa MOTION.LOTIONin avulla.T\u00e4m\u00e4 painoton, eritt\u00e4in imukykyinen voide on t\u00e4ynn\u00e4 hy\u00f6dyllisi\u00e4 ainesosia, jotka tarjoavat joustavan pidon ja luonnollisen kiillon. sulfaattia, parabeeneja ja cruelty-free<\/p>\n","protected":false},"featured_media":169448,"comment_status":"open","ping_status":"closed","template":"","meta":{"_trash_the_other_posts":false},"product_brand":[],"product_cat":[546],"product_tag":[],"berocket_brand":[1165],"class_list":{"0":"post-169450","1":"product","2":"type-product","3":"status-publish","4":"has-post-thumbnail","6":"product_cat-harstyling","7":"pa_brand-kevin-murphy","8":"pa_variantti-150ml","9":"berocket_brand-kevin-murphy","11":"first","12":"instock","13":"sale","14":"taxable","15":"shipping-taxable","16":"purchasable","17":"product-type-simple"},"_links":{"self":[{"href":"https:\/\/stylingagenten.com\/fi\/wp-json\/wp\/v2\/product\/169450","targetHints":{"allow":["GET"]}}],"collection":[{"href":"https:\/\/stylingagenten.com\/fi\/wp-json\/wp\/v2\/product"}],"about":[{"href":"https:\/\/stylingagenten.com\/fi\/wp-json\/wp\/v2\/types\/product"}],"replies":[{"embeddable":true,"href":"https:\/\/stylingagenten.com\/fi\/wp-json\/wp\/v2\/comments?post=169450"}],"version-history":[{"count":0,"href":"https:\/\/stylingagenten.com\/fi\/wp-json\/wp\/v2\/product\/169450\/revisions"}],"wp:featuredmedia":[{"embeddable":true,"href":"https:\/\/stylingagenten.com\/fi\/wp-json\/wp\/v2\/media\/169448"}],"wp:attachment":[{"href":"https:\/\/stylingagenten.com\/fi\/wp-json\/wp\/v2\/media?parent=169450"}],"wp:term":[{"taxonomy":"product_brand","embeddable":true,"href":"https:\/\/stylingagenten.com\/fi\/wp-json\/wp\/v2\/product_brand?post=169450"},{"taxonomy":"product_cat","embeddable":true,"href":"https:\/\/stylingagenten.com\/fi\/wp-json\/wp\/v2\/product_cat?post=169450"},{"taxonomy":"product_tag","embeddable":true,"href":"https:\/\/stylingagenten.com\/fi\/wp-json\/wp\/v2\/product_tag?post=169450"},{"taxonomy":"berocket_brand","embeddable":true,"href":"https:\/\/stylingagenten.com\/fi\/wp-json\/wp\/v2\/berocket_brand?post=169450"}],"curies":[{"name":"wp","href":"https:\/\/api.w.org\/{rel}","templated":true}]}}