{"id":169445,"date":"2025-07-09T16:01:32","date_gmt":"2025-07-09T16:01:32","guid":{"rendered":"https:\/\/staging2.stylingagenten.com\/fi\/tuote\/kevin-murphy-young-again-treatment-oil-100ml\/"},"modified":"2026-04-05T02:07:27","modified_gmt":"2026-04-05T02:07:27","slug":"kevin-murphy-young-again-treatment-oil-100ml","status":"publish","type":"product","link":"https:\/\/stylingagenten.com\/fi\/tuote\/kevin-murphy-young-again-treatment-oil-100ml\/","title":{"rendered":"Kevin Murphy Young Again Treatment Oil 100ml"},"content":{"rendered":"<p>Kevin Murphy Young Again Hoito\u00f6ljy YOUNG.AGAIN. on painoton, hiuksiin j\u00e4tett\u00e4v\u00e4 hoitoaine, joka auttaa kunnioittamaan hiuksia ja rakentamaan uudelleen ennenaikaisia \u200b\u200bik\u00e4\u00e4ntymisen merkkej\u00e4.<br \/>Hiuksistasi tulee pehmeit\u00e4 ja joustavia, ja niiss\u00e4 on upea kiilto ja kiilto, kun taas koostumus suojaa hiuksia l\u00e4mm\u00f6lt\u00e4 ja ymp\u00e4rist\u00f6n stressitekij\u00f6ilt\u00e4, \u200b\u200bkun k\u00e4ytet\u00e4\u00e4n p\u00e4ivitt\u00e4in.<\/p>\n<p>Sulfaatti, parabeeni ja crueltyfree&nbsp;<\/p>\n","protected":false},"excerpt":{"rendered":"<p>Kevin Murphy Young Again Hoito\u00f6ljy YOUNG.AGAIN. on painoton, hiuksiin j\u00e4tett\u00e4v\u00e4 hoitoaine, joka auttaa kunnioittamaan hiuksia ja rakentamaan uudelleen ennenaikaisia \u200b\u200bik\u00e4\u00e4ntymisen merkkej\u00e4.Hiuksistasi tulee pehmeit\u00e4 ja joustavia, ja niiss\u00e4 on upea kiilto ja kiilto, kun taas koostumus suojaa hiuksia l\u00e4mm\u00f6lt\u00e4 ja ymp\u00e4rist\u00f6n stressitekij\u00f6ilt\u00e4, \u200b\u200bkun k\u00e4ytet\u00e4\u00e4n p\u00e4ivitt\u00e4in. Sulfaatti, parabeeni ja crueltyfree&nbsp;<\/p>\n","protected":false},"featured_media":169444,"comment_status":"open","ping_status":"closed","template":"","meta":{"_trash_the_other_posts":false},"product_brand":[],"product_cat":[610],"product_tag":[],"berocket_brand":[1165],"class_list":{"0":"post-169445","1":"product","2":"type-product","3":"status-publish","4":"has-post-thumbnail","6":"product_cat-hiusoljy","7":"pa_brand-kevin-murphy","8":"pa_variantti-100ml","9":"berocket_brand-kevin-murphy","11":"first","12":"instock","13":"sale","14":"taxable","15":"shipping-taxable","16":"purchasable","17":"product-type-simple"},"_links":{"self":[{"href":"https:\/\/stylingagenten.com\/fi\/wp-json\/wp\/v2\/product\/169445","targetHints":{"allow":["GET"]}}],"collection":[{"href":"https:\/\/stylingagenten.com\/fi\/wp-json\/wp\/v2\/product"}],"about":[{"href":"https:\/\/stylingagenten.com\/fi\/wp-json\/wp\/v2\/types\/product"}],"replies":[{"embeddable":true,"href":"https:\/\/stylingagenten.com\/fi\/wp-json\/wp\/v2\/comments?post=169445"}],"version-history":[{"count":0,"href":"https:\/\/stylingagenten.com\/fi\/wp-json\/wp\/v2\/product\/169445\/revisions"}],"wp:featuredmedia":[{"embeddable":true,"href":"https:\/\/stylingagenten.com\/fi\/wp-json\/wp\/v2\/media\/169444"}],"wp:attachment":[{"href":"https:\/\/stylingagenten.com\/fi\/wp-json\/wp\/v2\/media?parent=169445"}],"wp:term":[{"taxonomy":"product_brand","embeddable":true,"href":"https:\/\/stylingagenten.com\/fi\/wp-json\/wp\/v2\/product_brand?post=169445"},{"taxonomy":"product_cat","embeddable":true,"href":"https:\/\/stylingagenten.com\/fi\/wp-json\/wp\/v2\/product_cat?post=169445"},{"taxonomy":"product_tag","embeddable":true,"href":"https:\/\/stylingagenten.com\/fi\/wp-json\/wp\/v2\/product_tag?post=169445"},{"taxonomy":"berocket_brand","embeddable":true,"href":"https:\/\/stylingagenten.com\/fi\/wp-json\/wp\/v2\/berocket_brand?post=169445"}],"curies":[{"name":"wp","href":"https:\/\/api.w.org\/{rel}","templated":true}]}}