{"id":169401,"date":"2025-07-09T16:00:08","date_gmt":"2025-07-09T16:00:08","guid":{"rendered":"https:\/\/staging2.stylingagenten.com\/fi\/tuote\/paco-rabanne-pure-xs-for-her-edp-50ml\/"},"modified":"2026-04-13T12:09:29","modified_gmt":"2026-04-13T12:09:29","slug":"paco-rabanne-pure-xs-for-her-edp-50ml","status":"publish","type":"product","link":"https:\/\/stylingagenten.com\/fi\/tuote\/paco-rabanne-pure-xs-for-her-edp-50ml\/","title":{"rendered":"Paco Rabanne Pure XS For Her Edp 50ml"},"content":{"rendered":"<p>Paco Rabanne Pure XS For Her Edp &auml;on naisellinen ja lyhytaikainen ja koukuttava tuoksu, jossa on r\u00e4j\u00e4ht\u00e4v\u00e4\u00e4 aistillisuutta ja kukkaista tulta.&nbsp;<\/p>\n<p>Tuoksutuoksu: ylang-ylang, vanilja, popcorn, santelipuu&auml; , ambrettefr&ouml;<\/p>\n","protected":false},"excerpt":{"rendered":"<p>Paco Rabanne Pure XS For Her Edp &auml;on naisellinen ja lyhytaikainen ja koukuttava tuoksu, jossa on r\u00e4j\u00e4ht\u00e4v\u00e4\u00e4 aistillisuutta ja kukkaista tulta.&nbsp; Tuoksutuoksu: ylang-ylang, vanilja, popcorn, santelipuu&auml; , ambrettefr&ouml;<\/p>\n","protected":false},"featured_media":169399,"comment_status":"open","ping_status":"closed","template":"","meta":{"_trash_the_other_posts":false},"product_brand":[],"product_cat":[706],"product_tag":[],"berocket_brand":[1048],"class_list":{"0":"post-169401","1":"product","2":"type-product","3":"status-publish","4":"has-post-thumbnail","6":"product_cat-naisten-eau-de-parfum","7":"pa_brand-paco-rabanne","8":"pa_variantti-50ml","9":"berocket_brand-paco-rabanne","11":"first","12":"instock","13":"sale","14":"taxable","15":"shipping-taxable","16":"purchasable","17":"product-type-simple"},"_links":{"self":[{"href":"https:\/\/stylingagenten.com\/fi\/wp-json\/wp\/v2\/product\/169401","targetHints":{"allow":["GET"]}}],"collection":[{"href":"https:\/\/stylingagenten.com\/fi\/wp-json\/wp\/v2\/product"}],"about":[{"href":"https:\/\/stylingagenten.com\/fi\/wp-json\/wp\/v2\/types\/product"}],"replies":[{"embeddable":true,"href":"https:\/\/stylingagenten.com\/fi\/wp-json\/wp\/v2\/comments?post=169401"}],"version-history":[{"count":0,"href":"https:\/\/stylingagenten.com\/fi\/wp-json\/wp\/v2\/product\/169401\/revisions"}],"wp:featuredmedia":[{"embeddable":true,"href":"https:\/\/stylingagenten.com\/fi\/wp-json\/wp\/v2\/media\/169399"}],"wp:attachment":[{"href":"https:\/\/stylingagenten.com\/fi\/wp-json\/wp\/v2\/media?parent=169401"}],"wp:term":[{"taxonomy":"product_brand","embeddable":true,"href":"https:\/\/stylingagenten.com\/fi\/wp-json\/wp\/v2\/product_brand?post=169401"},{"taxonomy":"product_cat","embeddable":true,"href":"https:\/\/stylingagenten.com\/fi\/wp-json\/wp\/v2\/product_cat?post=169401"},{"taxonomy":"product_tag","embeddable":true,"href":"https:\/\/stylingagenten.com\/fi\/wp-json\/wp\/v2\/product_tag?post=169401"},{"taxonomy":"berocket_brand","embeddable":true,"href":"https:\/\/stylingagenten.com\/fi\/wp-json\/wp\/v2\/berocket_brand?post=169401"}],"curies":[{"name":"wp","href":"https:\/\/api.w.org\/{rel}","templated":true}]}}