{"id":169393,"date":"2025-07-09T15:59:51","date_gmt":"2025-07-09T15:59:51","guid":{"rendered":"https:\/\/staging2.stylingagenten.com\/fi\/tuote\/gucci-guilty-pour-femme-edp-30ml\/"},"modified":"2026-03-31T12:58:36","modified_gmt":"2026-03-31T12:58:36","slug":"gucci-guilty-pour-femme-edp-30ml","status":"publish","type":"product","link":"https:\/\/stylingagenten.com\/fi\/tuote\/gucci-guilty-pour-femme-edp-30ml\/","title":{"rendered":"Gucci Guilty Pour Femme Edp 30ml"},"content":{"rendered":"<p>Gucci Guilty -kokoelma esittelee uuden luvun, jossa alkuper\u00e4inen Pour Femme -tuoksu esitell\u00e4\u00e4n t\u00e4ytel\u00e4isen\u00e4 parfyymin\u00e4, jossa yhdistyv\u00e4t ylim\u00e4\u00e4r\u00e4iset kukkavihjeet ja tehostetut luonnolliset tuoksut.<\/p>\n<p>Yl\u00e4tuoksu: Mandora &#8211; hedelm\u00e4. l\u00f6ytyy&aring; Kyprosta pehment\u00e4\u00e4 bergamotti ja ruusupippuri<br \/>Syd\u00e4ntuoksu: Lila kontrastina ruusuisen ja violetin vivahteen kanssa ja kerrostettuna geranium\u00f6ljyll\u00e4, tuloksena on vivahteikas sekoitus.<br \/>Pohjatuoksu: Patsuli sekoittuu meripihkan kanssa viljelyyn. <\/p>\n","protected":false},"excerpt":{"rendered":"<p>Gucci Guilty -kokoelma esittelee uuden luvun, jossa alkuper\u00e4inen Pour Femme -tuoksu esitell\u00e4\u00e4n t\u00e4ytel\u00e4isen\u00e4 parfyymin\u00e4, jossa yhdistyv\u00e4t ylim\u00e4\u00e4r\u00e4iset kukkavihjeet ja tehostetut luonnolliset tuoksut. Yl\u00e4tuoksu: Mandora &#8211; hedelm\u00e4. l\u00f6ytyy&aring; Kyprosta pehment\u00e4\u00e4 bergamotti ja ruusupippuriSyd\u00e4ntuoksu: Lila kontrastina ruusuisen ja violetin vivahteen kanssa ja kerrostettuna geranium\u00f6ljyll\u00e4, tuloksena on vivahteikas sekoitus.Pohjatuoksu: Patsuli sekoittuu meripihkan kanssa viljelyyn.<\/p>\n","protected":false},"featured_media":169392,"comment_status":"open","ping_status":"closed","template":"","meta":{"_trash_the_other_posts":false},"product_brand":[],"product_cat":[999,706,735],"product_tag":[],"berocket_brand":[1329],"class_list":{"0":"post-169393","1":"product","2":"type-product","3":"status-publish","4":"has-post-thumbnail","6":"product_cat-kampanjatarjous-naiselle","7":"product_cat-naisten-eau-de-parfum","8":"product_cat-kampanjamme","9":"pa_brand-gucci","10":"pa_variantti-30ml","11":"berocket_brand-gucci","13":"first","14":"instock","15":"sale","16":"taxable","17":"shipping-taxable","18":"purchasable","19":"product-type-simple"},"_links":{"self":[{"href":"https:\/\/stylingagenten.com\/fi\/wp-json\/wp\/v2\/product\/169393","targetHints":{"allow":["GET"]}}],"collection":[{"href":"https:\/\/stylingagenten.com\/fi\/wp-json\/wp\/v2\/product"}],"about":[{"href":"https:\/\/stylingagenten.com\/fi\/wp-json\/wp\/v2\/types\/product"}],"replies":[{"embeddable":true,"href":"https:\/\/stylingagenten.com\/fi\/wp-json\/wp\/v2\/comments?post=169393"}],"version-history":[{"count":0,"href":"https:\/\/stylingagenten.com\/fi\/wp-json\/wp\/v2\/product\/169393\/revisions"}],"wp:featuredmedia":[{"embeddable":true,"href":"https:\/\/stylingagenten.com\/fi\/wp-json\/wp\/v2\/media\/169392"}],"wp:attachment":[{"href":"https:\/\/stylingagenten.com\/fi\/wp-json\/wp\/v2\/media?parent=169393"}],"wp:term":[{"taxonomy":"product_brand","embeddable":true,"href":"https:\/\/stylingagenten.com\/fi\/wp-json\/wp\/v2\/product_brand?post=169393"},{"taxonomy":"product_cat","embeddable":true,"href":"https:\/\/stylingagenten.com\/fi\/wp-json\/wp\/v2\/product_cat?post=169393"},{"taxonomy":"product_tag","embeddable":true,"href":"https:\/\/stylingagenten.com\/fi\/wp-json\/wp\/v2\/product_tag?post=169393"},{"taxonomy":"berocket_brand","embeddable":true,"href":"https:\/\/stylingagenten.com\/fi\/wp-json\/wp\/v2\/berocket_brand?post=169393"}],"curies":[{"name":"wp","href":"https:\/\/api.w.org\/{rel}","templated":true}]}}