{"id":169389,"date":"2025-07-09T15:59:36","date_gmt":"2025-07-09T15:59:36","guid":{"rendered":"https:\/\/staging2.stylingagenten.com\/fi\/tuote\/oscar-de-la-renta-oscar-edt-200ml\/"},"modified":"2026-04-11T06:58:39","modified_gmt":"2026-04-11T06:58:39","slug":"oscar-de-la-renta-oscar-edt-200ml","status":"publish","type":"product","link":"https:\/\/stylingagenten.com\/fi\/tuote\/oscar-de-la-renta-oscar-edt-200ml\/","title":{"rendered":"Oscar de la Renta Oscar Edt 200ml"},"content":{"rendered":"<p>Oscar de la Renta Oscarilla on klassinen kukkaistuoksu. Hajuvesi on erehtym\u00e4tt\u00f6m\u00e4n naisellinen ja eritt\u00e4in tuoksuva.<\/p>\n<p><strong>Tuoksutuoksu:&nbsp;<\/strong>bergamotti, neilikka, korianteri, iiris, jasmiini, ruusu, myski, meripihka, vetiveria\u00f6ljy<\/p>\n","protected":false},"excerpt":{"rendered":"<p>Oscar de la Renta Oscarilla on klassinen kukkaistuoksu. Hajuvesi on erehtym\u00e4tt\u00f6m\u00e4n naisellinen ja eritt\u00e4in tuoksuva. Tuoksutuoksu:&nbsp;bergamotti, neilikka, korianteri, iiris, jasmiini, ruusu, myski, meripihka, vetiveria\u00f6ljy<\/p>\n","protected":false},"featured_media":169388,"comment_status":"open","ping_status":"closed","template":"","meta":{"_trash_the_other_posts":false},"product_brand":[],"product_cat":[707],"product_tag":[],"berocket_brand":[1047],"class_list":{"0":"post-169389","1":"product","2":"type-product","3":"status-publish","4":"has-post-thumbnail","6":"product_cat-naisten-eau-de-toilette","7":"pa_brand-oscar-de-la-renta","8":"pa_variantti-200ml","9":"berocket_brand-oscar-de-la-renta","11":"first","12":"instock","13":"sale","14":"taxable","15":"shipping-taxable","16":"purchasable","17":"product-type-simple"},"_links":{"self":[{"href":"https:\/\/stylingagenten.com\/fi\/wp-json\/wp\/v2\/product\/169389","targetHints":{"allow":["GET"]}}],"collection":[{"href":"https:\/\/stylingagenten.com\/fi\/wp-json\/wp\/v2\/product"}],"about":[{"href":"https:\/\/stylingagenten.com\/fi\/wp-json\/wp\/v2\/types\/product"}],"replies":[{"embeddable":true,"href":"https:\/\/stylingagenten.com\/fi\/wp-json\/wp\/v2\/comments?post=169389"}],"version-history":[{"count":0,"href":"https:\/\/stylingagenten.com\/fi\/wp-json\/wp\/v2\/product\/169389\/revisions"}],"wp:featuredmedia":[{"embeddable":true,"href":"https:\/\/stylingagenten.com\/fi\/wp-json\/wp\/v2\/media\/169388"}],"wp:attachment":[{"href":"https:\/\/stylingagenten.com\/fi\/wp-json\/wp\/v2\/media?parent=169389"}],"wp:term":[{"taxonomy":"product_brand","embeddable":true,"href":"https:\/\/stylingagenten.com\/fi\/wp-json\/wp\/v2\/product_brand?post=169389"},{"taxonomy":"product_cat","embeddable":true,"href":"https:\/\/stylingagenten.com\/fi\/wp-json\/wp\/v2\/product_cat?post=169389"},{"taxonomy":"product_tag","embeddable":true,"href":"https:\/\/stylingagenten.com\/fi\/wp-json\/wp\/v2\/product_tag?post=169389"},{"taxonomy":"berocket_brand","embeddable":true,"href":"https:\/\/stylingagenten.com\/fi\/wp-json\/wp\/v2\/berocket_brand?post=169389"}],"curies":[{"name":"wp","href":"https:\/\/api.w.org\/{rel}","templated":true}]}}