{"id":147617,"date":"2025-05-18T23:42:03","date_gmt":"2025-05-18T23:42:03","guid":{"rendered":"https:\/\/staging2.stylingagenten.com\/fi\/produkt\/beauty-uk-posh-palette-large-eye-palette-no-3-festival\/"},"modified":"2025-11-19T11:09:09","modified_gmt":"2025-11-19T11:09:09","slug":"beauty-uk-posh-palette-large-eye-palette-no-3-festival","status":"publish","type":"product","link":"https:\/\/stylingagenten.com\/fi\/tuote\/beauty-uk-posh-palette-large-eye-palette-no-3-festival\/","title":{"rendered":"Beauty UK Posh Palette Large Eye Palette No.3 Festival"},"content":{"rendered":"<p>Beauty UK Posh Palette Large Eye Palette No.3 Festival. N\u00e4m\u00e4 intensiivisesti pigmentoidut ja t\u00e4ydellisesti esitellyt paletit ovat uuden sukupolven Beauty UK:n ylistettyj\u00e4 ja palkittuja luomiv\u00e4ripaletteja.<\/p>\n<p>Se sis\u00e4lt\u00e4\u00e4 kymmenen s\u00e4vy\u00e4, joissa on pehme\u00e4, hienosti muotoiltu koostumus ja sekoitus &#8221;mattoa&#8221; ja &quot;hohtoa&quot; viimeistely.<\/p>\n<p>Jumbo-koko p&aring; varjot! S&aring; sinun ei tarvitse huolehtia lempiv\u00e4risi loppumisesta!<\/p>\n<p>Sis\u00e4lt\u00e4\u00e4 suuren peilin, joka sopii kaikkiin tilanteisiin.<\/p>\n","protected":false},"excerpt":{"rendered":"<p>Beauty UK Posh Palette Large Eye Palette No.3 Festival. N\u00e4m\u00e4 intensiivisesti pigmentoidut ja t\u00e4ydellisesti esitellyt paletit ovat uuden sukupolven Beauty UK:n ylistettyj\u00e4 ja palkittuja luomiv\u00e4ripaletteja. Se sis\u00e4lt\u00e4\u00e4 kymmenen s\u00e4vy\u00e4, joissa on pehme\u00e4, hienosti muotoiltu koostumus ja sekoitus &#8221;mattoa&#8221; ja &quot;hohtoa&quot; viimeistely. Jumbo-koko p&aring; varjot! S&aring; sinun ei tarvitse huolehtia lempiv\u00e4risi loppumisesta! Sis\u00e4lt\u00e4\u00e4 suuren peilin, joka [&hellip;]<\/p>\n","protected":false},"featured_media":147616,"comment_status":"open","ping_status":"closed","template":"","meta":{"_trash_the_other_posts":false},"product_brand":[],"product_cat":[581],"product_tag":[2521],"berocket_brand":[1059],"class_list":{"0":"post-147617","1":"product","2":"type-product","3":"status-publish","4":"has-post-thumbnail","6":"product_cat-luomivari","7":"product_tag-beauty-uk-posh-palette-large-eye-palette","8":"pa_brand-beautyuk","9":"pa_variantti-no-3-festival","10":"berocket_brand-beautyuk","12":"first","13":"instock","14":"sale","15":"taxable","16":"shipping-taxable","17":"purchasable","18":"product-type-simple"},"_links":{"self":[{"href":"https:\/\/stylingagenten.com\/fi\/wp-json\/wp\/v2\/product\/147617","targetHints":{"allow":["GET"]}}],"collection":[{"href":"https:\/\/stylingagenten.com\/fi\/wp-json\/wp\/v2\/product"}],"about":[{"href":"https:\/\/stylingagenten.com\/fi\/wp-json\/wp\/v2\/types\/product"}],"replies":[{"embeddable":true,"href":"https:\/\/stylingagenten.com\/fi\/wp-json\/wp\/v2\/comments?post=147617"}],"version-history":[{"count":0,"href":"https:\/\/stylingagenten.com\/fi\/wp-json\/wp\/v2\/product\/147617\/revisions"}],"wp:featuredmedia":[{"embeddable":true,"href":"https:\/\/stylingagenten.com\/fi\/wp-json\/wp\/v2\/media\/147616"}],"wp:attachment":[{"href":"https:\/\/stylingagenten.com\/fi\/wp-json\/wp\/v2\/media?parent=147617"}],"wp:term":[{"taxonomy":"product_brand","embeddable":true,"href":"https:\/\/stylingagenten.com\/fi\/wp-json\/wp\/v2\/product_brand?post=147617"},{"taxonomy":"product_cat","embeddable":true,"href":"https:\/\/stylingagenten.com\/fi\/wp-json\/wp\/v2\/product_cat?post=147617"},{"taxonomy":"product_tag","embeddable":true,"href":"https:\/\/stylingagenten.com\/fi\/wp-json\/wp\/v2\/product_tag?post=147617"},{"taxonomy":"berocket_brand","embeddable":true,"href":"https:\/\/stylingagenten.com\/fi\/wp-json\/wp\/v2\/berocket_brand?post=147617"}],"curies":[{"name":"wp","href":"https:\/\/api.w.org\/{rel}","templated":true}]}}