{"id":147580,"date":"2025-05-18T23:41:54","date_gmt":"2025-05-18T23:41:54","guid":{"rendered":"https:\/\/staging2.stylingagenten.com\/fi\/produkt\/beauty-uk-eyeshadow-palette-no-6-after-dark\/"},"modified":"2026-03-29T12:28:32","modified_gmt":"2026-03-29T12:28:32","slug":"beauty-uk-eyeshadow-palette-no-6-after-dark","status":"publish","type":"product","link":"https:\/\/stylingagenten.com\/fi\/tuote\/beauty-uk-eyeshadow-palette-no-6-after-dark\/","title":{"rendered":"Beauty UK Eyeshadow Palette no.6 &#8211; After Dark"},"content":{"rendered":"<p>T\u00e4ss\u00e4 luomiv\u00e4rikokoelmassa on upea valikoima huolellisesti valittuja paletteja, joiden avulla voit luoda haluamasi virheett\u00f6m\u00e4n lookin.<br data-reactid=\"93\"><br data-reactid=\"94\">Jokainen paletti sis\u00e4lt\u00e4\u00e4 kymmenen kauniin yhdistelm\u00e4n s\u00e4vyt ja ainutlaatuinen kermainen koostumus tarjoavat t\u00e4ytel\u00e4isen v\u00e4rin ja intensiivisen kest\u00e4v\u00e4n voiman.<\/p>\n","protected":false},"excerpt":{"rendered":"<p>T\u00e4ss\u00e4 luomiv\u00e4rikokoelmassa on upea valikoima huolellisesti valittuja paletteja, joiden avulla voit luoda haluamasi virheett\u00f6m\u00e4n lookin.Jokainen paletti sis\u00e4lt\u00e4\u00e4 kymmenen kauniin yhdistelm\u00e4n s\u00e4vyt ja ainutlaatuinen kermainen koostumus tarjoavat t\u00e4ytel\u00e4isen v\u00e4rin ja intensiivisen kest\u00e4v\u00e4n voiman.<\/p>\n","protected":false},"featured_media":147578,"comment_status":"open","ping_status":"closed","template":"","meta":{"_trash_the_other_posts":false},"product_brand":[],"product_cat":[581],"product_tag":[2495],"berocket_brand":[1059],"class_list":{"0":"post-147580","1":"product","2":"type-product","3":"status-publish","4":"has-post-thumbnail","6":"product_cat-luomivari","7":"product_tag-beauty-uk-eyeshadow-palette","8":"pa_brand-beautyuk","9":"pa_variantti-no-6-after-dark","10":"berocket_brand-beautyuk","12":"first","13":"outofstock","14":"sale","15":"taxable","16":"shipping-taxable","17":"purchasable","18":"product-type-simple"},"_links":{"self":[{"href":"https:\/\/stylingagenten.com\/fi\/wp-json\/wp\/v2\/product\/147580","targetHints":{"allow":["GET"]}}],"collection":[{"href":"https:\/\/stylingagenten.com\/fi\/wp-json\/wp\/v2\/product"}],"about":[{"href":"https:\/\/stylingagenten.com\/fi\/wp-json\/wp\/v2\/types\/product"}],"replies":[{"embeddable":true,"href":"https:\/\/stylingagenten.com\/fi\/wp-json\/wp\/v2\/comments?post=147580"}],"version-history":[{"count":0,"href":"https:\/\/stylingagenten.com\/fi\/wp-json\/wp\/v2\/product\/147580\/revisions"}],"wp:featuredmedia":[{"embeddable":true,"href":"https:\/\/stylingagenten.com\/fi\/wp-json\/wp\/v2\/media\/147578"}],"wp:attachment":[{"href":"https:\/\/stylingagenten.com\/fi\/wp-json\/wp\/v2\/media?parent=147580"}],"wp:term":[{"taxonomy":"product_brand","embeddable":true,"href":"https:\/\/stylingagenten.com\/fi\/wp-json\/wp\/v2\/product_brand?post=147580"},{"taxonomy":"product_cat","embeddable":true,"href":"https:\/\/stylingagenten.com\/fi\/wp-json\/wp\/v2\/product_cat?post=147580"},{"taxonomy":"product_tag","embeddable":true,"href":"https:\/\/stylingagenten.com\/fi\/wp-json\/wp\/v2\/product_tag?post=147580"},{"taxonomy":"berocket_brand","embeddable":true,"href":"https:\/\/stylingagenten.com\/fi\/wp-json\/wp\/v2\/berocket_brand?post=147580"}],"curies":[{"name":"wp","href":"https:\/\/api.w.org\/{rel}","templated":true}]}}