{"id":147573,"date":"2025-05-18T23:41:52","date_gmt":"2025-05-18T23:41:52","guid":{"rendered":"https:\/\/staging2.stylingagenten.com\/fi\/produkt\/bellapierre-shimmer-powder-029-refined-2-35g\/"},"modified":"2025-11-19T11:14:34","modified_gmt":"2025-11-19T11:14:34","slug":"bellapierre-shimmer-powder-029-refined-2-35g","status":"publish","type":"product","link":"https:\/\/stylingagenten.com\/fi\/tuote\/bellapierre-shimmer-powder-029-refined-2-35g\/","title":{"rendered":"Bellapierre Shimmer Powder &#8211; 029 Refined 2.35g"},"content":{"rendered":"<p>Bellapierre Cosmeticsin Shimmer Powder Eyeshadow -luomiv\u00e4rill\u00e4 on innovatiivinen koostumus, joka koostuu mineraaleista ja joka on suunniteltu antamaan sinulle kauniin lopputuloksen, joka kest\u00e4\u00e4 pitk\u00e4\u00e4n. T\u00e4m\u00e4 luomiv\u00e4ri sis\u00e4lt\u00e4\u00e4 kiille\u00e4, kimaltelevaa mineraalia, joka luo vastustamattoman hohtavan.<\/p>\n","protected":false},"excerpt":{"rendered":"<p>Bellapierre Cosmeticsin Shimmer Powder Eyeshadow -luomiv\u00e4rill\u00e4 on innovatiivinen koostumus, joka koostuu mineraaleista ja joka on suunniteltu antamaan sinulle kauniin lopputuloksen, joka kest\u00e4\u00e4 pitk\u00e4\u00e4n. T\u00e4m\u00e4 luomiv\u00e4ri sis\u00e4lt\u00e4\u00e4 kiille\u00e4, kimaltelevaa mineraalia, joka luo vastustamattoman hohtavan.<\/p>\n","protected":false},"featured_media":147571,"comment_status":"open","ping_status":"closed","template":"","meta":{"_trash_the_other_posts":false},"product_brand":[],"product_cat":[581],"product_tag":[2536],"berocket_brand":[1113],"class_list":{"0":"post-147573","1":"product","2":"type-product","3":"status-publish","4":"has-post-thumbnail","6":"product_cat-luomivari","7":"product_tag-bellapierre-shimmer-powder-2-35g","8":"pa_brand-bellapierre","9":"pa_variantti-029-refined","10":"berocket_brand-bellapierre","12":"first","13":"instock","14":"sale","15":"taxable","16":"shipping-taxable","17":"purchasable","18":"product-type-simple"},"_links":{"self":[{"href":"https:\/\/stylingagenten.com\/fi\/wp-json\/wp\/v2\/product\/147573","targetHints":{"allow":["GET"]}}],"collection":[{"href":"https:\/\/stylingagenten.com\/fi\/wp-json\/wp\/v2\/product"}],"about":[{"href":"https:\/\/stylingagenten.com\/fi\/wp-json\/wp\/v2\/types\/product"}],"replies":[{"embeddable":true,"href":"https:\/\/stylingagenten.com\/fi\/wp-json\/wp\/v2\/comments?post=147573"}],"version-history":[{"count":0,"href":"https:\/\/stylingagenten.com\/fi\/wp-json\/wp\/v2\/product\/147573\/revisions"}],"wp:featuredmedia":[{"embeddable":true,"href":"https:\/\/stylingagenten.com\/fi\/wp-json\/wp\/v2\/media\/147571"}],"wp:attachment":[{"href":"https:\/\/stylingagenten.com\/fi\/wp-json\/wp\/v2\/media?parent=147573"}],"wp:term":[{"taxonomy":"product_brand","embeddable":true,"href":"https:\/\/stylingagenten.com\/fi\/wp-json\/wp\/v2\/product_brand?post=147573"},{"taxonomy":"product_cat","embeddable":true,"href":"https:\/\/stylingagenten.com\/fi\/wp-json\/wp\/v2\/product_cat?post=147573"},{"taxonomy":"product_tag","embeddable":true,"href":"https:\/\/stylingagenten.com\/fi\/wp-json\/wp\/v2\/product_tag?post=147573"},{"taxonomy":"berocket_brand","embeddable":true,"href":"https:\/\/stylingagenten.com\/fi\/wp-json\/wp\/v2\/berocket_brand?post=147573"}],"curies":[{"name":"wp","href":"https:\/\/api.w.org\/{rel}","templated":true}]}}