{"id":147533,"date":"2025-05-18T23:41:41","date_gmt":"2025-05-18T23:41:41","guid":{"rendered":"https:\/\/staging2.stylingagenten.com\/fi\/produkt\/makeup-revolution-i-heart-chocolate-mint-chocolate\/"},"modified":"2026-01-18T09:56:52","modified_gmt":"2026-01-18T09:56:52","slug":"makeup-revolution-i-heart-chocolate-mint-chocolate","status":"publish","type":"product","link":"https:\/\/stylingagenten.com\/fi\/tuote\/makeup-revolution-i-heart-chocolate-mint-chocolate\/","title":{"rendered":"Makeup Revolution I Heart Chocolate &#8211; Mint Chocolate"},"content":{"rendered":"<p>T\u00e4m\u00e4 paletti sopii t\u00e4ydellisesti syksyn tyyliin popv\u00e4reist\u00e4 neutraaleihin ja l\u00e4mpimiin v\u00e4reihin! T\u00e4m\u00e4 paletti on pakollinen, sill\u00e4 siin\u00e4 on 16 erilaista &ouml;gon varjoa, &nbsp;sekoitus mattaista ja hohtavaa.&nbsp;<\/p>\n<p>Aloittaaksesi ker\u00e4ilyn; I Heart Chocolate -kokoelma on pakollinen kaikille, jotka rakastavat suklaata, meikki\u00e4 ja kauniita v\u00e4rej\u00e4.<\/p>\n<p>T\u00e4m\u00e4 versio on Mint Chocolatesta.<\/p>\n<p> p&gt;&bull;Vegaan<br \/>&bull; Cruelty Free<br \/>&bull;gluteeniton<\/p>\n","protected":false},"excerpt":{"rendered":"<p>T\u00e4m\u00e4 paletti sopii t\u00e4ydellisesti syksyn tyyliin popv\u00e4reist\u00e4 neutraaleihin ja l\u00e4mpimiin v\u00e4reihin! T\u00e4m\u00e4 paletti on pakollinen, sill\u00e4 siin\u00e4 on 16 erilaista &ouml;gon varjoa, &nbsp;sekoitus mattaista ja hohtavaa.&nbsp; Aloittaaksesi ker\u00e4ilyn; I Heart Chocolate -kokoelma on pakollinen kaikille, jotka rakastavat suklaata, meikki\u00e4 ja kauniita v\u00e4rej\u00e4. T\u00e4m\u00e4 versio on Mint Chocolatesta. p&gt;&bull;Vegaan&bull; Cruelty Free&bull;gluteeniton<\/p>\n","protected":false},"featured_media":147519,"comment_status":"open","ping_status":"closed","template":"","meta":{"_trash_the_other_posts":false},"product_brand":[],"product_cat":[581],"product_tag":[3320],"berocket_brand":[1050],"class_list":{"0":"post-147533","1":"product","2":"type-product","3":"status-publish","4":"has-post-thumbnail","6":"product_cat-luomivari","7":"product_tag-makeup-revolution-i-heart-chocolate","8":"pa_brand-makeup-revolution","9":"pa_variantti-mint-chocolate","10":"berocket_brand-makeup-revolution","12":"first","13":"instock","14":"sale","15":"taxable","16":"shipping-taxable","17":"purchasable","18":"product-type-simple"},"_links":{"self":[{"href":"https:\/\/stylingagenten.com\/fi\/wp-json\/wp\/v2\/product\/147533","targetHints":{"allow":["GET"]}}],"collection":[{"href":"https:\/\/stylingagenten.com\/fi\/wp-json\/wp\/v2\/product"}],"about":[{"href":"https:\/\/stylingagenten.com\/fi\/wp-json\/wp\/v2\/types\/product"}],"replies":[{"embeddable":true,"href":"https:\/\/stylingagenten.com\/fi\/wp-json\/wp\/v2\/comments?post=147533"}],"version-history":[{"count":0,"href":"https:\/\/stylingagenten.com\/fi\/wp-json\/wp\/v2\/product\/147533\/revisions"}],"wp:featuredmedia":[{"embeddable":true,"href":"https:\/\/stylingagenten.com\/fi\/wp-json\/wp\/v2\/media\/147519"}],"wp:attachment":[{"href":"https:\/\/stylingagenten.com\/fi\/wp-json\/wp\/v2\/media?parent=147533"}],"wp:term":[{"taxonomy":"product_brand","embeddable":true,"href":"https:\/\/stylingagenten.com\/fi\/wp-json\/wp\/v2\/product_brand?post=147533"},{"taxonomy":"product_cat","embeddable":true,"href":"https:\/\/stylingagenten.com\/fi\/wp-json\/wp\/v2\/product_cat?post=147533"},{"taxonomy":"product_tag","embeddable":true,"href":"https:\/\/stylingagenten.com\/fi\/wp-json\/wp\/v2\/product_tag?post=147533"},{"taxonomy":"berocket_brand","embeddable":true,"href":"https:\/\/stylingagenten.com\/fi\/wp-json\/wp\/v2\/berocket_brand?post=147533"}],"curies":[{"name":"wp","href":"https:\/\/api.w.org\/{rel}","templated":true}]}}