{"id":147489,"date":"2025-05-18T23:41:30","date_gmt":"2025-05-18T23:41:30","guid":{"rendered":"https:\/\/staging2.stylingagenten.com\/fi\/produkt\/wet-n-wild-color-icon-10-pan-eyeshadow-palette-comfort-zone\/"},"modified":"2026-04-11T17:59:02","modified_gmt":"2026-04-11T17:59:02","slug":"wet-n-wild-color-icon-10-pan-eyeshadow-palette-comfort-zone","status":"publish","type":"product","link":"https:\/\/stylingagenten.com\/fi\/tuote\/wet-n-wild-color-icon-10-pan-eyeshadow-palette-comfort-zone\/","title":{"rendered":"Wet n Wild Color Icon 10-Pan Eyeshadow Palette Comfort Zone"},"content":{"rendered":"<p>Wet n Wildin klassikko on saanut uuden ilmeen ja uuden koostumuksen!<br \/>Korkeapigmenttinen Color Icon Eyeshadow levitet\u00e4\u00e4n; Kansi on sile\u00e4 ja pehme\u00e4, ja jokainen paletti sis\u00e4lt\u00e4\u00e4 sekoituksen mattaisia \u200b\u200bja kimaltelevia varjoja.<\/p>\n","protected":false},"excerpt":{"rendered":"<p>Wet n Wildin klassikko on saanut uuden ilmeen ja uuden koostumuksen!Korkeapigmenttinen Color Icon Eyeshadow levitet\u00e4\u00e4n; Kansi on sile\u00e4 ja pehme\u00e4, ja jokainen paletti sis\u00e4lt\u00e4\u00e4 sekoituksen mattaisia \u200b\u200bja kimaltelevia varjoja.<\/p>\n","protected":false},"featured_media":147488,"comment_status":"open","ping_status":"closed","template":"","meta":{"_trash_the_other_posts":false},"product_brand":[],"product_cat":[581],"product_tag":[4084],"berocket_brand":[1035],"class_list":{"0":"post-147489","1":"product","2":"type-product","3":"status-publish","4":"has-post-thumbnail","6":"product_cat-luomivari","7":"product_tag-wet-n-wild-color-icon-10-pan-eyeshadow-palette","8":"pa_brand-wet-n-wild","9":"pa_variantti-comfort-zone","10":"berocket_brand-wet-n-wild","12":"first","13":"outofstock","14":"sale","15":"taxable","16":"shipping-taxable","17":"purchasable","18":"product-type-simple"},"_links":{"self":[{"href":"https:\/\/stylingagenten.com\/fi\/wp-json\/wp\/v2\/product\/147489","targetHints":{"allow":["GET"]}}],"collection":[{"href":"https:\/\/stylingagenten.com\/fi\/wp-json\/wp\/v2\/product"}],"about":[{"href":"https:\/\/stylingagenten.com\/fi\/wp-json\/wp\/v2\/types\/product"}],"replies":[{"embeddable":true,"href":"https:\/\/stylingagenten.com\/fi\/wp-json\/wp\/v2\/comments?post=147489"}],"version-history":[{"count":0,"href":"https:\/\/stylingagenten.com\/fi\/wp-json\/wp\/v2\/product\/147489\/revisions"}],"wp:featuredmedia":[{"embeddable":true,"href":"https:\/\/stylingagenten.com\/fi\/wp-json\/wp\/v2\/media\/147488"}],"wp:attachment":[{"href":"https:\/\/stylingagenten.com\/fi\/wp-json\/wp\/v2\/media?parent=147489"}],"wp:term":[{"taxonomy":"product_brand","embeddable":true,"href":"https:\/\/stylingagenten.com\/fi\/wp-json\/wp\/v2\/product_brand?post=147489"},{"taxonomy":"product_cat","embeddable":true,"href":"https:\/\/stylingagenten.com\/fi\/wp-json\/wp\/v2\/product_cat?post=147489"},{"taxonomy":"product_tag","embeddable":true,"href":"https:\/\/stylingagenten.com\/fi\/wp-json\/wp\/v2\/product_tag?post=147489"},{"taxonomy":"berocket_brand","embeddable":true,"href":"https:\/\/stylingagenten.com\/fi\/wp-json\/wp\/v2\/berocket_brand?post=147489"}],"curies":[{"name":"wp","href":"https:\/\/api.w.org\/{rel}","templated":true}]}}