{"id":147479,"date":"2025-05-18T23:41:28","date_gmt":"2025-05-18T23:41:28","guid":{"rendered":"https:\/\/staging2.stylingagenten.com\/fi\/produkt\/makeup-revolution-re-loaded-palette-basic-mattes\/"},"modified":"2026-03-23T10:17:56","modified_gmt":"2026-03-23T10:17:56","slug":"makeup-revolution-re-loaded-palette-basic-mattes","status":"publish","type":"product","link":"https:\/\/stylingagenten.com\/fi\/tuote\/makeup-revolution-re-loaded-palette-basic-mattes\/","title":{"rendered":"Makeup Revolution Re-Loaded Palette &#8211; Basic Mattes"},"content":{"rendered":"<p>Makeup Revolutionin Re-Loaded-mallisto on saatavilla l\u00e4mpimin\u00e4 ruskeina s\u00e4vyin\u00e4 maalaismaisen punaisen ja poltetun appelsiinin yst\u00e4ville, useissa matta- ja hohtavan s\u00e4vyiss\u00e4. Eritt\u00e4in pigmentoidut, pitk\u00e4kestoiset, joustavat ja sekoittuvat s\u00e4vyt, jotka pit\u00e4v\u00e4t sinut trendikk\u00e4\u00e4n\u00e4 ymp\u00e4ri vuoden.<\/p>\n<p><\/p>\n<p><\/p>\n","protected":false},"excerpt":{"rendered":"<p>Makeup Revolutionin Re-Loaded-mallisto on saatavilla l\u00e4mpimin\u00e4 ruskeina s\u00e4vyin\u00e4 maalaismaisen punaisen ja poltetun appelsiinin yst\u00e4ville, useissa matta- ja hohtavan s\u00e4vyiss\u00e4. Eritt\u00e4in pigmentoidut, pitk\u00e4kestoiset, joustavat ja sekoittuvat s\u00e4vyt, jotka pit\u00e4v\u00e4t sinut trendikk\u00e4\u00e4n\u00e4 ymp\u00e4ri vuoden.<\/p>\n","protected":false},"featured_media":147472,"comment_status":"open","ping_status":"closed","template":"","meta":{"_trash_the_other_posts":false},"product_brand":[],"product_cat":[581],"product_tag":[3348],"berocket_brand":[1050],"class_list":{"0":"post-147479","1":"product","2":"type-product","3":"status-publish","4":"has-post-thumbnail","6":"product_cat-luomivari","7":"product_tag-makeup-revolution-re-loaded-palette","8":"pa_brand-makeup-revolution","9":"pa_variantti-basic-mattes","10":"berocket_brand-makeup-revolution","12":"first","13":"instock","14":"sale","15":"taxable","16":"shipping-taxable","17":"purchasable","18":"product-type-simple"},"_links":{"self":[{"href":"https:\/\/stylingagenten.com\/fi\/wp-json\/wp\/v2\/product\/147479","targetHints":{"allow":["GET"]}}],"collection":[{"href":"https:\/\/stylingagenten.com\/fi\/wp-json\/wp\/v2\/product"}],"about":[{"href":"https:\/\/stylingagenten.com\/fi\/wp-json\/wp\/v2\/types\/product"}],"replies":[{"embeddable":true,"href":"https:\/\/stylingagenten.com\/fi\/wp-json\/wp\/v2\/comments?post=147479"}],"version-history":[{"count":0,"href":"https:\/\/stylingagenten.com\/fi\/wp-json\/wp\/v2\/product\/147479\/revisions"}],"wp:featuredmedia":[{"embeddable":true,"href":"https:\/\/stylingagenten.com\/fi\/wp-json\/wp\/v2\/media\/147472"}],"wp:attachment":[{"href":"https:\/\/stylingagenten.com\/fi\/wp-json\/wp\/v2\/media?parent=147479"}],"wp:term":[{"taxonomy":"product_brand","embeddable":true,"href":"https:\/\/stylingagenten.com\/fi\/wp-json\/wp\/v2\/product_brand?post=147479"},{"taxonomy":"product_cat","embeddable":true,"href":"https:\/\/stylingagenten.com\/fi\/wp-json\/wp\/v2\/product_cat?post=147479"},{"taxonomy":"product_tag","embeddable":true,"href":"https:\/\/stylingagenten.com\/fi\/wp-json\/wp\/v2\/product_tag?post=147479"},{"taxonomy":"berocket_brand","embeddable":true,"href":"https:\/\/stylingagenten.com\/fi\/wp-json\/wp\/v2\/berocket_brand?post=147479"}],"curies":[{"name":"wp","href":"https:\/\/api.w.org\/{rel}","templated":true}]}}