{"id":147299,"date":"2025-05-18T23:40:41","date_gmt":"2025-05-18T23:40:41","guid":{"rendered":"https:\/\/staging2.stylingagenten.com\/fi\/produkt\/kokie-artist-eyeshadow-palette-utopia\/"},"modified":"2025-11-19T11:26:51","modified_gmt":"2025-11-19T11:26:51","slug":"kokie-artist-eyeshadow-palette-utopia","status":"publish","type":"product","link":"https:\/\/stylingagenten.com\/fi\/tuote\/kokie-artist-eyeshadow-palette-utopia\/","title":{"rendered":"Kokie Artist Eyeshadow Palette &#8211; Utopia"},"content":{"rendered":"<p>Kokie Cosmetics esittelee Artistry Eye Palette -paletin, joka on huolellisesti muotoiltu tarjoamaan parasta laatua, korkeaa pigmentti\u00e4 ja \u00e4\u00e4rimm\u00e4ist\u00e4 sekoittuvuutta. <br \/>12 kermaisen kaunista s\u00e4vy\u00e4 jokaisessa paletissa, mukana peilikotelossa. &nbsp; <\/p>\n<p>Utopia-paletti tarjoaa ainutlaatuisen valikoiman sek\u00e4 kimaltelevia ett\u00e4 mattaisia \u200b\u200bpehmeit\u00e4 s\u00e4vyj\u00e4 pastellis\u00e4vyist\u00e4 syviin, t\u00e4ytel\u00e4isiin s\u00e4vyihin.<\/p>\n","protected":false},"excerpt":{"rendered":"<p>Kokie Cosmetics esittelee Artistry Eye Palette -paletin, joka on huolellisesti muotoiltu tarjoamaan parasta laatua, korkeaa pigmentti\u00e4 ja \u00e4\u00e4rimm\u00e4ist\u00e4 sekoittuvuutta. 12 kermaisen kaunista s\u00e4vy\u00e4 jokaisessa paletissa, mukana peilikotelossa. &nbsp; Utopia-paletti tarjoaa ainutlaatuisen valikoiman sek\u00e4 kimaltelevia ett\u00e4 mattaisia \u200b\u200bpehmeit\u00e4 s\u00e4vyj\u00e4 pastellis\u00e4vyist\u00e4 syviin, t\u00e4ytel\u00e4isiin s\u00e4vyihin.<\/p>\n","protected":false},"featured_media":147292,"comment_status":"open","ping_status":"closed","template":"","meta":{"_trash_the_other_posts":false},"product_brand":[],"product_cat":[581,1005],"product_tag":[3131],"berocket_brand":[1198],"class_list":{"0":"post-147299","1":"product","2":"type-product","3":"status-publish","4":"has-post-thumbnail","6":"product_cat-luomivari","7":"product_cat-outlet","8":"product_tag-kokie-artist-eyeshadow-palette","9":"pa_brand-kokie-cosmetics","10":"pa_variantti-utopia","11":"berocket_brand-kokie-cosmetics","13":"first","14":"instock","15":"sale","16":"taxable","17":"shipping-taxable","18":"purchasable","19":"product-type-simple"},"_links":{"self":[{"href":"https:\/\/stylingagenten.com\/fi\/wp-json\/wp\/v2\/product\/147299","targetHints":{"allow":["GET"]}}],"collection":[{"href":"https:\/\/stylingagenten.com\/fi\/wp-json\/wp\/v2\/product"}],"about":[{"href":"https:\/\/stylingagenten.com\/fi\/wp-json\/wp\/v2\/types\/product"}],"replies":[{"embeddable":true,"href":"https:\/\/stylingagenten.com\/fi\/wp-json\/wp\/v2\/comments?post=147299"}],"version-history":[{"count":0,"href":"https:\/\/stylingagenten.com\/fi\/wp-json\/wp\/v2\/product\/147299\/revisions"}],"wp:featuredmedia":[{"embeddable":true,"href":"https:\/\/stylingagenten.com\/fi\/wp-json\/wp\/v2\/media\/147292"}],"wp:attachment":[{"href":"https:\/\/stylingagenten.com\/fi\/wp-json\/wp\/v2\/media?parent=147299"}],"wp:term":[{"taxonomy":"product_brand","embeddable":true,"href":"https:\/\/stylingagenten.com\/fi\/wp-json\/wp\/v2\/product_brand?post=147299"},{"taxonomy":"product_cat","embeddable":true,"href":"https:\/\/stylingagenten.com\/fi\/wp-json\/wp\/v2\/product_cat?post=147299"},{"taxonomy":"product_tag","embeddable":true,"href":"https:\/\/stylingagenten.com\/fi\/wp-json\/wp\/v2\/product_tag?post=147299"},{"taxonomy":"berocket_brand","embeddable":true,"href":"https:\/\/stylingagenten.com\/fi\/wp-json\/wp\/v2\/berocket_brand?post=147299"}],"curies":[{"name":"wp","href":"https:\/\/api.w.org\/{rel}","templated":true}]}}