{"id":147285,"date":"2025-05-18T23:40:37","date_gmt":"2025-05-18T23:40:37","guid":{"rendered":"https:\/\/staging2.stylingagenten.com\/fi\/produkt\/kokie-artist-eyeshadow-palette-treasured\/"},"modified":"2025-11-19T11:26:51","modified_gmt":"2025-11-19T11:26:51","slug":"kokie-artist-eyeshadow-palette-treasured","status":"publish","type":"product","link":"https:\/\/stylingagenten.com\/fi\/tuote\/kokie-artist-eyeshadow-palette-treasured\/","title":{"rendered":"Kokie Artist Eyeshadow Palette &#8211; Treasured"},"content":{"rendered":"<p>Kokie Cosmetics esittelee Artistry Eye Palette -paletin, joka on huolellisesti muotoiltu tarjoamaan parasta laatua, korkeaa pigmentti\u00e4 ja \u00e4\u00e4rimm\u00e4ist\u00e4 sekoittuvuutta.<br \/>12 kermaisen kaunista s\u00e4vy\u00e4 jokaisessa paletissa, toimitetaan peilikotelossa. &nbsp;<\/p>\n<p>Treasured-paletti koostuu hohtavan t\u00e4ytteist\u00e4 ainutlaatuisista s\u00e4vyist\u00e4 syvin ja v\u00e4rikk\u00e4in s\u00e4vyin. Anna luovuuden virrata t\u00e4m\u00e4n paletin avulla.<\/p>\n","protected":false},"excerpt":{"rendered":"<p>Kokie Cosmetics esittelee Artistry Eye Palette -paletin, joka on huolellisesti muotoiltu tarjoamaan parasta laatua, korkeaa pigmentti\u00e4 ja \u00e4\u00e4rimm\u00e4ist\u00e4 sekoittuvuutta.12 kermaisen kaunista s\u00e4vy\u00e4 jokaisessa paletissa, toimitetaan peilikotelossa. &nbsp; Treasured-paletti koostuu hohtavan t\u00e4ytteist\u00e4 ainutlaatuisista s\u00e4vyist\u00e4 syvin ja v\u00e4rikk\u00e4in s\u00e4vyin. Anna luovuuden virrata t\u00e4m\u00e4n paletin avulla.<\/p>\n","protected":false},"featured_media":147274,"comment_status":"open","ping_status":"closed","template":"","meta":{"_trash_the_other_posts":false},"product_brand":[],"product_cat":[581],"product_tag":[3131],"berocket_brand":[1198],"class_list":{"0":"post-147285","1":"product","2":"type-product","3":"status-publish","4":"has-post-thumbnail","6":"product_cat-luomivari","7":"product_tag-kokie-artist-eyeshadow-palette","8":"pa_brand-kokie-cosmetics","9":"pa_variantti-treasured","10":"berocket_brand-kokie-cosmetics","12":"first","13":"instock","14":"sale","15":"taxable","16":"shipping-taxable","17":"purchasable","18":"product-type-simple"},"_links":{"self":[{"href":"https:\/\/stylingagenten.com\/fi\/wp-json\/wp\/v2\/product\/147285","targetHints":{"allow":["GET"]}}],"collection":[{"href":"https:\/\/stylingagenten.com\/fi\/wp-json\/wp\/v2\/product"}],"about":[{"href":"https:\/\/stylingagenten.com\/fi\/wp-json\/wp\/v2\/types\/product"}],"replies":[{"embeddable":true,"href":"https:\/\/stylingagenten.com\/fi\/wp-json\/wp\/v2\/comments?post=147285"}],"version-history":[{"count":0,"href":"https:\/\/stylingagenten.com\/fi\/wp-json\/wp\/v2\/product\/147285\/revisions"}],"wp:featuredmedia":[{"embeddable":true,"href":"https:\/\/stylingagenten.com\/fi\/wp-json\/wp\/v2\/media\/147274"}],"wp:attachment":[{"href":"https:\/\/stylingagenten.com\/fi\/wp-json\/wp\/v2\/media?parent=147285"}],"wp:term":[{"taxonomy":"product_brand","embeddable":true,"href":"https:\/\/stylingagenten.com\/fi\/wp-json\/wp\/v2\/product_brand?post=147285"},{"taxonomy":"product_cat","embeddable":true,"href":"https:\/\/stylingagenten.com\/fi\/wp-json\/wp\/v2\/product_cat?post=147285"},{"taxonomy":"product_tag","embeddable":true,"href":"https:\/\/stylingagenten.com\/fi\/wp-json\/wp\/v2\/product_tag?post=147285"},{"taxonomy":"berocket_brand","embeddable":true,"href":"https:\/\/stylingagenten.com\/fi\/wp-json\/wp\/v2\/berocket_brand?post=147285"}],"curies":[{"name":"wp","href":"https:\/\/api.w.org\/{rel}","templated":true}]}}