{"id":147230,"date":"2025-05-18T23:40:21","date_gmt":"2025-05-18T23:40:21","guid":{"rendered":"https:\/\/staging2.stylingagenten.com\/fi\/produkt\/kokie-pro-collection-eyeshadow-palette-black\/"},"modified":"2026-01-09T20:26:28","modified_gmt":"2026-01-09T20:26:28","slug":"kokie-pro-collection-eyeshadow-palette-black","status":"publish","type":"product","link":"https:\/\/stylingagenten.com\/fi\/tuote\/kokie-pro-collection-eyeshadow-palette-black\/","title":{"rendered":"Kokie Pro Collection Eyeshadow Palette Black"},"content":{"rendered":"<p>Kokie Pro Collection Eyeshadow Palette Black on luomiv\u00e4ripaletti, jossa on sekoitus kylmi\u00e4 ja l\u00e4mpimi\u00e4, kimaltelevia ja mattaisia \u200b\u200bs\u00e4vyj\u00e4.<br \/>Kokie Pro Collectionilla on monia mahdollisuuksia luoda sek\u00e4 pehmeit\u00e4 ett\u00e4 pirullisia; rva &ouml;gonlookeja! Paletissa on 24 pitk\u00e4kestoista, eritt\u00e4in pigmentoitua, sekoitettavaa v\u00e4ri\u00e4.<\/p>\n","protected":false},"excerpt":{"rendered":"<p>Kokie Pro Collection Eyeshadow Palette Black on luomiv\u00e4ripaletti, jossa on sekoitus kylmi\u00e4 ja l\u00e4mpimi\u00e4, kimaltelevia ja mattaisia \u200b\u200bs\u00e4vyj\u00e4.Kokie Pro Collectionilla on monia mahdollisuuksia luoda sek\u00e4 pehmeit\u00e4 ett\u00e4 pirullisia; rva &ouml;gonlookeja! Paletissa on 24 pitk\u00e4kestoista, eritt\u00e4in pigmentoitua, sekoitettavaa v\u00e4ri\u00e4.<\/p>\n","protected":false},"featured_media":147225,"comment_status":"open","ping_status":"closed","template":"","meta":{"_trash_the_other_posts":false},"product_brand":[],"product_cat":[581],"product_tag":[3162],"berocket_brand":[1198],"class_list":{"0":"post-147230","1":"product","2":"type-product","3":"status-publish","4":"has-post-thumbnail","6":"product_cat-luomivari","7":"product_tag-kokie-pro-collection-eyeshadow-palette","8":"pa_brand-kokie-cosmetics","9":"pa_variantti-black","10":"berocket_brand-kokie-cosmetics","12":"first","13":"instock","14":"sale","15":"taxable","16":"shipping-taxable","17":"purchasable","18":"product-type-simple"},"_links":{"self":[{"href":"https:\/\/stylingagenten.com\/fi\/wp-json\/wp\/v2\/product\/147230","targetHints":{"allow":["GET"]}}],"collection":[{"href":"https:\/\/stylingagenten.com\/fi\/wp-json\/wp\/v2\/product"}],"about":[{"href":"https:\/\/stylingagenten.com\/fi\/wp-json\/wp\/v2\/types\/product"}],"replies":[{"embeddable":true,"href":"https:\/\/stylingagenten.com\/fi\/wp-json\/wp\/v2\/comments?post=147230"}],"version-history":[{"count":0,"href":"https:\/\/stylingagenten.com\/fi\/wp-json\/wp\/v2\/product\/147230\/revisions"}],"wp:featuredmedia":[{"embeddable":true,"href":"https:\/\/stylingagenten.com\/fi\/wp-json\/wp\/v2\/media\/147225"}],"wp:attachment":[{"href":"https:\/\/stylingagenten.com\/fi\/wp-json\/wp\/v2\/media?parent=147230"}],"wp:term":[{"taxonomy":"product_brand","embeddable":true,"href":"https:\/\/stylingagenten.com\/fi\/wp-json\/wp\/v2\/product_brand?post=147230"},{"taxonomy":"product_cat","embeddable":true,"href":"https:\/\/stylingagenten.com\/fi\/wp-json\/wp\/v2\/product_cat?post=147230"},{"taxonomy":"product_tag","embeddable":true,"href":"https:\/\/stylingagenten.com\/fi\/wp-json\/wp\/v2\/product_tag?post=147230"},{"taxonomy":"berocket_brand","embeddable":true,"href":"https:\/\/stylingagenten.com\/fi\/wp-json\/wp\/v2\/berocket_brand?post=147230"}],"curies":[{"name":"wp","href":"https:\/\/api.w.org\/{rel}","templated":true}]}}