{"id":147204,"date":"2025-05-18T23:40:12","date_gmt":"2025-05-18T23:40:12","guid":{"rendered":"https:\/\/staging2.stylingagenten.com\/fi\/produkt\/makeup-revolution-crushed-pearl-pigments-sass-queen\/"},"modified":"2025-11-19T11:29:23","modified_gmt":"2025-11-19T11:29:23","slug":"makeup-revolution-crushed-pearl-pigments-sass-queen","status":"publish","type":"product","link":"https:\/\/stylingagenten.com\/fi\/tuote\/makeup-revolution-crushed-pearl-pigments-sass-queen\/","title":{"rendered":"Makeup Revolution Crushed Pearl Pigments &#8211; Sass Queen"},"content":{"rendered":"<p>Luo taianomaisia \u200b\u200bhohtavan meikin ilmeit\u00e4 Revolution Crushed Pearl Pigmentsill\u00e4.<br \/> N\u00e4m\u00e4 hienoksi jauhetut silm\u00e4pigmentit voidaan sekoittaa muiden tuotteiden kanssa tai k\u00e4ytt\u00e4\u00e4 yksin\u00e4\u00e4n; Silm\u00e4luomet, kasvot ja vartalo. <br \/>K\u00e4yt\u00e4 Revolution Glitter Gluen kanssa pitk\u00e4n k\u00e4ytt\u00f6i\u00e4n varmistamiseksi. &nbsp; &nbsp;<\/p><\/p>\n","protected":false},"excerpt":{"rendered":"<p>Luo taianomaisia \u200b\u200bhohtavan meikin ilmeit\u00e4 Revolution Crushed Pearl Pigmentsill\u00e4. N\u00e4m\u00e4 hienoksi jauhetut silm\u00e4pigmentit voidaan sekoittaa muiden tuotteiden kanssa tai k\u00e4ytt\u00e4\u00e4 yksin\u00e4\u00e4n; Silm\u00e4luomet, kasvot ja vartalo. K\u00e4yt\u00e4 Revolution Glitter Gluen kanssa pitk\u00e4n k\u00e4ytt\u00f6i\u00e4n varmistamiseksi. &nbsp; &nbsp;<\/p>\n","protected":false},"featured_media":147197,"comment_status":"open","ping_status":"closed","template":"","meta":{"_trash_the_other_posts":false},"product_brand":[],"product_cat":[581],"product_tag":[3303],"berocket_brand":[1050],"class_list":{"0":"post-147204","1":"product","2":"type-product","3":"status-publish","4":"has-post-thumbnail","6":"product_cat-luomivari","7":"product_tag-makeup-revolution-crushed-pearl-pigments","8":"pa_brand-makeup-revolution","9":"pa_variantti-sass-queen","10":"berocket_brand-makeup-revolution","12":"first","13":"instock","14":"sale","15":"taxable","16":"shipping-taxable","17":"purchasable","18":"product-type-simple"},"_links":{"self":[{"href":"https:\/\/stylingagenten.com\/fi\/wp-json\/wp\/v2\/product\/147204","targetHints":{"allow":["GET"]}}],"collection":[{"href":"https:\/\/stylingagenten.com\/fi\/wp-json\/wp\/v2\/product"}],"about":[{"href":"https:\/\/stylingagenten.com\/fi\/wp-json\/wp\/v2\/types\/product"}],"replies":[{"embeddable":true,"href":"https:\/\/stylingagenten.com\/fi\/wp-json\/wp\/v2\/comments?post=147204"}],"version-history":[{"count":0,"href":"https:\/\/stylingagenten.com\/fi\/wp-json\/wp\/v2\/product\/147204\/revisions"}],"wp:featuredmedia":[{"embeddable":true,"href":"https:\/\/stylingagenten.com\/fi\/wp-json\/wp\/v2\/media\/147197"}],"wp:attachment":[{"href":"https:\/\/stylingagenten.com\/fi\/wp-json\/wp\/v2\/media?parent=147204"}],"wp:term":[{"taxonomy":"product_brand","embeddable":true,"href":"https:\/\/stylingagenten.com\/fi\/wp-json\/wp\/v2\/product_brand?post=147204"},{"taxonomy":"product_cat","embeddable":true,"href":"https:\/\/stylingagenten.com\/fi\/wp-json\/wp\/v2\/product_cat?post=147204"},{"taxonomy":"product_tag","embeddable":true,"href":"https:\/\/stylingagenten.com\/fi\/wp-json\/wp\/v2\/product_tag?post=147204"},{"taxonomy":"berocket_brand","embeddable":true,"href":"https:\/\/stylingagenten.com\/fi\/wp-json\/wp\/v2\/berocket_brand?post=147204"}],"curies":[{"name":"wp","href":"https:\/\/api.w.org\/{rel}","templated":true}]}}