{"id":147028,"date":"2025-05-18T23:39:19","date_gmt":"2025-05-18T23:39:19","guid":{"rendered":"https:\/\/staging2.stylingagenten.com\/fi\/produkt\/makeup-revolution-i-heart-revolution-palette-tasty-pizza\/"},"modified":"2025-11-19T11:41:08","modified_gmt":"2025-11-19T11:41:08","slug":"makeup-revolution-i-heart-revolution-palette-tasty-pizza","status":"publish","type":"product","link":"https:\/\/stylingagenten.com\/fi\/tuote\/makeup-revolution-i-heart-revolution-palette-tasty-pizza\/","title":{"rendered":"Makeup Revolution I Heart Revolution Palette &#8211; Tasty Pizza"},"content":{"rendered":"<p>I heart revolution tarjoaa valikoiman herkullisia luomiv\u00e4ripaletteja!<br \/>Tasty Pizza Palette on t\u00e4ynn\u00e4 18 herkullista s\u00e4vy\u00e4, mukaan lukien savunpunainen Pepperoni, kimalteleva kultainen Slice, sinapinkeltainen Hawaiian, korallinpunainen Saucy ja paljon muuta.<\/p>\n","protected":false},"excerpt":{"rendered":"<p>I heart revolution tarjoaa valikoiman herkullisia luomiv\u00e4ripaletteja!Tasty Pizza Palette on t\u00e4ynn\u00e4 18 herkullista s\u00e4vy\u00e4, mukaan lukien savunpunainen Pepperoni, kimalteleva kultainen Slice, sinapinkeltainen Hawaiian, korallinpunainen Saucy ja paljon muuta.<\/p>\n","protected":false},"featured_media":147015,"comment_status":"open","ping_status":"closed","template":"","meta":{"_trash_the_other_posts":false},"product_brand":[],"product_cat":[581,1005],"product_tag":[3327],"berocket_brand":[1050],"class_list":{"0":"post-147028","1":"product","2":"type-product","3":"status-publish","4":"has-post-thumbnail","6":"product_cat-luomivari","7":"product_cat-outlet","8":"product_tag-makeup-revolution-i-heart-revolution-palette","9":"pa_brand-makeup-revolution","10":"pa_variantti-tasty-pizza","11":"berocket_brand-makeup-revolution","13":"first","14":"instock","15":"sale","16":"taxable","17":"shipping-taxable","18":"purchasable","19":"product-type-simple"},"_links":{"self":[{"href":"https:\/\/stylingagenten.com\/fi\/wp-json\/wp\/v2\/product\/147028","targetHints":{"allow":["GET"]}}],"collection":[{"href":"https:\/\/stylingagenten.com\/fi\/wp-json\/wp\/v2\/product"}],"about":[{"href":"https:\/\/stylingagenten.com\/fi\/wp-json\/wp\/v2\/types\/product"}],"replies":[{"embeddable":true,"href":"https:\/\/stylingagenten.com\/fi\/wp-json\/wp\/v2\/comments?post=147028"}],"version-history":[{"count":0,"href":"https:\/\/stylingagenten.com\/fi\/wp-json\/wp\/v2\/product\/147028\/revisions"}],"wp:featuredmedia":[{"embeddable":true,"href":"https:\/\/stylingagenten.com\/fi\/wp-json\/wp\/v2\/media\/147015"}],"wp:attachment":[{"href":"https:\/\/stylingagenten.com\/fi\/wp-json\/wp\/v2\/media?parent=147028"}],"wp:term":[{"taxonomy":"product_brand","embeddable":true,"href":"https:\/\/stylingagenten.com\/fi\/wp-json\/wp\/v2\/product_brand?post=147028"},{"taxonomy":"product_cat","embeddable":true,"href":"https:\/\/stylingagenten.com\/fi\/wp-json\/wp\/v2\/product_cat?post=147028"},{"taxonomy":"product_tag","embeddable":true,"href":"https:\/\/stylingagenten.com\/fi\/wp-json\/wp\/v2\/product_tag?post=147028"},{"taxonomy":"berocket_brand","embeddable":true,"href":"https:\/\/stylingagenten.com\/fi\/wp-json\/wp\/v2\/berocket_brand?post=147028"}],"curies":[{"name":"wp","href":"https:\/\/api.w.org\/{rel}","templated":true}]}}